{"id":208525,"date":"2025-03-22T16:05:35","date_gmt":"2025-03-22T16:05:35","guid":{"rendered":"https:\/\/aromasentia.com\/product\/round-jute-and-recycle-denim-rug-120-cm\/"},"modified":"2025-05-31T05:07:42","modified_gmt":"2025-05-31T05:07:42","slug":"rundt-juteteppe-og-resirkulert-denim-120-cm","status":"publish","type":"product","link":"https:\/\/aromasentia.com\/no\/rundt-juteteppe-og-resirkulert-denim-120-cm\/","title":{"rendered":"Rundt Juteteppe Og Resirkulert Denim &#8211; 120 cm"},"content":{"rendered":"<p>Disse h\u00e5ndlagde teppene fra India er vakre, myke \u00e5 ta p\u00e5 og slitesterke.<\/p>\n<p>Laget av b\u00e6rekraftig jute og resirkulert bomullsarimateriale eller resirkulert denimrester.<\/p>\n<p>Komplettert med AW-Artisan h\u00e5ndmerkelapp for \u00e5 vise at dette produktet er rettferdig handlet.<\/p>\n<p>Runde tepper er s\u00e5 moteriktige n\u00e5, s\u00e5 bli med i sirkelen og bestill i dag.<\/p>\n","protected":false},"excerpt":{"rendered":"<p>Disse h\u00e5ndlagde teppene fra India er vakre, myke \u00e5 ta p\u00e5 og slitesterke. Laget av b\u00e6rekraftig jute og resirkulert bomullsarimateriale eller resirkulert denimrester. Komplettert med AW-Artisan h\u00e5ndmerkelapp for \u00e5 vise at dette produktet er rettferdig handlet. Runde tepper er s\u00e5 moteriktige n\u00e5, s\u00e5 bli med i sirkelen og bestill i dag.<\/p>\n","protected":false},"featured_media":369489,"comment_status":"closed","ping_status":"open","template":"","meta":{"_angie_page":false},"product_brand":[],"product_cat":[8394,10395,10394],"product_tag":[],"class_list":{"0":"post-208525","1":"product","2":"type-product","3":"status-publish","4":"has-post-thumbnail","6":"product_cat-hjem-og-hage","7":"product_cat-tekstiler","8":"product_cat-tepper","9":"pa_collection-round-jute-and-recycled-cotton-rugs-no","10":"pa_made-in-india","12":"first","13":"outofstock","14":"purchasable","15":"product-type-simple"},"supplier_id":null,"supplier_sku":"JRug-05","barcode":null,"atum_controlled":true,"out_stock_date":"2025-09-05 00:40:03","out_stock_threshold":null,"inheritable":false,"inbound_stock":null,"stock_on_hold":0,"sold_today":0,"sales_last_days":0,"reserved_stock":null,"customer_returns":null,"warehouse_damage":null,"lost_in_post":null,"other_logs":null,"out_stock_days":0,"lost_sales":0,"has_location":null,"update_date":"2026-04-27T07:10:13","atum_locations":[],"atum_stock_status":"outofstock","restock_status":false,"low_stock_amount":"","sales_update_date":"2025-09-05T00:29:05","calc_backorders":null,"_links":{"self":[{"href":"https:\/\/aromasentia.com\/no\/wp-json\/wp\/v2\/product\/208525","targetHints":{"allow":["GET"]}}],"collection":[{"href":"https:\/\/aromasentia.com\/no\/wp-json\/wp\/v2\/product"}],"about":[{"href":"https:\/\/aromasentia.com\/no\/wp-json\/wp\/v2\/types\/product"}],"replies":[{"embeddable":true,"href":"https:\/\/aromasentia.com\/no\/wp-json\/wp\/v2\/comments?post=208525"}],"version-history":[{"count":0,"href":"https:\/\/aromasentia.com\/no\/wp-json\/wp\/v2\/product\/208525\/revisions"}],"wp:featuredmedia":[{"embeddable":true,"href":"https:\/\/aromasentia.com\/no\/wp-json\/wp\/v2\/media\/369489"}],"wp:attachment":[{"href":"https:\/\/aromasentia.com\/no\/wp-json\/wp\/v2\/media?parent=208525"}],"wp:term":[{"taxonomy":"product_brand","embeddable":true,"href":"https:\/\/aromasentia.com\/no\/wp-json\/wp\/v2\/product_brand?post=208525"},{"taxonomy":"product_cat","embeddable":true,"href":"https:\/\/aromasentia.com\/no\/wp-json\/wp\/v2\/product_cat?post=208525"},{"taxonomy":"product_tag","embeddable":true,"href":"https:\/\/aromasentia.com\/no\/wp-json\/wp\/v2\/product_tag?post=208525"}],"curies":[{"name":"wp","href":"https:\/\/api.w.org\/{rel}","templated":true}]}}