{"id":208512,"date":"2025-03-22T16:05:35","date_gmt":"2025-03-22T16:05:35","guid":{"rendered":"https:\/\/aromasentia.com\/product\/molten-glass-on-xlarge-double-stand-70cm\/"},"modified":"2025-05-31T05:07:02","modified_gmt":"2025-05-31T05:07:02","slug":"smeltet-glass-pa-xlarge-dobbeltstativ-70-cm","status":"publish","type":"product","link":"https:\/\/aromasentia.com\/no\/smeltet-glass-pa-xlarge-dobbeltstativ-70-cm\/","title":{"rendered":"Smeltet Glass P\u00e5 xlarge Dobbeltstativ &#8211; 70 cm"},"content":{"rendered":"<p>AW h\u00e5ndlaget smeltet glass p\u00e5 tre er sannsynligvis det st\u00f8rste fra Bali p\u00e5 mange \u00e5r, i Nederland er det allerede en massiv trend. Alt som er relatert til stueplanter og naturlig er en stor trend, og dette vakre og naturlige produktet er rett p\u00e5 knappen.<\/p>\n<p>H\u00e5ndlaget p\u00e5 Bali av resirkulert glass og balinesisk Gamal-tre, dette fantastiske <strong>Smeltet glass p\u00e5 ekstra stort dobbeltstativ &#8211; 70 cm<\/strong> bringer det beste fra to verdener sammen: naturlig og menneskeskapt; jordn\u00e6rt og elegant; praktisk og spirituelt. Glasset er munnbl\u00e5st, og mens det fortsatt er varmt, slappes det deretter av over et stykke Gamal-rot. Glasset herder deretter til treets form og sikrer en perfekt passform.<\/p>\n<p>Det er laget av et naturprodukt ved hjelp av h\u00e5ndverkt\u00f8y p\u00e5 tradisjonell balinesisk m\u00e5te. Hvert produkt er unikt ettersom det er laget av naturlig, b\u00e6rekraftig Gamal-tre, og det resirkulerte glasset er formet for \u00e5 passe, noe som gir det autentisitet. Kunden din vil elske det.<\/p>\n<p>Ta naturen inn med disse helt nydelige (og rimelige) naturlige kunstverkene, som kundene dine virkelig vil eie.<\/p>\n<p><strong>Merk: P\u00e5 grunn av den h\u00e5ndlagde naturen til dette produktet, kan det v\u00e6re sm\u00e5 ufullkommenheter i glasset, for eksempel sm\u00e5 bobler og lette riper. St\u00f8rrelser og design kan variere noe.<\/strong><\/p>\n<p><span style=\"color: rgb(141, 186, 216);\"><strong>Lag en vakker naturlig utstilling og \u00f8k salget. Legg til i portef\u00f8ljen og bestill i dag.<\/strong><\/span><\/p>\n","protected":false},"excerpt":{"rendered":"<p>AW h\u00e5ndlaget smeltet glass p\u00e5 tre er sannsynligvis det st\u00f8rste fra Bali p\u00e5 mange \u00e5r, i Nederland er det allerede en massiv trend. Alt som er relatert til stueplanter og naturlig er en stor trend, og dette vakre og naturlige produktet er rett p\u00e5 knappen. H\u00e5ndlaget p\u00e5 Bali av resirkulert glass og balinesisk Gamal-tre, dette [&hellip;]<\/p>\n","protected":false},"featured_media":372008,"comment_status":"closed","ping_status":"open","template":"","meta":{"_angie_page":false},"product_brand":[],"product_cat":[10539,8394],"product_tag":[],"class_list":{"0":"post-208512","1":"product","2":"type-product","3":"status-publish","4":"has-post-thumbnail","6":"product_cat-glass-dekorasjoner","7":"product_cat-hjem-og-hage","8":"pa_collection-molten-glass-on-wood-no","9":"pa_made-in-indonesia","11":"first","12":"instock","13":"purchasable","14":"product-type-simple"},"supplier_id":null,"supplier_sku":"MGW-11","barcode":null,"atum_controlled":true,"out_stock_date":null,"out_stock_threshold":null,"inheritable":false,"inbound_stock":null,"stock_on_hold":0,"sold_today":0,"sales_last_days":0,"reserved_stock":null,"customer_returns":null,"warehouse_damage":null,"lost_in_post":null,"other_logs":null,"out_stock_days":0,"lost_sales":0,"has_location":null,"update_date":"2026-05-08T05:13:10","atum_locations":[],"atum_stock_status":"instock","restock_status":false,"low_stock_amount":"","sales_update_date":"2025-09-05T00:29:27","calc_backorders":null,"_links":{"self":[{"href":"https:\/\/aromasentia.com\/no\/wp-json\/wp\/v2\/product\/208512","targetHints":{"allow":["GET"]}}],"collection":[{"href":"https:\/\/aromasentia.com\/no\/wp-json\/wp\/v2\/product"}],"about":[{"href":"https:\/\/aromasentia.com\/no\/wp-json\/wp\/v2\/types\/product"}],"replies":[{"embeddable":true,"href":"https:\/\/aromasentia.com\/no\/wp-json\/wp\/v2\/comments?post=208512"}],"version-history":[{"count":0,"href":"https:\/\/aromasentia.com\/no\/wp-json\/wp\/v2\/product\/208512\/revisions"}],"wp:featuredmedia":[{"embeddable":true,"href":"https:\/\/aromasentia.com\/no\/wp-json\/wp\/v2\/media\/372008"}],"wp:attachment":[{"href":"https:\/\/aromasentia.com\/no\/wp-json\/wp\/v2\/media?parent=208512"}],"wp:term":[{"taxonomy":"product_brand","embeddable":true,"href":"https:\/\/aromasentia.com\/no\/wp-json\/wp\/v2\/product_brand?post=208512"},{"taxonomy":"product_cat","embeddable":true,"href":"https:\/\/aromasentia.com\/no\/wp-json\/wp\/v2\/product_cat?post=208512"},{"taxonomy":"product_tag","embeddable":true,"href":"https:\/\/aromasentia.com\/no\/wp-json\/wp\/v2\/product_tag?post=208512"}],"curies":[{"name":"wp","href":"https:\/\/api.w.org\/{rel}","templated":true}]}}