{"id":208504,"date":"2025-03-22T16:05:35","date_gmt":"2025-03-22T16:05:35","guid":{"rendered":"https:\/\/aromasentia.com\/product\/molten-glass-on-whitewash-wood-medium-bowl-2\/"},"modified":"2025-05-31T05:06:22","modified_gmt":"2025-05-31T05:06:22","slug":"smeltet-glass-pa-hvitkalket-tre-medium-skal-2","status":"publish","type":"product","link":"https:\/\/aromasentia.com\/no\/smeltet-glass-pa-hvitkalket-tre-medium-skal-2\/","title":{"rendered":"Smeltet Glass P\u00e5 Hvitkalket Tre &#8211; Medium Sk\u00e5l"},"content":{"rendered":"<p><span style=\"color: rgb(75, 80, 88);\">H\u00e5ndlaget p\u00e5 Bali av resirkulert glass og balinesisk Gamal-tre. Denne <strong>Aroma Sentia &nbsp;<\/strong>fantastiske &nbsp;<strong>Smeltet glass p\u00e5 hvitkalket tre &#8211; medium bolle<\/strong> bringer det beste fra to verdener sammen: naturlig og menneskeskapt; jordn\u00e6rt og elegant; praktisk og spirituelt. Glasset er munnbl\u00e5st, og mens det fortsatt er varmt, slappes det deretter av over et stykke Gamal-rot. Glasset herder deretter til treets form, noe som sikrer en perfekt passform.<\/span><\/p>\n<p><span style=\"color: rgb(75, 80, 88);\">De er laget av et naturprodukt ved hjelp av h\u00e5ndverkt\u00f8y p\u00e5 tradisjonell balinesisk m\u00e5te. Hver gjenstand er unik, ettersom de er laget av naturlig, b\u00e6rekraftig Gamal-tre, og det resirkulerte glasset er formet for \u00e5 passe, noe som \u00f8ker autentisiteten. Kunden din vil elske den. Ta naturen inn med disse helt nydelige (og rimelige) naturlige kunstverkene, som kundene dine virkelig kommer til \u00e5 \u00f8nske \u00e5 eie.<\/span><\/p>\n<p><strong><span style=\"color: rgb(75, 80, 88);\">Merk: P\u00e5 grunn av den h\u00e5ndlagde naturen til dette produktet, kan det v\u00e6re sm\u00e5 ufullkommenheter i glasset, som sm\u00e5 bobler og lette riper. For det meste individuelt forsvarlig pakket i eske.<\/span><\/strong><\/p>\n<p><strong><span style=\"color: rgb(75, 80, 88);\"><span style=\"color: rgb(141, 186, 216);\"><strong>Kundene dine vil elske dette produktet. Bestill i dag?<\/strong><\/span><\/span><\/strong><\/p>\n","protected":false},"excerpt":{"rendered":"<p>H\u00e5ndlaget p\u00e5 Bali av resirkulert glass og balinesisk Gamal-tre. Denne Aroma Sentia &nbsp;fantastiske &nbsp;Smeltet glass p\u00e5 hvitkalket tre &#8211; medium bolle bringer det beste fra to verdener sammen: naturlig og menneskeskapt; jordn\u00e6rt og elegant; praktisk og spirituelt. Glasset er munnbl\u00e5st, og mens det fortsatt er varmt, slappes det deretter av over et stykke Gamal-rot. Glasset [&hellip;]<\/p>\n","protected":false},"featured_media":371616,"comment_status":"closed","ping_status":"open","template":"","meta":{"_angie_page":false},"product_brand":[],"product_cat":[10539,8394],"product_tag":[],"class_list":{"0":"post-208504","1":"product","2":"type-product","3":"status-publish","4":"has-post-thumbnail","6":"product_cat-glass-dekorasjoner","7":"product_cat-hjem-og-hage","8":"pa_collection-molten-glass-on-wood-no","9":"pa_made-in-indonesia","11":"first","12":"instock","13":"purchasable","14":"product-type-simple"},"supplier_id":null,"supplier_sku":"MGW-14","barcode":null,"atum_controlled":true,"out_stock_date":null,"out_stock_threshold":null,"inheritable":false,"inbound_stock":null,"stock_on_hold":0,"sold_today":0,"sales_last_days":0,"reserved_stock":null,"customer_returns":null,"warehouse_damage":null,"lost_in_post":null,"other_logs":null,"out_stock_days":0,"lost_sales":0,"has_location":null,"update_date":"2026-05-08T05:13:10","atum_locations":[],"atum_stock_status":"instock","restock_status":false,"low_stock_amount":"","sales_update_date":"2025-09-05T00:29:26","calc_backorders":null,"_links":{"self":[{"href":"https:\/\/aromasentia.com\/no\/wp-json\/wp\/v2\/product\/208504","targetHints":{"allow":["GET"]}}],"collection":[{"href":"https:\/\/aromasentia.com\/no\/wp-json\/wp\/v2\/product"}],"about":[{"href":"https:\/\/aromasentia.com\/no\/wp-json\/wp\/v2\/types\/product"}],"replies":[{"embeddable":true,"href":"https:\/\/aromasentia.com\/no\/wp-json\/wp\/v2\/comments?post=208504"}],"version-history":[{"count":0,"href":"https:\/\/aromasentia.com\/no\/wp-json\/wp\/v2\/product\/208504\/revisions"}],"wp:featuredmedia":[{"embeddable":true,"href":"https:\/\/aromasentia.com\/no\/wp-json\/wp\/v2\/media\/371616"}],"wp:attachment":[{"href":"https:\/\/aromasentia.com\/no\/wp-json\/wp\/v2\/media?parent=208504"}],"wp:term":[{"taxonomy":"product_brand","embeddable":true,"href":"https:\/\/aromasentia.com\/no\/wp-json\/wp\/v2\/product_brand?post=208504"},{"taxonomy":"product_cat","embeddable":true,"href":"https:\/\/aromasentia.com\/no\/wp-json\/wp\/v2\/product_cat?post=208504"},{"taxonomy":"product_tag","embeddable":true,"href":"https:\/\/aromasentia.com\/no\/wp-json\/wp\/v2\/product_tag?post=208504"}],"curies":[{"name":"wp","href":"https:\/\/api.w.org\/{rel}","templated":true}]}}