{"id":208501,"date":"2025-03-22T16:05:46","date_gmt":"2025-03-22T16:05:46","guid":{"rendered":"https:\/\/aromasentia.com\/product\/set-4-pampus-long-broom-natural-colours\/"},"modified":"2025-05-31T05:06:06","modified_gmt":"2025-05-31T05:06:06","slug":"sett-4-pampas-langkost-naturfarger","status":"publish","type":"product","link":"https:\/\/aromasentia.com\/no\/sett-4-pampas-langkost-naturfarger\/","title":{"rendered":"Sett 4 &#8211; Pampas Langkost &#8211; Naturfarger"},"content":{"rendered":"<p>L\u00f8ft innredningen i hjemmet ditt med disse fantastiske og rustikke <strong>Grosshandel Pampas langkostene<\/strong> laget av <strong>milj\u00f8vennlige materialer<\/strong>. Disse trendy kostene vil garantert bli en hit i butikken din.<\/p>\n<p>Forsterk sjarmen i stuen eller gangen ved \u00e5 pryde veggene dine med disse unike gjenstandene.<\/p>\n<p>V\u00e6r oppmerksom p\u00e5 at p\u00e5 grunn av bruken av naturlige materialer kan kosth\u00e5ndtakene og bustene vise sm\u00e5 variasjoner fra bildet.<\/p>\n<\/p>\n<p> <strong>G\u00e5 ikke glipp av disse fantastiske dekorasjonsartiklene til hjemmet. Bestill n\u00e5 for \u00e5 f\u00e5 dem p\u00e5 lager i butikken din.<\/strong><\/p>\n<p>Omtrentlige m\u00e5l:<\/p>\n<p>St\u00f8rrelse: 55 x 14 cm <\/p>\n<p>P\u00e5 grunn av manuell produksjon og bruk av naturmaterialer kan m\u00e5lene variere.<\/p>\n<\/p>\n<p>P\u00e5 grunn av manuell produksjon og bruk av naturmaterialer kan m\u00e5lene variere.<\/p>\n<p>\n","protected":false},"excerpt":{"rendered":"<p>L\u00f8ft innredningen i hjemmet ditt med disse fantastiske og rustikke Grosshandel Pampas langkostene laget av milj\u00f8vennlige materialer. Disse trendy kostene vil garantert bli en hit i butikken din. Forsterk sjarmen i stuen eller gangen ved \u00e5 pryde veggene dine med disse unike gjenstandene. V\u00e6r oppmerksom p\u00e5 at p\u00e5 grunn av bruken av naturlige materialer kan [&hellip;]<\/p>\n","protected":false},"featured_media":374776,"comment_status":"closed","ping_status":"open","template":"","meta":{"_angie_page":false},"product_brand":[],"product_cat":[10400,8394],"product_tag":[],"class_list":{"0":"post-208501","1":"product","2":"type-product","3":"status-publish","4":"has-post-thumbnail","6":"product_cat-dekorasjon","7":"product_cat-hjem-og-hage","8":"pa_collection-natural-pampus-broom-no","9":"pa_made-in-indonesia","11":"first","12":"instock","13":"purchasable","14":"product-type-simple"},"supplier_id":null,"supplier_sku":"NPB-02","barcode":null,"atum_controlled":true,"out_stock_date":null,"out_stock_threshold":null,"inheritable":false,"inbound_stock":null,"stock_on_hold":0,"sold_today":0,"sales_last_days":0,"reserved_stock":null,"customer_returns":null,"warehouse_damage":null,"lost_in_post":null,"other_logs":null,"out_stock_days":0,"lost_sales":0,"has_location":null,"update_date":"2026-04-27T07:15:31","atum_locations":[],"atum_stock_status":"instock","restock_status":false,"low_stock_amount":"","sales_update_date":"2026-01-30T01:24:30","calc_backorders":null,"_links":{"self":[{"href":"https:\/\/aromasentia.com\/no\/wp-json\/wp\/v2\/product\/208501","targetHints":{"allow":["GET"]}}],"collection":[{"href":"https:\/\/aromasentia.com\/no\/wp-json\/wp\/v2\/product"}],"about":[{"href":"https:\/\/aromasentia.com\/no\/wp-json\/wp\/v2\/types\/product"}],"replies":[{"embeddable":true,"href":"https:\/\/aromasentia.com\/no\/wp-json\/wp\/v2\/comments?post=208501"}],"version-history":[{"count":0,"href":"https:\/\/aromasentia.com\/no\/wp-json\/wp\/v2\/product\/208501\/revisions"}],"wp:featuredmedia":[{"embeddable":true,"href":"https:\/\/aromasentia.com\/no\/wp-json\/wp\/v2\/media\/374776"}],"wp:attachment":[{"href":"https:\/\/aromasentia.com\/no\/wp-json\/wp\/v2\/media?parent=208501"}],"wp:term":[{"taxonomy":"product_brand","embeddable":true,"href":"https:\/\/aromasentia.com\/no\/wp-json\/wp\/v2\/product_brand?post=208501"},{"taxonomy":"product_cat","embeddable":true,"href":"https:\/\/aromasentia.com\/no\/wp-json\/wp\/v2\/product_cat?post=208501"},{"taxonomy":"product_tag","embeddable":true,"href":"https:\/\/aromasentia.com\/no\/wp-json\/wp\/v2\/product_tag?post=208501"}],"curies":[{"name":"wp","href":"https:\/\/api.w.org\/{rel}","templated":true}]}}