{"id":208499,"date":"2025-03-22T16:05:46","date_gmt":"2025-03-22T16:05:46","guid":{"rendered":"https:\/\/aromasentia.com\/product\/set-4-pampas-fan-broom-natural-mixed-sizes\/"},"modified":"2025-05-31T05:05:57","modified_gmt":"2025-05-31T05:05:57","slug":"sett-4-pampas-viftekost-naturlige-blandede-storrelser","status":"publish","type":"product","link":"https:\/\/aromasentia.com\/no\/sett-4-pampas-viftekost-naturlige-blandede-storrelser\/","title":{"rendered":"Sett 4 &#8211; Pampas Viftekost &#8211; Naturlige Blandede St\u00f8rrelser"},"content":{"rendered":"<p>Disse <strong>grossist Pampus-kostene<\/strong> er et flott tillegg til ethvert hjem, med sin <strong>skj\u00f8nne og rustikke design.<\/strong>Laget av milj\u00f8vennlige materialer, inkludert eksotisk pampasgress, er disse kostene trendy og lette \u00e5 selge.<\/strong> <\/strong><\/p>\n<p>Du kan forbedre stuen eller gangen din med deres unike sjarm ved \u00e5 henge dem p\u00e5 veggen.<\/p>\n<p>P\u00e5 grunn av de naturlige materialene som brukes, kan kosteskaftet eller busten avvike noe fra bildet.<\/p>\n<\/p>\n<p>Bestill n\u00e5 for \u00e5 legge til disse fantastiske innredningsproduktene i butikken din.<\/strong><\/p>\n<p><strong>Omtrentlige m\u00e5l (st\u00f8rste f\u00f8rst):<\/em m\u00e5l (st\u00f8rst f\u00f8rst):<\/em><\/strong><\/p>\n<p><em>38x18cm, 34x15cm, 30x18cm, 28x15cm<\/em><\/p>\n<p><em>P\u00e5 grunn av manuell produksjon og bruk av naturmaterialer kan m\u00e5lene variere.<\/em><\/p>\n","protected":false},"excerpt":{"rendered":"<p>Disse grossist Pampus-kostene er et flott tillegg til ethvert hjem, med sin skj\u00f8nne og rustikke design.Laget av milj\u00f8vennlige materialer, inkludert eksotisk pampasgress, er disse kostene trendy og lette \u00e5 selge. Du kan forbedre stuen eller gangen din med deres unike sjarm ved \u00e5 henge dem p\u00e5 veggen. P\u00e5 grunn av de naturlige materialene som brukes, [&hellip;]<\/p>\n","protected":false},"featured_media":374734,"comment_status":"closed","ping_status":"open","template":"","meta":{"_angie_page":false},"product_brand":[],"product_cat":[10400,8394],"product_tag":[],"class_list":{"0":"post-208499","1":"product","2":"type-product","3":"status-publish","4":"has-post-thumbnail","6":"product_cat-dekorasjon","7":"product_cat-hjem-og-hage","8":"pa_collection-natural-pampus-broom-no","9":"pa_made-in-indonesia","11":"first","12":"instock","13":"purchasable","14":"product-type-simple"},"supplier_id":null,"supplier_sku":"NPB-05","barcode":null,"atum_controlled":true,"out_stock_date":null,"out_stock_threshold":null,"inheritable":false,"inbound_stock":null,"stock_on_hold":0,"sold_today":0,"sales_last_days":0,"reserved_stock":null,"customer_returns":null,"warehouse_damage":null,"lost_in_post":null,"other_logs":null,"out_stock_days":0,"lost_sales":0,"has_location":null,"update_date":"2026-05-02T03:18:25","atum_locations":[],"atum_stock_status":"instock","restock_status":false,"low_stock_amount":"","sales_update_date":"2026-01-30T01:24:26","calc_backorders":null,"_links":{"self":[{"href":"https:\/\/aromasentia.com\/no\/wp-json\/wp\/v2\/product\/208499","targetHints":{"allow":["GET"]}}],"collection":[{"href":"https:\/\/aromasentia.com\/no\/wp-json\/wp\/v2\/product"}],"about":[{"href":"https:\/\/aromasentia.com\/no\/wp-json\/wp\/v2\/types\/product"}],"replies":[{"embeddable":true,"href":"https:\/\/aromasentia.com\/no\/wp-json\/wp\/v2\/comments?post=208499"}],"version-history":[{"count":0,"href":"https:\/\/aromasentia.com\/no\/wp-json\/wp\/v2\/product\/208499\/revisions"}],"wp:featuredmedia":[{"embeddable":true,"href":"https:\/\/aromasentia.com\/no\/wp-json\/wp\/v2\/media\/374734"}],"wp:attachment":[{"href":"https:\/\/aromasentia.com\/no\/wp-json\/wp\/v2\/media?parent=208499"}],"wp:term":[{"taxonomy":"product_brand","embeddable":true,"href":"https:\/\/aromasentia.com\/no\/wp-json\/wp\/v2\/product_brand?post=208499"},{"taxonomy":"product_cat","embeddable":true,"href":"https:\/\/aromasentia.com\/no\/wp-json\/wp\/v2\/product_cat?post=208499"},{"taxonomy":"product_tag","embeddable":true,"href":"https:\/\/aromasentia.com\/no\/wp-json\/wp\/v2\/product_tag?post=208499"}],"curies":[{"name":"wp","href":"https:\/\/api.w.org\/{rel}","templated":true}]}}