{"id":208498,"date":"2025-03-22T16:05:46","date_gmt":"2025-03-22T16:05:46","guid":{"rendered":"https:\/\/aromasentia.com\/product\/set-4-pampas-broom-natural\/"},"modified":"2025-05-31T05:05:53","modified_gmt":"2025-05-31T05:05:53","slug":"sett-4-pampas-broom-naturell","status":"publish","type":"product","link":"https:\/\/aromasentia.com\/no\/sett-4-pampas-broom-naturell\/","title":{"rendered":"Sett 4 &#8211; Pampas Broom &#8211; Naturell"},"content":{"rendered":"<p>Disse vakre <strong>Grosshandel naturlige pampas-koster<\/strong> er flotte som dekorative brikker som henger i hjemmet ditt. Du kan forbedre rustikk design ved \u00e5 henge den p\u00e5 veggen i stuen eller i gangen. <\/p>\n<p>Milj\u00f8vennlige materialer er seri\u00f8st p\u00e5 trend, spesielt produkter laget av eksotisk pampasgress er fasjonable og lett \u00e5 selge.<\/p>\n<p> Denne b\u00f8rsten er h\u00e5ndlaget ved hjelp av t\u00f8rket pampas. Den er ikke bare nyttig som b\u00f8rste, den er ogs\u00e5 dekorativ, perfekt som veggkunst eller for \u00e5 lyse opp et hvilket som helst rom i hjemmet. Laget av helt b\u00e6rekraftige avlinger i det sentrale Java.<\/p>\n<p><em>BEMERK: P\u00e5 grunn av naturmaterialer kan kostens h\u00e5ndtak eller bust v\u00e6re lengre eller kortere enn p\u00e5 bildet.<\/em><\/p>\n<p>St\u00f8rrelse: 60 x 9 cm<\/p>\n<p><strong>Bestill n\u00e5 og kj\u00f8p denne fantastiske innredningen til hjemmet <\/strong><\/p>\n","protected":false},"excerpt":{"rendered":"<p>Disse vakre Grosshandel naturlige pampas-koster er flotte som dekorative brikker som henger i hjemmet ditt. Du kan forbedre rustikk design ved \u00e5 henge den p\u00e5 veggen i stuen eller i gangen. Milj\u00f8vennlige materialer er seri\u00f8st p\u00e5 trend, spesielt produkter laget av eksotisk pampasgress er fasjonable og lett \u00e5 selge. Denne b\u00f8rsten er h\u00e5ndlaget ved hjelp [&hellip;]<\/p>\n","protected":false},"featured_media":374701,"comment_status":"closed","ping_status":"open","template":"","meta":{"_angie_page":false},"product_brand":[],"product_cat":[10400,8394],"product_tag":[],"class_list":{"0":"post-208498","1":"product","2":"type-product","3":"status-publish","4":"has-post-thumbnail","6":"product_cat-dekorasjon","7":"product_cat-hjem-og-hage","8":"pa_collection-natural-pampus-broom-no","9":"pa_made-in-indonesia","11":"first","12":"instock","13":"purchasable","14":"product-type-simple"},"supplier_id":null,"supplier_sku":"NPB-03","barcode":null,"atum_controlled":true,"out_stock_date":null,"out_stock_threshold":null,"inheritable":false,"inbound_stock":null,"stock_on_hold":0,"sold_today":0,"sales_last_days":0,"reserved_stock":null,"customer_returns":null,"warehouse_damage":null,"lost_in_post":null,"other_logs":null,"out_stock_days":0,"lost_sales":0,"has_location":null,"update_date":"2026-04-27T07:15:31","atum_locations":[],"atum_stock_status":"instock","restock_status":false,"low_stock_amount":"","sales_update_date":"2026-01-30T01:24:50","calc_backorders":null,"_links":{"self":[{"href":"https:\/\/aromasentia.com\/no\/wp-json\/wp\/v2\/product\/208498","targetHints":{"allow":["GET"]}}],"collection":[{"href":"https:\/\/aromasentia.com\/no\/wp-json\/wp\/v2\/product"}],"about":[{"href":"https:\/\/aromasentia.com\/no\/wp-json\/wp\/v2\/types\/product"}],"replies":[{"embeddable":true,"href":"https:\/\/aromasentia.com\/no\/wp-json\/wp\/v2\/comments?post=208498"}],"version-history":[{"count":0,"href":"https:\/\/aromasentia.com\/no\/wp-json\/wp\/v2\/product\/208498\/revisions"}],"wp:featuredmedia":[{"embeddable":true,"href":"https:\/\/aromasentia.com\/no\/wp-json\/wp\/v2\/media\/374701"}],"wp:attachment":[{"href":"https:\/\/aromasentia.com\/no\/wp-json\/wp\/v2\/media?parent=208498"}],"wp:term":[{"taxonomy":"product_brand","embeddable":true,"href":"https:\/\/aromasentia.com\/no\/wp-json\/wp\/v2\/product_brand?post=208498"},{"taxonomy":"product_cat","embeddable":true,"href":"https:\/\/aromasentia.com\/no\/wp-json\/wp\/v2\/product_cat?post=208498"},{"taxonomy":"product_tag","embeddable":true,"href":"https:\/\/aromasentia.com\/no\/wp-json\/wp\/v2\/product_tag?post=208498"}],"curies":[{"name":"wp","href":"https:\/\/api.w.org\/{rel}","templated":true}]}}