{"id":208474,"date":"2025-03-22T16:05:46","date_gmt":"2025-03-22T16:05:46","guid":{"rendered":"https:\/\/aromasentia.com\/product\/natural-coconut-lamp-chocolate-twist\/"},"modified":"2025-05-31T05:04:23","modified_gmt":"2025-05-31T05:04:23","slug":"kokosnott-lampe-naturlig-chocolate-twist","status":"publish","type":"product","link":"https:\/\/aromasentia.com\/no\/kokosnott-lampe-naturlig-chocolate-twist\/","title":{"rendered":"Kokosn\u00f8tt Lampe Naturlig &#8211; Chocolate Twist"},"content":{"rendered":"<p>Denne lampen er s\u00e5 naturlig som den kan bli.<\/p>\n<p>Laget av et ekte kokosn\u00f8ttblad, en spesiell type som kan omformes og b\u00f8yes til former n\u00e5r den varmes opp. Skjermen er laget av bomullsdotter.<\/p>\n<p>S\u00e5 hvert stykke er fra naturen og derfor unikt \u2013 formene varierer litt. Kundene dine vil elske den de liker best.<\/p>\n<p>Enkel, naturlig og rimelig. <strong>De leveres med en EU-lysfatning, men ingen p\u00e6re.<\/strong>Laget av en familiebedrift p\u00e5 Bali.<\/p>\n","protected":false},"excerpt":{"rendered":"<p>Denne lampen er s\u00e5 naturlig som den kan bli. Laget av et ekte kokosn\u00f8ttblad, en spesiell type som kan omformes og b\u00f8yes til former n\u00e5r den varmes opp. Skjermen er laget av bomullsdotter. S\u00e5 hvert stykke er fra naturen og derfor unikt \u2013 formene varierer litt. Kundene dine vil elske den de liker best. Enkel, [&hellip;]<\/p>\n","protected":false},"featured_media":374125,"comment_status":"closed","ping_status":"open","template":"","meta":[],"product_brand":[],"product_cat":[8394,10475],"product_tag":[],"class_list":{"0":"post-208474","1":"product","2":"type-product","3":"status-publish","4":"has-post-thumbnail","6":"product_cat-hjem-og-hage","7":"product_cat-lamper-og-lykter","8":"pa_collection-natural-coconut-leaf-lamps-no","9":"pa_made-in-indonesia","11":"first","12":"instock","13":"purchasable","14":"product-type-simple"},"supplier_id":null,"supplier_sku":"NCL-06","barcode":null,"atum_controlled":true,"out_stock_date":null,"out_stock_threshold":null,"inheritable":false,"inbound_stock":null,"stock_on_hold":0,"sold_today":0,"sales_last_days":0,"reserved_stock":null,"customer_returns":null,"warehouse_damage":null,"lost_in_post":null,"other_logs":null,"out_stock_days":0,"lost_sales":0,"has_location":null,"update_date":"2026-02-11T16:18:09","atum_locations":[],"atum_stock_status":"instock","restock_status":false,"low_stock_amount":"","sales_update_date":"2025-09-04T00:29:08","calc_backorders":null,"_links":{"self":[{"href":"https:\/\/aromasentia.com\/no\/wp-json\/wp\/v2\/product\/208474","targetHints":{"allow":["GET"]}}],"collection":[{"href":"https:\/\/aromasentia.com\/no\/wp-json\/wp\/v2\/product"}],"about":[{"href":"https:\/\/aromasentia.com\/no\/wp-json\/wp\/v2\/types\/product"}],"replies":[{"embeddable":true,"href":"https:\/\/aromasentia.com\/no\/wp-json\/wp\/v2\/comments?post=208474"}],"version-history":[{"count":0,"href":"https:\/\/aromasentia.com\/no\/wp-json\/wp\/v2\/product\/208474\/revisions"}],"wp:featuredmedia":[{"embeddable":true,"href":"https:\/\/aromasentia.com\/no\/wp-json\/wp\/v2\/media\/374125"}],"wp:attachment":[{"href":"https:\/\/aromasentia.com\/no\/wp-json\/wp\/v2\/media?parent=208474"}],"wp:term":[{"taxonomy":"product_brand","embeddable":true,"href":"https:\/\/aromasentia.com\/no\/wp-json\/wp\/v2\/product_brand?post=208474"},{"taxonomy":"product_cat","embeddable":true,"href":"https:\/\/aromasentia.com\/no\/wp-json\/wp\/v2\/product_cat?post=208474"},{"taxonomy":"product_tag","embeddable":true,"href":"https:\/\/aromasentia.com\/no\/wp-json\/wp\/v2\/product_tag?post=208474"}],"curies":[{"name":"wp","href":"https:\/\/api.w.org\/{rel}","templated":true}]}}