{"id":208463,"date":"2025-03-22T16:05:46","date_gmt":"2025-03-22T16:05:46","guid":{"rendered":"https:\/\/aromasentia.com\/product\/natural-seagrass-basket-set-of-2\/"},"modified":"2025-05-31T05:03:36","modified_gmt":"2025-05-31T05:03:36","slug":"kurv-naturlig-sjogress-2stk-stk","status":"publish","type":"product","link":"https:\/\/aromasentia.com\/no\/kurv-naturlig-sjogress-2stk-stk\/","title":{"rendered":"Kurv Naturlig Sj\u00f8gress &#8211; 2Stk. Stk."},"content":{"rendered":"<p>Kjennetegnet av naturlig tekstur og laget av vakkert sj\u00f8gress og bananblad. Disse kurvene er perfekte for \u00e5 vise frem produktene dine; de er h\u00e5ndvevde i Indonesia og kan brukes som en stilig oppbevaringsl\u00f8sning som passer s\u00f8ml\u00f8st inn i ethvert hjem, kontor eller yogastudio ved \u00e5 tilby en naturlig m\u00e5te \u00e5 vise frem produktene p\u00e5.Som du vet er alt som er relatert til potteplanter og naturlig en stor trend, og dette vakre og naturlige produktet er midt i blinken.<\/p>\n<p>Disse vakre kurvesettene bringer det beste fra to verdener sammen: naturlig og menneskeskapt; jordn\u00e6r og elegant og praktisk. Du vil kanskje ogs\u00e5 like <a href=\"https:\/\/aromasentia.com\/nva\"><strong>Seagrass Vase &amp; Bins Sets<\/strong><\/a>, eller du kan kombinere dem med <a href=\"https:\/\/aromasentia.com\/wholesale_seagrass_rugs\"><strong>Seagrass-tepper<\/strong><\/a><\/p>\n<p>Kj\u00f8p av en av disse kurvene st\u00f8tter produsentene og bidrar til \u00e5 bevare en gammel h\u00e5ndverkstradisjon p\u00e5 Java.<\/p>\n<p>&#8211; Etisk &#8211; Selges i sett med to eller tre &#8211; H\u00e5ndlaget p\u00e5 Java &#8211; Milj\u00f8vennlig<\/p>\n<p>Gj\u00f8r en fin, naturlig utstilling. Bestill i dag.<\/p>\n<p>M\u00e5l:&nbsp;<\/p>\n<p>Lage: D:23cm H:9 cm &nbsp;Vekt: 370g&nbsp;<\/p>\n<p>Medium: D:20cm H:7 cm &nbsp;Vekt: 290g<\/p>\n","protected":false},"excerpt":{"rendered":"<p>Kjennetegnet av naturlig tekstur og laget av vakkert sj\u00f8gress og bananblad. Disse kurvene er perfekte for \u00e5 vise frem produktene dine; de er h\u00e5ndvevde i Indonesia og kan brukes som en stilig oppbevaringsl\u00f8sning som passer s\u00f8ml\u00f8st inn i ethvert hjem, kontor eller yogastudio ved \u00e5 tilby en naturlig m\u00e5te \u00e5 vise frem produktene p\u00e5.Som du [&hellip;]<\/p>\n","protected":false},"featured_media":373666,"comment_status":"closed","ping_status":"open","template":"","meta":[],"product_brand":[],"product_cat":[8394,10490],"product_tag":[],"class_list":{"0":"post-208463","1":"product","2":"type-product","3":"status-publish","4":"has-post-thumbnail","6":"product_cat-hjem-og-hage","7":"product_cat-kurver","8":"pa_collection-banana-leaf-seagrass-square-basket-no","9":"pa_made-in-indonesia","11":"first","12":"instock","13":"purchasable","14":"product-type-simple"},"supplier_id":null,"supplier_sku":"NBA-01","barcode":null,"atum_controlled":true,"out_stock_date":null,"out_stock_threshold":null,"inheritable":false,"inbound_stock":null,"stock_on_hold":0,"sold_today":0,"sales_last_days":0,"reserved_stock":null,"customer_returns":null,"warehouse_damage":null,"lost_in_post":null,"other_logs":null,"out_stock_days":0,"lost_sales":0,"has_location":null,"update_date":"2026-01-30T01:25:31","atum_locations":[],"atum_stock_status":"instock","restock_status":false,"low_stock_amount":"","sales_update_date":"2026-01-30T01:25:31","calc_backorders":null,"_links":{"self":[{"href":"https:\/\/aromasentia.com\/no\/wp-json\/wp\/v2\/product\/208463","targetHints":{"allow":["GET"]}}],"collection":[{"href":"https:\/\/aromasentia.com\/no\/wp-json\/wp\/v2\/product"}],"about":[{"href":"https:\/\/aromasentia.com\/no\/wp-json\/wp\/v2\/types\/product"}],"replies":[{"embeddable":true,"href":"https:\/\/aromasentia.com\/no\/wp-json\/wp\/v2\/comments?post=208463"}],"version-history":[{"count":0,"href":"https:\/\/aromasentia.com\/no\/wp-json\/wp\/v2\/product\/208463\/revisions"}],"wp:featuredmedia":[{"embeddable":true,"href":"https:\/\/aromasentia.com\/no\/wp-json\/wp\/v2\/media\/373666"}],"wp:attachment":[{"href":"https:\/\/aromasentia.com\/no\/wp-json\/wp\/v2\/media?parent=208463"}],"wp:term":[{"taxonomy":"product_brand","embeddable":true,"href":"https:\/\/aromasentia.com\/no\/wp-json\/wp\/v2\/product_brand?post=208463"},{"taxonomy":"product_cat","embeddable":true,"href":"https:\/\/aromasentia.com\/no\/wp-json\/wp\/v2\/product_cat?post=208463"},{"taxonomy":"product_tag","embeddable":true,"href":"https:\/\/aromasentia.com\/no\/wp-json\/wp\/v2\/product_tag?post=208463"}],"curies":[{"name":"wp","href":"https:\/\/api.w.org\/{rel}","templated":true}]}}