{"id":208432,"date":"2025-03-22T16:05:46","date_gmt":"2025-03-22T16:05:46","guid":{"rendered":"https:\/\/aromasentia.com\/product\/lrg-mango-wood-picture-frame-for-13x18cm-28x23x2cm-mandala-black\/"},"modified":"2025-05-31T05:01:32","modified_gmt":"2025-05-31T05:01:32","slug":"bilderamme-i-mangotre-for-13x18cm-28x23x2cm-mandala-svart","status":"publish","type":"product","link":"https:\/\/aromasentia.com\/no\/bilderamme-i-mangotre-for-13x18cm-28x23x2cm-mandala-svart\/","title":{"rendered":"Bilderamme I Mangotre (For 13x18Cm) 28x23x2cm &#8211; Mandala &#8211; Svart"},"content":{"rendered":"<p>Vis frem minner med intrikat skj\u00f8nnhet i denne store bilderammen i mangotre &#8211; Mandala &#8211; svart. Denne sl\u00e5ende rammen p\u00e5 28x23x2 cm, for bilder p\u00e5 13&#215;18 cm, er laget av mangotre med en sofistikert svart finish og har en detaljert Mandala-utsmykning som representerer kosmisk harmoni. Rammen gir en fornem og \u00e5ndelig resonans til favorittbildene dine, og blander moderne stil med tidl\u00f8s hellig geometri og h\u00e5ndverksmessig h\u00e5ndverk for en meningsfull presentasjon.<\/p>\n","protected":false},"excerpt":{"rendered":"<p>Vis frem minner med intrikat skj\u00f8nnhet i denne store bilderammen i mangotre &#8211; Mandala &#8211; svart. Denne sl\u00e5ende rammen p\u00e5 28x23x2 cm, for bilder p\u00e5 13&#215;18 cm, er laget av mangotre med en sofistikert svart finish og har en detaljert Mandala-utsmykning som representerer kosmisk harmoni. Rammen gir en fornem og \u00e5ndelig resonans til favorittbildene dine, [&hellip;]<\/p>\n","protected":false},"featured_media":373267,"comment_status":"closed","ping_status":"open","template":"","meta":[],"product_brand":[],"product_cat":[8394],"product_tag":[],"class_list":{"0":"post-208432","1":"product","2":"type-product","3":"status-publish","4":"has-post-thumbnail","6":"product_cat-hjem-og-hage","7":"pa_collection-picture-frames-from-mango-wood-no","8":"pa_made-in-india","10":"first","11":"instock","12":"purchasable","13":"product-type-simple"},"supplier_id":null,"supplier_sku":"MWPF-06","barcode":null,"atum_controlled":true,"out_stock_date":null,"out_stock_threshold":null,"inheritable":false,"inbound_stock":null,"stock_on_hold":0,"sold_today":0,"sales_last_days":0,"reserved_stock":null,"customer_returns":null,"warehouse_damage":null,"lost_in_post":null,"other_logs":null,"out_stock_days":0,"lost_sales":0,"has_location":null,"update_date":"2026-02-11T03:22:08","atum_locations":[],"atum_stock_status":"instock","restock_status":false,"low_stock_amount":"","sales_update_date":"2026-02-06T00:01:25","calc_backorders":null,"_links":{"self":[{"href":"https:\/\/aromasentia.com\/no\/wp-json\/wp\/v2\/product\/208432","targetHints":{"allow":["GET"]}}],"collection":[{"href":"https:\/\/aromasentia.com\/no\/wp-json\/wp\/v2\/product"}],"about":[{"href":"https:\/\/aromasentia.com\/no\/wp-json\/wp\/v2\/types\/product"}],"replies":[{"embeddable":true,"href":"https:\/\/aromasentia.com\/no\/wp-json\/wp\/v2\/comments?post=208432"}],"version-history":[{"count":0,"href":"https:\/\/aromasentia.com\/no\/wp-json\/wp\/v2\/product\/208432\/revisions"}],"wp:featuredmedia":[{"embeddable":true,"href":"https:\/\/aromasentia.com\/no\/wp-json\/wp\/v2\/media\/373267"}],"wp:attachment":[{"href":"https:\/\/aromasentia.com\/no\/wp-json\/wp\/v2\/media?parent=208432"}],"wp:term":[{"taxonomy":"product_brand","embeddable":true,"href":"https:\/\/aromasentia.com\/no\/wp-json\/wp\/v2\/product_brand?post=208432"},{"taxonomy":"product_cat","embeddable":true,"href":"https:\/\/aromasentia.com\/no\/wp-json\/wp\/v2\/product_cat?post=208432"},{"taxonomy":"product_tag","embeddable":true,"href":"https:\/\/aromasentia.com\/no\/wp-json\/wp\/v2\/product_tag?post=208432"}],"curies":[{"name":"wp","href":"https:\/\/api.w.org\/{rel}","templated":true}]}}