{"id":208409,"date":"2025-03-22T16:05:46","date_gmt":"2025-03-22T16:05:46","guid":{"rendered":"https:\/\/aromasentia.com\/product\/molten-coloured-glass-on-wood-medium-bowl\/"},"modified":"2025-05-31T04:59:58","modified_gmt":"2025-05-31T04:59:58","slug":"smeltet-farget-glass-pa-tre-medium-skal","status":"publish","type":"product","link":"https:\/\/aromasentia.com\/no\/smeltet-farget-glass-pa-tre-medium-skal\/","title":{"rendered":"Smeltet Farget Glass P\u00e5 Tre &#8211; Medium Sk\u00e5l"},"content":{"rendered":"<p><strong><span style=\"color: rgb(75, 80, 88);\">Smeltet farget glass p\u00e5 tre &#8211; medium bolle<\/span><\/strong><span style=\"color: rgb(75, 80, 88);\">&nbsp;<\/span>c<span style=\"color: rgb(75, 80, 88);\">H\u00e5ndlaget p\u00e5 Bali av <strong>resirkulert glass<\/strong> og balinesisk b\u00e6rekraftig Gamal-tre. Dette fantastiske kunstverket bringer det beste fra to verdener sammen: naturlig og menneskeskapt; jordn\u00e6rt og elegant; praktisk og spirituelt.<\/span><\/p>\n<p><span style=\"color: rgb(75, 80, 88);\">Glasset er munnbl\u00e5st, og mens det fortsatt er varmt, slappes det av over et stykke Gamal-rot. Glasset herder deretter til treets form, noe som sikrer en perfekt passform. Den er laget av et naturprodukt ved hjelp av h\u00e5ndverkt\u00f8y p\u00e5 tradisjonell balinesisk vis.<\/span><\/p>\n<p><span style=\"color: rgb(75, 80, 88);\">Smeltet glass p\u00e5 tre gir en unik ramme for steiner og luftplanter, snittblomster, et akvarium eller en vinkaraffel. Kunden din vil elske den. Den kan brukes til stueplanter, zenhager, fiskeboller eller flytelys.<\/span><\/p>\n<p><span style=\"color: rgb(75, 80, 88);\"><em>* <strong>Milj\u00f8vennlig,<\/strong> h\u00e5ndlaget av 100 % resirkulert glass *<\/em><\/span><\/p>\n<p><em><span style=\"color: rgb(75, 80, 88);\">* Laget av Gamal-trerot og h\u00e5ndbl\u00e5st glass *<\/span><\/em><\/p>\n<p><span style=\"color: rgb(75, 80, 88);\"><em>* <strong>H\u00e5ndlaget<\/strong>av dyktige glassbl\u00e5sere *<\/em><\/span><\/p>\n","protected":false},"excerpt":{"rendered":"<p>Smeltet farget glass p\u00e5 tre &#8211; medium bolle&nbsp;cH\u00e5ndlaget p\u00e5 Bali av resirkulert glass og balinesisk b\u00e6rekraftig Gamal-tre. Dette fantastiske kunstverket bringer det beste fra to verdener sammen: naturlig og menneskeskapt; jordn\u00e6rt og elegant; praktisk og spirituelt. Glasset er munnbl\u00e5st, og mens det fortsatt er varmt, slappes det av over et stykke Gamal-rot. Glasset herder deretter [&hellip;]<\/p>\n","protected":false},"featured_media":372660,"comment_status":"closed","ping_status":"open","template":"","meta":{"_angie_page":false},"product_brand":[],"product_cat":[10539,8394],"product_tag":[],"class_list":{"0":"post-208409","1":"product","2":"type-product","3":"status-publish","4":"has-post-thumbnail","6":"product_cat-glass-dekorasjoner","7":"product_cat-hjem-og-hage","8":"pa_collection-molten-glass-on-wood-no","9":"pa_made-in-indonesia","11":"first","12":"instock","13":"purchasable","14":"product-type-simple"},"supplier_id":null,"supplier_sku":"MGW-40","barcode":null,"atum_controlled":true,"out_stock_date":null,"out_stock_threshold":null,"inheritable":false,"inbound_stock":null,"stock_on_hold":0,"sold_today":0,"sales_last_days":0,"reserved_stock":null,"customer_returns":null,"warehouse_damage":null,"lost_in_post":null,"other_logs":null,"out_stock_days":0,"lost_sales":0,"has_location":null,"update_date":"2026-04-27T07:12:49","atum_locations":[],"atum_stock_status":"instock","restock_status":false,"low_stock_amount":"","sales_update_date":"2025-09-05T00:29:30","calc_backorders":null,"_links":{"self":[{"href":"https:\/\/aromasentia.com\/no\/wp-json\/wp\/v2\/product\/208409","targetHints":{"allow":["GET"]}}],"collection":[{"href":"https:\/\/aromasentia.com\/no\/wp-json\/wp\/v2\/product"}],"about":[{"href":"https:\/\/aromasentia.com\/no\/wp-json\/wp\/v2\/types\/product"}],"replies":[{"embeddable":true,"href":"https:\/\/aromasentia.com\/no\/wp-json\/wp\/v2\/comments?post=208409"}],"version-history":[{"count":0,"href":"https:\/\/aromasentia.com\/no\/wp-json\/wp\/v2\/product\/208409\/revisions"}],"wp:featuredmedia":[{"embeddable":true,"href":"https:\/\/aromasentia.com\/no\/wp-json\/wp\/v2\/media\/372660"}],"wp:attachment":[{"href":"https:\/\/aromasentia.com\/no\/wp-json\/wp\/v2\/media?parent=208409"}],"wp:term":[{"taxonomy":"product_brand","embeddable":true,"href":"https:\/\/aromasentia.com\/no\/wp-json\/wp\/v2\/product_brand?post=208409"},{"taxonomy":"product_cat","embeddable":true,"href":"https:\/\/aromasentia.com\/no\/wp-json\/wp\/v2\/product_cat?post=208409"},{"taxonomy":"product_tag","embeddable":true,"href":"https:\/\/aromasentia.com\/no\/wp-json\/wp\/v2\/product_tag?post=208409"}],"curies":[{"name":"wp","href":"https:\/\/api.w.org\/{rel}","templated":true}]}}