{"id":208407,"date":"2025-03-22T16:05:46","date_gmt":"2025-03-22T16:05:46","guid":{"rendered":"https:\/\/aromasentia.com\/product\/molten-glass-arfully-misshapen-bowl-on-wood\/"},"modified":"2025-05-31T04:59:50","modified_gmt":"2025-05-31T04:59:50","slug":"smeltet-glass-kunstig-misformet-skal-pa-tre","status":"publish","type":"product","link":"https:\/\/aromasentia.com\/no\/smeltet-glass-kunstig-misformet-skal-pa-tre\/","title":{"rendered":"Smeltet Glass, Kunstig Misformet Sk\u00e5l P\u00e5 Tre"},"content":{"rendered":"<p><span style=\"color: rgb(75, 80, 88);\"><strong>Kunstmessig misformet bolle i smeltet glass p\u00e5 tre<\/strong> \u2013 en fengslende blanding av kunst og naturlig sjarm.<\/span><\/p>\n<p><span style=\"color: rgb(75, 80, 88);\">Det kreativt misformede designet p\u00e5 bollen i smeltet glass introduserer et snev av individualitet og danner et sl\u00e5ende midtpunkt.<\/span><\/p>\n<p><span style=\"color: rgb(75, 80, 88);\">Sammen med en Gamal-trebase er hver bolle kombinert med n\u00f8ye utvalgt treverk, noe som sikrer at hvert element i denne kolleksjonen er et unikt og i\u00f8ynefallende tillegg til tilbudet ditt.<\/span><\/p>\n","protected":false},"excerpt":{"rendered":"<p>Kunstmessig misformet bolle i smeltet glass p\u00e5 tre \u2013 en fengslende blanding av kunst og naturlig sjarm. Det kreativt misformede designet p\u00e5 bollen i smeltet glass introduserer et snev av individualitet og danner et sl\u00e5ende midtpunkt. Sammen med en Gamal-trebase er hver bolle kombinert med n\u00f8ye utvalgt treverk, noe som sikrer at hvert element i [&hellip;]<\/p>\n","protected":false},"featured_media":372610,"comment_status":"closed","ping_status":"open","template":"","meta":{"_angie_page":false},"product_brand":[],"product_cat":[10539,8394],"product_tag":[],"class_list":{"0":"post-208407","1":"product","2":"type-product","3":"status-publish","4":"has-post-thumbnail","6":"product_cat-glass-dekorasjoner","7":"product_cat-hjem-og-hage","8":"pa_collection-molten-glass-on-wood-no","9":"pa_made-in-indonesia","11":"first","12":"instock","13":"purchasable","14":"product-type-simple"},"supplier_id":null,"supplier_sku":"MGW-36","barcode":null,"atum_controlled":true,"out_stock_date":null,"out_stock_threshold":null,"inheritable":false,"inbound_stock":null,"stock_on_hold":0,"sold_today":0,"sales_last_days":0,"reserved_stock":null,"customer_returns":null,"warehouse_damage":null,"lost_in_post":null,"other_logs":null,"out_stock_days":0,"lost_sales":0,"has_location":null,"update_date":"2026-04-27T07:12:49","atum_locations":[],"atum_stock_status":"instock","restock_status":false,"low_stock_amount":"","sales_update_date":"2026-01-30T01:24:55","calc_backorders":null,"_links":{"self":[{"href":"https:\/\/aromasentia.com\/no\/wp-json\/wp\/v2\/product\/208407","targetHints":{"allow":["GET"]}}],"collection":[{"href":"https:\/\/aromasentia.com\/no\/wp-json\/wp\/v2\/product"}],"about":[{"href":"https:\/\/aromasentia.com\/no\/wp-json\/wp\/v2\/types\/product"}],"replies":[{"embeddable":true,"href":"https:\/\/aromasentia.com\/no\/wp-json\/wp\/v2\/comments?post=208407"}],"version-history":[{"count":0,"href":"https:\/\/aromasentia.com\/no\/wp-json\/wp\/v2\/product\/208407\/revisions"}],"wp:featuredmedia":[{"embeddable":true,"href":"https:\/\/aromasentia.com\/no\/wp-json\/wp\/v2\/media\/372610"}],"wp:attachment":[{"href":"https:\/\/aromasentia.com\/no\/wp-json\/wp\/v2\/media?parent=208407"}],"wp:term":[{"taxonomy":"product_brand","embeddable":true,"href":"https:\/\/aromasentia.com\/no\/wp-json\/wp\/v2\/product_brand?post=208407"},{"taxonomy":"product_cat","embeddable":true,"href":"https:\/\/aromasentia.com\/no\/wp-json\/wp\/v2\/product_cat?post=208407"},{"taxonomy":"product_tag","embeddable":true,"href":"https:\/\/aromasentia.com\/no\/wp-json\/wp\/v2\/product_tag?post=208407"}],"curies":[{"name":"wp","href":"https:\/\/api.w.org\/{rel}","templated":true}]}}