{"id":208406,"date":"2025-03-22T16:05:46","date_gmt":"2025-03-22T16:05:46","guid":{"rendered":"https:\/\/aromasentia.com\/product\/molten-glass-small-flower-vase-and-tealight-holder-on-wood\/"},"modified":"2025-05-31T04:59:33","modified_gmt":"2025-05-31T04:59:33","slug":"blomstervase-og-telysholder-i-smeltet-glass-pa-tre-liten","status":"publish","type":"product","link":"https:\/\/aromasentia.com\/no\/blomstervase-og-telysholder-i-smeltet-glass-pa-tre-liten\/","title":{"rendered":"Blomstervase Og Telysholder I Smeltet Glass P\u00e5 Tre Liten"},"content":{"rendered":"<p><span style=\"color: rgb(75, 80, 88);\"><strong>Liten blomstervase og telysholder i tre<\/strong> \u2013 en eksklusiv blanding av raffinement og organisk sjarm. Den klare, smeltede glassvasen og telysholderen er omhyggelig utformet og plassert p\u00e5 en s\u00e6regen&nbsp;<\/span><\/p>\n<p><span style=\"color: rgb(75, 80, 88);\">base i Gamal-tre, og tilf\u00f8rer varme og rustikk sjarm. Hver base i Gamal-tre er h\u00f8stet p\u00e5 b\u00e6rekraftig vis og er et mesterverk som viser frem s\u00e6regne \u00e5rem\u00f8nstre. Dette tilpasningsdyktige og visuelt fengslende tilbeh\u00f8ret blander s\u00f8ml\u00f8st moderne design med naturlige komponenter, og etablerer det som et s\u00e6regent tillegg til ethvert hjeminteri\u00f8r.<\/span><\/p>\n","protected":false},"excerpt":{"rendered":"<p>Liten blomstervase og telysholder i tre \u2013 en eksklusiv blanding av raffinement og organisk sjarm. Den klare, smeltede glassvasen og telysholderen er omhyggelig utformet og plassert p\u00e5 en s\u00e6regen&nbsp; base i Gamal-tre, og tilf\u00f8rer varme og rustikk sjarm. Hver base i Gamal-tre er h\u00f8stet p\u00e5 b\u00e6rekraftig vis og er et mesterverk som viser frem s\u00e6regne [&hellip;]<\/p>\n","protected":false},"featured_media":372585,"comment_status":"closed","ping_status":"open","template":"","meta":{"_angie_page":false},"product_brand":[],"product_cat":[10539,8394],"product_tag":[],"class_list":{"0":"post-208406","1":"product","2":"type-product","3":"status-publish","4":"has-post-thumbnail","6":"product_cat-glass-dekorasjoner","7":"product_cat-hjem-og-hage","8":"pa_collection-molten-glass-on-wood-no","9":"pa_made-in-indonesia","11":"first","12":"instock","13":"purchasable","14":"product-type-simple"},"supplier_id":null,"supplier_sku":"MGW-35","barcode":null,"atum_controlled":true,"out_stock_date":null,"out_stock_threshold":null,"inheritable":false,"inbound_stock":null,"stock_on_hold":0,"sold_today":0,"sales_last_days":0,"reserved_stock":null,"customer_returns":null,"warehouse_damage":null,"lost_in_post":null,"other_logs":null,"out_stock_days":98,"lost_sales":0,"has_location":null,"update_date":"2026-04-27T07:12:49","atum_locations":[],"atum_stock_status":"instock","restock_status":false,"low_stock_amount":"","sales_update_date":"2026-02-06T00:01:09","calc_backorders":null,"_links":{"self":[{"href":"https:\/\/aromasentia.com\/no\/wp-json\/wp\/v2\/product\/208406","targetHints":{"allow":["GET"]}}],"collection":[{"href":"https:\/\/aromasentia.com\/no\/wp-json\/wp\/v2\/product"}],"about":[{"href":"https:\/\/aromasentia.com\/no\/wp-json\/wp\/v2\/types\/product"}],"replies":[{"embeddable":true,"href":"https:\/\/aromasentia.com\/no\/wp-json\/wp\/v2\/comments?post=208406"}],"version-history":[{"count":0,"href":"https:\/\/aromasentia.com\/no\/wp-json\/wp\/v2\/product\/208406\/revisions"}],"wp:featuredmedia":[{"embeddable":true,"href":"https:\/\/aromasentia.com\/no\/wp-json\/wp\/v2\/media\/372585"}],"wp:attachment":[{"href":"https:\/\/aromasentia.com\/no\/wp-json\/wp\/v2\/media?parent=208406"}],"wp:term":[{"taxonomy":"product_brand","embeddable":true,"href":"https:\/\/aromasentia.com\/no\/wp-json\/wp\/v2\/product_brand?post=208406"},{"taxonomy":"product_cat","embeddable":true,"href":"https:\/\/aromasentia.com\/no\/wp-json\/wp\/v2\/product_cat?post=208406"},{"taxonomy":"product_tag","embeddable":true,"href":"https:\/\/aromasentia.com\/no\/wp-json\/wp\/v2\/product_tag?post=208406"}],"curies":[{"name":"wp","href":"https:\/\/api.w.org\/{rel}","templated":true}]}}