{"id":208404,"date":"2025-03-22T16:05:46","date_gmt":"2025-03-22T16:05:46","guid":{"rendered":"https:\/\/aromasentia.com\/product\/molten-crackled-glass-tank-on-wood\/"},"modified":"2025-05-31T04:59:24","modified_gmt":"2025-05-31T04:59:24","slug":"tank-i-smeltet-krakelert-glass-pa-tre","status":"publish","type":"product","link":"https:\/\/aromasentia.com\/no\/tank-i-smeltet-krakelert-glass-pa-tre\/","title":{"rendered":"Tank I Smeltet Krakelert Glass P\u00e5 Tre"},"content":{"rendered":"<p><span style=\"color: rgb(75, 80, 88);\">Vi introduserer en Bali-sensasjon: H\u00e5ndlaget smeltet glass p\u00e5 tre, et sant mesterverk som har tatt Bali med storm!<\/span><\/p>\n<p><span style=\"color: rgb(75, 80, 88);\">H\u00e5ndlaget p\u00e5 Bali med et snev av kunstnerisk utf\u00f8relse, forener disse <strong>smeltede krakelerte glasstankene p\u00e5 tre<\/strong>to verdener i perfekt harmoni: det naturlige og det kunstneriske; det rustikke og det sofistikerte; det funksjonelle og det spirituelle. Prosessen begynner med dyktig h\u00e5ndbl\u00e5sing av glass, etterfulgt av den kunstneriske avslapningen av glasset over en balinesisk Gamal-trerot mens det fortsatt er varmt. Etter hvert som glasset avkj\u00f8les og st\u00f8rkner, former det seg grasi\u00f8st etter treverkets konturer og skaper en perfekt fusjon.<\/span><\/p>\n<p><span style=\"color: rgb(75, 80, 88);\">\u00d8nsk naturens skj\u00f8nnhet velkommen inn i rommene dine med disse utrolig fantastiske og overraskende rimelige kunstverkene. Kundene dine vil garantert forelske seg i disse unike kreasjonene \u2013 en fengslende blanding av kunst og natur.<\/span><\/p>\n<p><span style=\"color: rgb(75, 80, 88);\"><strong>Merk: P\u00e5 grunn av den h\u00e5ndlagde naturen til dette produktet, kan det v\u00e6re sm\u00e5 ufullkommenheter i glasset, for eksempel sm\u00e5 bobler og lette riper. St\u00f8rrelser og design kan variere noe.<\/strong><\/span><\/p>\n<p><span style=\"color: rgb(141, 186, 216);\"><strong>Lag en vakker naturlig utstilling og \u00f8k salget. Legg til i produktportef\u00f8ljen i dag.<\/strong><\/span><\/p>\n","protected":false},"excerpt":{"rendered":"<p>Vi introduserer en Bali-sensasjon: H\u00e5ndlaget smeltet glass p\u00e5 tre, et sant mesterverk som har tatt Bali med storm! H\u00e5ndlaget p\u00e5 Bali med et snev av kunstnerisk utf\u00f8relse, forener disse smeltede krakelerte glasstankene p\u00e5 treto verdener i perfekt harmoni: det naturlige og det kunstneriske; det rustikke og det sofistikerte; det funksjonelle og det spirituelle. Prosessen begynner [&hellip;]<\/p>\n","protected":false},"featured_media":372543,"comment_status":"closed","ping_status":"open","template":"","meta":{"_angie_page":false},"product_brand":[],"product_cat":[10539,8394],"product_tag":[],"class_list":{"0":"post-208404","1":"product","2":"type-product","3":"status-publish","4":"has-post-thumbnail","6":"product_cat-glass-dekorasjoner","7":"product_cat-hjem-og-hage","8":"pa_collection-molten-glass-on-wood-no","9":"pa_made-in-indonesia","11":"first","12":"instock","13":"purchasable","14":"product-type-simple"},"supplier_id":null,"supplier_sku":"MGW-37","barcode":null,"atum_controlled":true,"out_stock_date":null,"out_stock_threshold":null,"inheritable":false,"inbound_stock":null,"stock_on_hold":0,"sold_today":0,"sales_last_days":0,"reserved_stock":null,"customer_returns":null,"warehouse_damage":null,"lost_in_post":null,"other_logs":null,"out_stock_days":0,"lost_sales":0,"has_location":null,"update_date":"2026-05-08T05:13:10","atum_locations":[],"atum_stock_status":"instock","restock_status":false,"low_stock_amount":"","sales_update_date":"2026-02-06T00:02:06","calc_backorders":null,"_links":{"self":[{"href":"https:\/\/aromasentia.com\/no\/wp-json\/wp\/v2\/product\/208404","targetHints":{"allow":["GET"]}}],"collection":[{"href":"https:\/\/aromasentia.com\/no\/wp-json\/wp\/v2\/product"}],"about":[{"href":"https:\/\/aromasentia.com\/no\/wp-json\/wp\/v2\/types\/product"}],"replies":[{"embeddable":true,"href":"https:\/\/aromasentia.com\/no\/wp-json\/wp\/v2\/comments?post=208404"}],"version-history":[{"count":0,"href":"https:\/\/aromasentia.com\/no\/wp-json\/wp\/v2\/product\/208404\/revisions"}],"wp:featuredmedia":[{"embeddable":true,"href":"https:\/\/aromasentia.com\/no\/wp-json\/wp\/v2\/media\/372543"}],"wp:attachment":[{"href":"https:\/\/aromasentia.com\/no\/wp-json\/wp\/v2\/media?parent=208404"}],"wp:term":[{"taxonomy":"product_brand","embeddable":true,"href":"https:\/\/aromasentia.com\/no\/wp-json\/wp\/v2\/product_brand?post=208404"},{"taxonomy":"product_cat","embeddable":true,"href":"https:\/\/aromasentia.com\/no\/wp-json\/wp\/v2\/product_cat?post=208404"},{"taxonomy":"product_tag","embeddable":true,"href":"https:\/\/aromasentia.com\/no\/wp-json\/wp\/v2\/product_tag?post=208404"}],"curies":[{"name":"wp","href":"https:\/\/api.w.org\/{rel}","templated":true}]}}