{"id":208403,"date":"2025-03-22T16:05:46","date_gmt":"2025-03-22T16:05:46","guid":{"rendered":"https:\/\/aromasentia.com\/product\/molton-glass-mini-blue-bowl-on-wood\/"},"modified":"2025-05-31T04:59:21","modified_gmt":"2025-05-31T04:59:21","slug":"smeltet-glass-mini-blue-bowl-pa-tre","status":"publish","type":"product","link":"https:\/\/aromasentia.com\/no\/smeltet-glass-mini-blue-bowl-pa-tre\/","title":{"rendered":"Smeltet Glass Mini Blue Bowl P\u00e5 Tre"},"content":{"rendered":"<p><strong>Grosshandel Molten Glass Mini Blue Bowl p\u00e5 tre<\/strong><\/p>\n<p>Som du vet er alt som har med potteplanter \u00e5 gj\u00f8re og som er naturlig en stor trend, og dette vakre og naturlige produktet er midt i blinken. De er laget for h\u00e5nd av resirkulert glass og gamalt treverk. Disse vakre, smeltede glassbitene forener det beste fra to verdener: naturlig og menneskeskapt; jordn\u00e6rt og elegant; praktisk og spirituelt.&nbsp;<\/p>\n<p>Produktst\u00f8rrelse: sk\u00e5l p\u00e5 tre: L:12cm H:7cm &nbsp;sk\u00e5lst\u00f8rrelse: D: 6cm H:5cm Vekt: 400g&nbsp;<\/p>\n<p><em>V\u00e6r oppmerksom p\u00e5 at p\u00e5 grunn av dette produktets h\u00e5ndlagde natur kan det v\u00e6re sm\u00e5 ufullkommenheter i glasset, for eksempel sm\u00e5 bobler, lette riper. St\u00f8rrelser og design kan variere noe.<\/em><\/p>\n","protected":false},"excerpt":{"rendered":"<p>Grosshandel Molten Glass Mini Blue Bowl p\u00e5 tre Som du vet er alt som har med potteplanter \u00e5 gj\u00f8re og som er naturlig en stor trend, og dette vakre og naturlige produktet er midt i blinken. De er laget for h\u00e5nd av resirkulert glass og gamalt treverk. Disse vakre, smeltede glassbitene forener det beste fra [&hellip;]<\/p>\n","protected":false},"featured_media":372510,"comment_status":"closed","ping_status":"open","template":"","meta":{"_angie_page":false},"product_brand":[],"product_cat":[10539,8394],"product_tag":[],"class_list":{"0":"post-208403","1":"product","2":"type-product","3":"status-publish","4":"has-post-thumbnail","6":"product_cat-glass-dekorasjoner","7":"product_cat-hjem-og-hage","8":"pa_collection-molten-glass-on-wood-no","9":"pa_made-in-indonesia","11":"first","12":"instock","13":"purchasable","14":"product-type-simple"},"supplier_id":null,"supplier_sku":"MGW-34","barcode":null,"atum_controlled":true,"out_stock_date":null,"out_stock_threshold":null,"inheritable":false,"inbound_stock":null,"stock_on_hold":0,"sold_today":0,"sales_last_days":0,"reserved_stock":null,"customer_returns":null,"warehouse_damage":null,"lost_in_post":null,"other_logs":null,"out_stock_days":0,"lost_sales":0,"has_location":null,"update_date":"2026-05-08T05:13:10","atum_locations":[],"atum_stock_status":"instock","restock_status":false,"low_stock_amount":"","sales_update_date":"2025-09-05T00:29:31","calc_backorders":null,"_links":{"self":[{"href":"https:\/\/aromasentia.com\/no\/wp-json\/wp\/v2\/product\/208403","targetHints":{"allow":["GET"]}}],"collection":[{"href":"https:\/\/aromasentia.com\/no\/wp-json\/wp\/v2\/product"}],"about":[{"href":"https:\/\/aromasentia.com\/no\/wp-json\/wp\/v2\/types\/product"}],"replies":[{"embeddable":true,"href":"https:\/\/aromasentia.com\/no\/wp-json\/wp\/v2\/comments?post=208403"}],"version-history":[{"count":0,"href":"https:\/\/aromasentia.com\/no\/wp-json\/wp\/v2\/product\/208403\/revisions"}],"wp:featuredmedia":[{"embeddable":true,"href":"https:\/\/aromasentia.com\/no\/wp-json\/wp\/v2\/media\/372510"}],"wp:attachment":[{"href":"https:\/\/aromasentia.com\/no\/wp-json\/wp\/v2\/media?parent=208403"}],"wp:term":[{"taxonomy":"product_brand","embeddable":true,"href":"https:\/\/aromasentia.com\/no\/wp-json\/wp\/v2\/product_brand?post=208403"},{"taxonomy":"product_cat","embeddable":true,"href":"https:\/\/aromasentia.com\/no\/wp-json\/wp\/v2\/product_cat?post=208403"},{"taxonomy":"product_tag","embeddable":true,"href":"https:\/\/aromasentia.com\/no\/wp-json\/wp\/v2\/product_tag?post=208403"}],"curies":[{"name":"wp","href":"https:\/\/api.w.org\/{rel}","templated":true}]}}