{"id":208402,"date":"2025-03-22T16:05:46","date_gmt":"2025-03-22T16:05:46","guid":{"rendered":"https:\/\/aromasentia.com\/product\/molton-glass-v-shaped-art-vase-on-wood\/"},"modified":"2025-05-31T04:59:18","modified_gmt":"2025-05-31T04:59:18","slug":"smeltet-glass-v-formet-kunstvase-pa-tre","status":"publish","type":"product","link":"https:\/\/aromasentia.com\/no\/smeltet-glass-v-formet-kunstvase-pa-tre\/","title":{"rendered":"Smeltet Glass V-Formet Kunstvase P\u00e5 Tre"},"content":{"rendered":"<p><strong>Ancient Wisdom Handmade Melted Glass on Wood<\/strong> er endelig her. Sannsynligvis det beste som har kommet fra Bali p\u00e5 mange \u00e5r. I Holland er det allerede en massiv trend. Alt som har med potteplanter \u00e5 gj\u00f8re og som er naturlig er en stor trend, og dette vakre og naturlige produktet er midt i blinken. De er laget for h\u00e5nd p\u00e5 Bali av resirkulert glass og balinesisk Gamal-tre. Denne fantastiske vasen i smeltet kunstglass forener det beste fra to verdener: naturlig og menneskeskapt, jordn\u00e6rt og elegant, og praktisk og \u00e5ndelig.&nbsp;<\/p>\n<p>Glasset er h\u00e5ndbl\u00e5st, og mens det fortsatt er varmt, blir det avslappet over et stykke Gamal-rot. Glasset stivner og tilpasser seg treets form, noe som sikrer en perfekt passform. De er laget med et naturprodukt og h\u00e5ndverkt\u00f8y p\u00e5 tradisjonelt balinesisk vis. Hver gjenstand er unik, siden de er laget av naturlig, b\u00e6rekraftig Gamal-tre, og det resirkulerte glasset er formet etter det, noe som bidrar til autentisiteten. <strong>Kundene dine vil elske det.<\/strong> De kan brukes til potteplanter, zen-hager eller flytende lys.<\/p>\n<p>Bring naturen inn med disse fantastiske og rimelige naturlige kunstverkene.<\/p>\n<p><strong>Lag en nydelig, naturlig utstilling og f\u00e5 et godt salg. Bestill i dag.<\/strong><\/p>\n<p><strong>St\u00f8rrelse: H:20cm D:9cm, B:14cm, 600ml (v\u00e6r oppmerksom p\u00e5 at st\u00f8rrelsene kan variere noe)&nbsp;<\/strong><\/p>\n<p><\/p>\n<p><strong>V\u00e6r oppmerksom p\u00e5: P\u00e5 grunn av at dette produktet er h\u00e5ndlaget, kan det forekomme mindre ujevnheter i glasset, for eksempel sm\u00e5 bobler og lette riper. St\u00f8rrelser og design kan variere noe.<\/strong><\/p>\n","protected":false},"excerpt":{"rendered":"<p>Ancient Wisdom Handmade Melted Glass on Wood er endelig her. Sannsynligvis det beste som har kommet fra Bali p\u00e5 mange \u00e5r. I Holland er det allerede en massiv trend. Alt som har med potteplanter \u00e5 gj\u00f8re og som er naturlig er en stor trend, og dette vakre og naturlige produktet er midt i blinken. De [&hellip;]<\/p>\n","protected":false},"featured_media":372493,"comment_status":"closed","ping_status":"open","template":"","meta":{"_angie_page":false},"product_brand":[],"product_cat":[10539,8394],"product_tag":[],"class_list":{"0":"post-208402","1":"product","2":"type-product","3":"status-publish","4":"has-post-thumbnail","6":"product_cat-glass-dekorasjoner","7":"product_cat-hjem-og-hage","8":"pa_collection-molten-glass-on-wood-no","9":"pa_made-in-indonesia","11":"first","12":"instock","13":"purchasable","14":"product-type-simple"},"supplier_id":null,"supplier_sku":"MGW-29","barcode":null,"atum_controlled":true,"out_stock_date":null,"out_stock_threshold":null,"inheritable":false,"inbound_stock":null,"stock_on_hold":0,"sold_today":0,"sales_last_days":0,"reserved_stock":null,"customer_returns":null,"warehouse_damage":null,"lost_in_post":null,"other_logs":null,"out_stock_days":0,"lost_sales":0,"has_location":null,"update_date":"2026-05-08T05:13:10","atum_locations":[],"atum_stock_status":"instock","restock_status":false,"low_stock_amount":"","sales_update_date":"2026-02-06T00:02:04","calc_backorders":null,"_links":{"self":[{"href":"https:\/\/aromasentia.com\/no\/wp-json\/wp\/v2\/product\/208402","targetHints":{"allow":["GET"]}}],"collection":[{"href":"https:\/\/aromasentia.com\/no\/wp-json\/wp\/v2\/product"}],"about":[{"href":"https:\/\/aromasentia.com\/no\/wp-json\/wp\/v2\/types\/product"}],"replies":[{"embeddable":true,"href":"https:\/\/aromasentia.com\/no\/wp-json\/wp\/v2\/comments?post=208402"}],"version-history":[{"count":0,"href":"https:\/\/aromasentia.com\/no\/wp-json\/wp\/v2\/product\/208402\/revisions"}],"wp:featuredmedia":[{"embeddable":true,"href":"https:\/\/aromasentia.com\/no\/wp-json\/wp\/v2\/media\/372493"}],"wp:attachment":[{"href":"https:\/\/aromasentia.com\/no\/wp-json\/wp\/v2\/media?parent=208402"}],"wp:term":[{"taxonomy":"product_brand","embeddable":true,"href":"https:\/\/aromasentia.com\/no\/wp-json\/wp\/v2\/product_brand?post=208402"},{"taxonomy":"product_cat","embeddable":true,"href":"https:\/\/aromasentia.com\/no\/wp-json\/wp\/v2\/product_cat?post=208402"},{"taxonomy":"product_tag","embeddable":true,"href":"https:\/\/aromasentia.com\/no\/wp-json\/wp\/v2\/product_tag?post=208402"}],"curies":[{"name":"wp","href":"https:\/\/api.w.org\/{rel}","templated":true}]}}