{"id":208395,"date":"2025-03-22T16:05:57","date_gmt":"2025-03-22T16:05:57","guid":{"rendered":"https:\/\/aromasentia.com\/product\/recycled-beer-bottles-mini-flower-vase-on-wood\/"},"modified":"2025-05-31T04:58:58","modified_gmt":"2025-05-31T04:58:58","slug":"resirkulerte-olflasker-mini-blomstervase-pa-tre","status":"publish","type":"product","link":"https:\/\/aromasentia.com\/no\/resirkulerte-olflasker-mini-blomstervase-pa-tre\/","title":{"rendered":"Resirkulerte \u00d8lflasker &#8211; Mini Blomstervase P\u00e5 Tre"},"content":{"rendered":"<p><span style=\"color: rgb(75, 80, 88);\"><strong>Smeltede resirkulerte \u00f8lflasker i glass p\u00e5 tre<\/strong> er et unikt og milj\u00f8vennlig produkt som kombinerer skj\u00f8nnheten i gr\u00f8nt glass med varmen fra naturlig tre. Produktet er laget ved \u00e5 smelte brukte \u00f8lflasker og forme dem til en vakker, organisk form. Det smeltede glasset settes deretter p\u00e5 en base av tre, noe som gir et jordn\u00e6rt og rustikt preg til det overordnede designet.<\/span><\/p>\n<p><span style=\"color: rgb(75, 80, 88);\">Prosessen med \u00e5 lage&nbsp;Smeltede resirkulerte \u00f8lflasker i glass p\u00e5 tre&nbsp;inneb\u00e6rer mye ferdigheter og h\u00e5ndverk. Hvert produkt er h\u00e5ndlaget og unikt, noe som betyr at ingen produkter vil v\u00e6re helt like. Dette gj\u00f8r hvert element til et unikt kunstverk som vil gi et snev av eleganse og individualitet til ethvert rom.<\/span><\/p>\n<p><span style=\"color: rgb(75, 80, 88);\">Merk: P\u00e5 grunn av den h\u00e5ndlagde naturen til dette produktet, kan det v\u00e6re sm\u00e5 ufullkommenheter i glasset, som sm\u00e5 bobler og lette riper. St\u00f8rrelser og design kan variere noe. &nbsp;<\/span><\/p>\n<p><span style=\"color: rgb(75, 80, 88);\"><strong>H\u00e5ndlaget i Indonesia \u2013 Hvert element er unikt \u2013 Laget av resirkulerte \u00f8lflasker &nbsp;<\/strong><\/span><\/p>\n<p><span style=\"color: rgb(75, 80, 88);\">Ca. m\u00e5l:<\/span><\/p>\n<p><span style=\"color: rgb(75, 80, 88);\">L: 12 cm<\/span><\/p>\n<p><span style=\"color: rgb(75, 80, 88);\">B: 8 cm<\/span><\/p>\n<p><span style=\"color: rgb(75, 80, 88);\">H: 10,5 cm<\/span><\/p>\n<p><span style=\"color: rgb(75, 80, 88);\">Diameter \u00f8verst: 2 cm<\/span><\/p>\n<p><span style=\"color: rgb(75, 80, 88);\">Kapasitet: 25 ml<\/span><\/p>\n","protected":false},"excerpt":{"rendered":"<p>Smeltede resirkulerte \u00f8lflasker i glass p\u00e5 tre er et unikt og milj\u00f8vennlig produkt som kombinerer skj\u00f8nnheten i gr\u00f8nt glass med varmen fra naturlig tre. Produktet er laget ved \u00e5 smelte brukte \u00f8lflasker og forme dem til en vakker, organisk form. Det smeltede glasset settes deretter p\u00e5 en base av tre, noe som gir et jordn\u00e6rt [&hellip;]<\/p>\n","protected":false},"featured_media":377010,"comment_status":"closed","ping_status":"open","template":"","meta":[],"product_brand":[],"product_cat":[10539,8394,10412],"product_tag":[],"class_list":{"0":"post-208395","1":"product","2":"type-product","3":"status-publish","4":"has-post-thumbnail","6":"product_cat-glass-dekorasjoner","7":"product_cat-hjem-og-hage","8":"product_cat-tredekorasjoner","9":"pa_collection-molten-recycled-beer-bottles-glass-on-wood-no","10":"pa_made-in-indonesia","12":"first","13":"outofstock","14":"purchasable","15":"product-type-simple"},"supplier_id":null,"supplier_sku":"RBB-07","barcode":null,"atum_controlled":true,"out_stock_date":"2025-09-05 13:57:45","out_stock_threshold":null,"inheritable":false,"inbound_stock":null,"stock_on_hold":0,"sold_today":0,"sales_last_days":0,"reserved_stock":null,"customer_returns":null,"warehouse_damage":null,"lost_in_post":null,"other_logs":null,"out_stock_days":153,"lost_sales":0,"has_location":null,"update_date":"2026-02-06T00:01:06","atum_locations":[],"atum_stock_status":"outofstock","restock_status":false,"low_stock_amount":"","sales_update_date":"2026-02-06T00:01:06","calc_backorders":null,"_links":{"self":[{"href":"https:\/\/aromasentia.com\/no\/wp-json\/wp\/v2\/product\/208395","targetHints":{"allow":["GET"]}}],"collection":[{"href":"https:\/\/aromasentia.com\/no\/wp-json\/wp\/v2\/product"}],"about":[{"href":"https:\/\/aromasentia.com\/no\/wp-json\/wp\/v2\/types\/product"}],"replies":[{"embeddable":true,"href":"https:\/\/aromasentia.com\/no\/wp-json\/wp\/v2\/comments?post=208395"}],"version-history":[{"count":0,"href":"https:\/\/aromasentia.com\/no\/wp-json\/wp\/v2\/product\/208395\/revisions"}],"wp:featuredmedia":[{"embeddable":true,"href":"https:\/\/aromasentia.com\/no\/wp-json\/wp\/v2\/media\/377010"}],"wp:attachment":[{"href":"https:\/\/aromasentia.com\/no\/wp-json\/wp\/v2\/media?parent=208395"}],"wp:term":[{"taxonomy":"product_brand","embeddable":true,"href":"https:\/\/aromasentia.com\/no\/wp-json\/wp\/v2\/product_brand?post=208395"},{"taxonomy":"product_cat","embeddable":true,"href":"https:\/\/aromasentia.com\/no\/wp-json\/wp\/v2\/product_cat?post=208395"},{"taxonomy":"product_tag","embeddable":true,"href":"https:\/\/aromasentia.com\/no\/wp-json\/wp\/v2\/product_tag?post=208395"}],"curies":[{"name":"wp","href":"https:\/\/api.w.org\/{rel}","templated":true}]}}