{"id":208388,"date":"2025-03-22T16:05:57","date_gmt":"2025-03-22T16:05:57","guid":{"rendered":"https:\/\/aromasentia.com\/product\/set-of-2-himalayan-salt-shot-glasses-wood-serving-stand\/"},"modified":"2025-05-31T04:58:38","modified_gmt":"2025-05-31T04:58:38","slug":"2stk-glass-med-himalayasalt-og-serveringsstativ-i-tre","status":"publish","type":"product","link":"https:\/\/aromasentia.com\/no\/2stk-glass-med-himalayasalt-og-serveringsstativ-i-tre\/","title":{"rendered":"2Stk. Glass med Himalayasalt Og Serveringsstativ I Tre"},"content":{"rendered":"<p>Den ultimate m\u00e5ten \u00e5 servere tequila i rene, naturlige Himalaya-saltglass. Dine glade kunder kommer til \u00e5 elske \u00e5 drikke shots med disse. Salt er naturlig antibakterielt og superstabilt, noe som betyr at de holder til flere runder. Sk\u00e5l!<\/p>\n<p>En perfekt gave til alle som liker et shot. Et attraktivt tillegg til ethvert drikkeskap, og hvilken bedre gave til farsdagen?<\/p>\n<p>Siden disse er laget av rent salt, vil de l\u00f8se seg opp. Bare t\u00f8rk av med en fuktig klut og deretter med en t\u00f8rr klut mellom hver bruk. Et serveringsbrett i naturlig utsk\u00e5ret tre presentert i en fin gaveeske.<\/p>\n<p>Et lettselgende premiumprodukt, sett det opp og gi salget ditt en sjanse! Siden dette er et helt naturlig produkt, kan fargen og vekten variere noe.<\/p>\n<ul style=\"padding: 0px; font-style: normal; font-variant-ligatures: normal; font-variant-caps: normal; font-weight: 400; letter-spacing: normal; orphans: 2; text-align: start; text-indent: 0px; text-transform: none; white-space: normal; widows: 2; -webkit-text-stroke-width: 0px; text-decoration-thickness: initial; text-decoration-style: initial; text-decoration-color: initial; box-sizing: border-box; margin-left: 30px; color: rgb(0, 0, 0); font-family: Lato, Arial, sans-serif; font-size: 14px; word-spacing: 1.2px; background-color: rgb(255, 255, 255);\">\n<li style=\"box-sizing: border-box;\">Salt er naturlig antibakterielt, s\u00e5 ikke bruk vaskemidler<\/li>\n<li style=\"box-sizing: border-box;\">For \u00e5 rengj\u00f8re, skyll bare med vann og t\u00f8rk med en klut<\/li>\n<li style=\"box-sizing: border-box;\">M\u00e5 aldri settes i oppvaskmaskinen<\/li>\n<\/ul>\n<p>Glassets vekt: 0,200 gram<\/p>\n<p>Glassst\u00f8rrelse: H:7,5 cm D:3 cmVekt p\u00e5 brettet med to glass: 0,542 gram<\/p>\n<p><\/p>\n","protected":false},"excerpt":{"rendered":"<p>Den ultimate m\u00e5ten \u00e5 servere tequila i rene, naturlige Himalaya-saltglass. Dine glade kunder kommer til \u00e5 elske \u00e5 drikke shots med disse. Salt er naturlig antibakterielt og superstabilt, noe som betyr at de holder til flere runder. Sk\u00e5l! En perfekt gave til alle som liker et shot. Et attraktivt tillegg til ethvert drikkeskap, og hvilken [&hellip;]<\/p>\n","protected":false},"featured_media":376867,"comment_status":"closed","ping_status":"open","template":"","meta":{"_angie_page":false},"product_brand":[],"product_cat":[8394,10420],"product_tag":[],"class_list":{"0":"post-208388","1":"product","2":"type-product","3":"status-publish","4":"has-post-thumbnail","6":"product_cat-hjem-og-hage","7":"product_cat-kjokken-og-tilbehor","8":"pa_collection-himalayan-salt-shot-glasses-wood-serving-tray-no","9":"pa_made-in-pakistan","11":"first","12":"instock","13":"purchasable","14":"product-type-simple"},"supplier_id":null,"supplier_sku":"QsaltS-02","barcode":null,"atum_controlled":true,"out_stock_date":null,"out_stock_threshold":null,"inheritable":false,"inbound_stock":null,"stock_on_hold":0,"sold_today":0,"sales_last_days":0,"reserved_stock":null,"customer_returns":null,"warehouse_damage":null,"lost_in_post":null,"other_logs":null,"out_stock_days":0,"lost_sales":0,"has_location":null,"update_date":"2026-05-08T05:17:58","atum_locations":[],"atum_stock_status":"instock","restock_status":false,"low_stock_amount":"","sales_update_date":"2026-02-06T00:01:27","calc_backorders":null,"_links":{"self":[{"href":"https:\/\/aromasentia.com\/no\/wp-json\/wp\/v2\/product\/208388","targetHints":{"allow":["GET"]}}],"collection":[{"href":"https:\/\/aromasentia.com\/no\/wp-json\/wp\/v2\/product"}],"about":[{"href":"https:\/\/aromasentia.com\/no\/wp-json\/wp\/v2\/types\/product"}],"replies":[{"embeddable":true,"href":"https:\/\/aromasentia.com\/no\/wp-json\/wp\/v2\/comments?post=208388"}],"version-history":[{"count":0,"href":"https:\/\/aromasentia.com\/no\/wp-json\/wp\/v2\/product\/208388\/revisions"}],"wp:featuredmedia":[{"embeddable":true,"href":"https:\/\/aromasentia.com\/no\/wp-json\/wp\/v2\/media\/376867"}],"wp:attachment":[{"href":"https:\/\/aromasentia.com\/no\/wp-json\/wp\/v2\/media?parent=208388"}],"wp:term":[{"taxonomy":"product_brand","embeddable":true,"href":"https:\/\/aromasentia.com\/no\/wp-json\/wp\/v2\/product_brand?post=208388"},{"taxonomy":"product_cat","embeddable":true,"href":"https:\/\/aromasentia.com\/no\/wp-json\/wp\/v2\/product_cat?post=208388"},{"taxonomy":"product_tag","embeddable":true,"href":"https:\/\/aromasentia.com\/no\/wp-json\/wp\/v2\/product_tag?post=208388"}],"curies":[{"name":"wp","href":"https:\/\/api.w.org\/{rel}","templated":true}]}}