{"id":208386,"date":"2025-03-22T16:05:57","date_gmt":"2025-03-22T16:05:57","guid":{"rendered":"https:\/\/aromasentia.com\/product\/salt-fire-bowl-and-chunks-15cm-x-9cm-2\/"},"modified":"2025-05-31T04:58:21","modified_gmt":"2025-05-31T04:58:21","slug":"saltbalskal-og-biter-15-cm-x-9-cm-2","status":"publish","type":"product","link":"https:\/\/aromasentia.com\/no\/saltbalskal-og-biter-15-cm-x-9-cm-2\/","title":{"rendered":"Saltb\u00e5lsk\u00e5l Og Biter &#8211; 15 cm x 9 cm"},"content":{"rendered":"<p>Skap en fortryllende stemning med denne Salt Fire Bowl and Chunks. Settet best\u00e5r av en sk\u00e5l (ca. 15 cm x 9 cm) sk\u00e5ret ut av himalayasalt og fylt med naturlige saltbiter. N\u00e5r et telys eller en liten lysp\u00e6re plasseres i eller under sk\u00e5len, gl\u00f8der saltbitene varmt, etterligner gl\u00f8rne i et b\u00e5l og frigj\u00f8r negative ioner som renser luften. Et vakkert og terapeutisk midtpunkt som gir en beroligende, opprinnelig gl\u00f8d og rensende energi til ethvert rom og fremmer avslapning.<\/p>\n","protected":false},"excerpt":{"rendered":"<p>Skap en fortryllende stemning med denne Salt Fire Bowl and Chunks. Settet best\u00e5r av en sk\u00e5l (ca. 15 cm x 9 cm) sk\u00e5ret ut av himalayasalt og fylt med naturlige saltbiter. N\u00e5r et telys eller en liten lysp\u00e6re plasseres i eller under sk\u00e5len, gl\u00f8der saltbitene varmt, etterligner gl\u00f8rne i et b\u00e5l og frigj\u00f8r negative ioner [&hellip;]<\/p>\n","protected":false},"featured_media":376777,"comment_status":"closed","ping_status":"open","template":"","meta":{"_angie_page":false},"product_brand":[],"product_cat":[9155,10480,8394,10475],"product_tag":[],"class_list":{"0":"post-208386","1":"product","2":"type-product","3":"status-publish","4":"has-post-thumbnail","6":"product_cat-esoteriske-gaver","7":"product_cat-himalaya-saltkrystall-lampe","8":"product_cat-hjem-og-hage","9":"product_cat-lamper-og-lykter","10":"pa_collection-himalayan-salt-lamps-candle-holders-no","12":"first","13":"instock","14":"purchasable","15":"product-type-simple"},"supplier_id":null,"supplier_sku":"QSalt-62UK","barcode":null,"atum_controlled":true,"out_stock_date":null,"out_stock_threshold":null,"inheritable":false,"inbound_stock":null,"stock_on_hold":0,"sold_today":0,"sales_last_days":0,"reserved_stock":null,"customer_returns":null,"warehouse_damage":null,"lost_in_post":null,"other_logs":null,"out_stock_days":0,"lost_sales":0,"has_location":null,"update_date":"2026-04-27T07:18:58","atum_locations":[],"atum_stock_status":"instock","restock_status":false,"low_stock_amount":"","sales_update_date":"2026-01-30T01:25:31","calc_backorders":null,"_links":{"self":[{"href":"https:\/\/aromasentia.com\/no\/wp-json\/wp\/v2\/product\/208386","targetHints":{"allow":["GET"]}}],"collection":[{"href":"https:\/\/aromasentia.com\/no\/wp-json\/wp\/v2\/product"}],"about":[{"href":"https:\/\/aromasentia.com\/no\/wp-json\/wp\/v2\/types\/product"}],"replies":[{"embeddable":true,"href":"https:\/\/aromasentia.com\/no\/wp-json\/wp\/v2\/comments?post=208386"}],"version-history":[{"count":0,"href":"https:\/\/aromasentia.com\/no\/wp-json\/wp\/v2\/product\/208386\/revisions"}],"wp:featuredmedia":[{"embeddable":true,"href":"https:\/\/aromasentia.com\/no\/wp-json\/wp\/v2\/media\/376777"}],"wp:attachment":[{"href":"https:\/\/aromasentia.com\/no\/wp-json\/wp\/v2\/media?parent=208386"}],"wp:term":[{"taxonomy":"product_brand","embeddable":true,"href":"https:\/\/aromasentia.com\/no\/wp-json\/wp\/v2\/product_brand?post=208386"},{"taxonomy":"product_cat","embeddable":true,"href":"https:\/\/aromasentia.com\/no\/wp-json\/wp\/v2\/product_cat?post=208386"},{"taxonomy":"product_tag","embeddable":true,"href":"https:\/\/aromasentia.com\/no\/wp-json\/wp\/v2\/product_tag?post=208386"}],"curies":[{"name":"wp","href":"https:\/\/api.w.org\/{rel}","templated":true}]}}