{"id":208385,"date":"2025-03-22T16:05:57","date_gmt":"2025-03-22T16:05:57","guid":{"rendered":"https:\/\/aromasentia.com\/product\/crystal-rock-himalayan-salt-lamp-apx-20-25kg\/"},"modified":"2025-05-31T04:58:18","modified_gmt":"2025-05-31T04:58:18","slug":"himalaya-saltlampe-saltkrystall-lampe-ca-20-25-kg","status":"publish","type":"product","link":"https:\/\/aromasentia.com\/no\/himalaya-saltlampe-saltkrystall-lampe-ca-20-25-kg\/","title":{"rendered":"Himalaya Saltlampe Saltkrystall Lampe &#8211; Ca. 20-25 Kg"},"content":{"rendered":"<p><span style=\"color: rgb(75, 80, 88);\">Introduser et fantastisk midtpunkt og et snev av naturlig skj\u00f8nnhet til butikken din med en enorm<strong>Crystal Rock Himalaya-saltlampe av h\u00f8y kvalitet (ca. 20\u201325 kg)!<\/strong><\/span><\/p>\n<p><span style=\"color: rgb(75, 80, 88);\">Hver lampe er et unikt mesterverk, laget av en massiv blokk med ekte Himalaya-salt. Dette imponerende stykket vil garantert v\u00e6re en samtalestarter og et fengslende h\u00f8ydepunkt i ethvert milj\u00f8.<\/span><\/p>\n<p><span style=\"color: rgb(75, 80, 88);\">Den store st\u00f8rrelsen skaper en dramatisk og \u00e6refryktinngytende lyseffekt. Se for deg en varm, stemningsfull gl\u00f8d som str\u00e5ler fra dette naturlige vidunderet, og fyller rommet ditt med de beroligende fargetonene av hvitt Himalaya-salt. Den vil fange kundenes oppmerksomhet, \u00f8ke salget og f\u00e5 butikken din til \u00e5 skille seg ut.<\/span><\/p>\n<p><span style=\"color: rgb(75, 80, 88);\"><strong>Legg til Quality Crystal Rock Himalayan Salt Lamp (20\u201325 kg) i produktportef\u00f8ljen din, og se salget skinne!<\/strong><\/span><\/p>\n","protected":false},"excerpt":{"rendered":"<p>Introduser et fantastisk midtpunkt og et snev av naturlig skj\u00f8nnhet til butikken din med en enormCrystal Rock Himalaya-saltlampe av h\u00f8y kvalitet (ca. 20\u201325 kg)! Hver lampe er et unikt mesterverk, laget av en massiv blokk med ekte Himalaya-salt. Dette imponerende stykket vil garantert v\u00e6re en samtalestarter og et fengslende h\u00f8ydepunkt i ethvert milj\u00f8. Den store [&hellip;]<\/p>\n","protected":false},"featured_media":376752,"comment_status":"closed","ping_status":"open","template":"","meta":{"_angie_page":false},"product_brand":[],"product_cat":[9155,10480,8394,10475],"product_tag":[],"class_list":{"0":"post-208385","1":"product","2":"type-product","3":"status-publish","4":"has-post-thumbnail","6":"product_cat-esoteriske-gaver","7":"product_cat-himalaya-saltkrystall-lampe","8":"product_cat-hjem-og-hage","9":"product_cat-lamper-og-lykter","10":"pa_collection-himalayan-salt-lamps-candle-holders-no","11":"pa_made-in-pakistan","13":"first","14":"instock","15":"purchasable","16":"product-type-simple"},"supplier_id":null,"supplier_sku":"QSalt-39W","barcode":null,"atum_controlled":true,"out_stock_date":null,"out_stock_threshold":null,"inheritable":false,"inbound_stock":null,"stock_on_hold":0,"sold_today":0,"sales_last_days":0,"reserved_stock":null,"customer_returns":null,"warehouse_damage":null,"lost_in_post":null,"other_logs":null,"out_stock_days":0,"lost_sales":0,"has_location":null,"update_date":"2026-04-27T07:18:58","atum_locations":[],"atum_stock_status":"instock","restock_status":false,"low_stock_amount":"","sales_update_date":"2025-09-04T00:29:41","calc_backorders":null,"_links":{"self":[{"href":"https:\/\/aromasentia.com\/no\/wp-json\/wp\/v2\/product\/208385","targetHints":{"allow":["GET"]}}],"collection":[{"href":"https:\/\/aromasentia.com\/no\/wp-json\/wp\/v2\/product"}],"about":[{"href":"https:\/\/aromasentia.com\/no\/wp-json\/wp\/v2\/types\/product"}],"replies":[{"embeddable":true,"href":"https:\/\/aromasentia.com\/no\/wp-json\/wp\/v2\/comments?post=208385"}],"version-history":[{"count":0,"href":"https:\/\/aromasentia.com\/no\/wp-json\/wp\/v2\/product\/208385\/revisions"}],"wp:featuredmedia":[{"embeddable":true,"href":"https:\/\/aromasentia.com\/no\/wp-json\/wp\/v2\/media\/376752"}],"wp:attachment":[{"href":"https:\/\/aromasentia.com\/no\/wp-json\/wp\/v2\/media?parent=208385"}],"wp:term":[{"taxonomy":"product_brand","embeddable":true,"href":"https:\/\/aromasentia.com\/no\/wp-json\/wp\/v2\/product_brand?post=208385"},{"taxonomy":"product_cat","embeddable":true,"href":"https:\/\/aromasentia.com\/no\/wp-json\/wp\/v2\/product_cat?post=208385"},{"taxonomy":"product_tag","embeddable":true,"href":"https:\/\/aromasentia.com\/no\/wp-json\/wp\/v2\/product_tag?post=208385"}],"curies":[{"name":"wp","href":"https:\/\/api.w.org\/{rel}","templated":true}]}}