{"id":208384,"date":"2025-03-22T16:05:57","date_gmt":"2025-03-22T16:05:57","guid":{"rendered":"https:\/\/aromasentia.com\/product\/crystal-rock-himalayan-salt-lamp-apx-1-5-2kg\/"},"modified":"2025-05-31T04:58:15","modified_gmt":"2025-05-31T04:58:15","slug":"himalaya-saltlampe-saltkrystall-lampe-ca-15-2-kg","status":"publish","type":"product","link":"https:\/\/aromasentia.com\/no\/himalaya-saltlampe-saltkrystall-lampe-ca-15-2-kg\/","title":{"rendered":"Himalaya Saltlampe Saltkrystall Lampe &#8211; Ca. 1,5 &#8211; 2 Kg"},"content":{"rendered":"<p><span style=\"color: rgb(75, 80, 88);\">Lys opp butikklokalet ditt og gi kundene dine et Himalaya-preg med v\u00e5r fortryllende<strong>Crystal Rock Himalaya Salt Lamp (ca. 1,5\u20132 kg)!<\/strong><\/span><\/p>\n<p><span style=\"color: rgb(75, 80, 88);\">H\u00e5ndlaget av autentisk Himalayasalt, har hver lampe sin egen distinkte st\u00f8rrelse, form og fargevariasjoner. Denne iboende unikheten garanterer at hver lampe blir en samtalestarter som l\u00f8fter enhver hjemmeinnredning med raffinement og sjarm.<\/span><\/p>\n<p><span style=\"color: rgb(75, 80, 88);\">Himalayasalt er kjent for sine potensielle helsefordeler, og antas \u00e5 avgi negative ioner, noe som fremmer luftrensing og en rolig atmosf\u00e6re. La kundene dine slappe av med den milde, varme gl\u00f8den fra Crystal Rock Himalayan Salt Lamp 1,5\u20132 kg.<\/span><\/p>\n<p><span style=\"color: rgb(75, 80, 88);\">Med Himalayan-saltprodukter i h\u00f8y ettersp\u00f8rsel blant kresne forbrukere, lover disse s\u00e6regne lampene et sterkt salgspotensial.<\/span><\/p>\n<p><strong><span style=\"color: rgb(75, 80, 88);\">Klar til bruk med EU-adapter og inkludert lysp\u00e6re.<\/span><\/strong> <\/p>\n<p><span style=\"color: rgb(141, 186, 216);\"><strong>Legg Crystal Rock Himalayan Salt Lamp til beholdningen din og lys opp salget ditt!<\/strong><\/span><\/p>\n","protected":false},"excerpt":{"rendered":"<p>Lys opp butikklokalet ditt og gi kundene dine et Himalaya-preg med v\u00e5r fortryllendeCrystal Rock Himalaya Salt Lamp (ca. 1,5\u20132 kg)! H\u00e5ndlaget av autentisk Himalayasalt, har hver lampe sin egen distinkte st\u00f8rrelse, form og fargevariasjoner. Denne iboende unikheten garanterer at hver lampe blir en samtalestarter som l\u00f8fter enhver hjemmeinnredning med raffinement og sjarm. Himalayasalt er kjent [&hellip;]<\/p>\n","protected":false},"featured_media":376703,"comment_status":"closed","ping_status":"open","template":"","meta":[],"product_brand":[],"product_cat":[9155,10480,8394,10475],"product_tag":[],"class_list":{"0":"post-208384","1":"product","2":"type-product","3":"status-publish","4":"has-post-thumbnail","6":"product_cat-esoteriske-gaver","7":"product_cat-himalaya-saltkrystall-lampe","8":"product_cat-hjem-og-hage","9":"product_cat-lamper-og-lykter","10":"pa_collection-himalayan-salt-lamps-candle-holders-no","11":"pa_made-in-pakistan","13":"first","14":"instock","15":"purchasable","16":"product-type-simple"},"supplier_id":null,"supplier_sku":"QSalt-26W","barcode":null,"atum_controlled":true,"out_stock_date":null,"out_stock_threshold":null,"inheritable":false,"inbound_stock":null,"stock_on_hold":0,"sold_today":0,"sales_last_days":0,"reserved_stock":null,"customer_returns":null,"warehouse_damage":null,"lost_in_post":null,"other_logs":null,"out_stock_days":0,"lost_sales":0,"has_location":null,"update_date":"2026-02-06T12:44:32","atum_locations":[],"atum_stock_status":"instock","restock_status":false,"low_stock_amount":"","sales_update_date":"2025-09-04T00:29:41","calc_backorders":null,"_links":{"self":[{"href":"https:\/\/aromasentia.com\/no\/wp-json\/wp\/v2\/product\/208384","targetHints":{"allow":["GET"]}}],"collection":[{"href":"https:\/\/aromasentia.com\/no\/wp-json\/wp\/v2\/product"}],"about":[{"href":"https:\/\/aromasentia.com\/no\/wp-json\/wp\/v2\/types\/product"}],"replies":[{"embeddable":true,"href":"https:\/\/aromasentia.com\/no\/wp-json\/wp\/v2\/comments?post=208384"}],"version-history":[{"count":0,"href":"https:\/\/aromasentia.com\/no\/wp-json\/wp\/v2\/product\/208384\/revisions"}],"wp:featuredmedia":[{"embeddable":true,"href":"https:\/\/aromasentia.com\/no\/wp-json\/wp\/v2\/media\/376703"}],"wp:attachment":[{"href":"https:\/\/aromasentia.com\/no\/wp-json\/wp\/v2\/media?parent=208384"}],"wp:term":[{"taxonomy":"product_brand","embeddable":true,"href":"https:\/\/aromasentia.com\/no\/wp-json\/wp\/v2\/product_brand?post=208384"},{"taxonomy":"product_cat","embeddable":true,"href":"https:\/\/aromasentia.com\/no\/wp-json\/wp\/v2\/product_cat?post=208384"},{"taxonomy":"product_tag","embeddable":true,"href":"https:\/\/aromasentia.com\/no\/wp-json\/wp\/v2\/product_tag?post=208384"}],"curies":[{"name":"wp","href":"https:\/\/api.w.org\/{rel}","templated":true}]}}