{"id":208376,"date":"2025-03-22T16:05:57","date_gmt":"2025-03-22T16:05:57","guid":{"rendered":"https:\/\/aromasentia.com\/product\/double-heart-salt-candle-holder-1kg\/"},"modified":"2025-05-31T04:57:44","modified_gmt":"2025-05-31T04:57:44","slug":"dobbelt-hjerte-saltkrystall-lysestake-1kg","status":"publish","type":"product","link":"https:\/\/aromasentia.com\/no\/dobbelt-hjerte-saltkrystall-lysestake-1kg\/","title":{"rendered":"Dobbelt Hjerte Saltkrystall Lysestake 1Kg"},"content":{"rendered":"<p>Ved \u00e5 bruke denne dobbelte hjerteformede Himalaya-krystallsaltlysestaken erstatter du de negativt ladede ionene i luften, noe som hjelper oss \u00e5 unng\u00e5 de p\u00e5st\u00e5tte fysiske og mentale skadene som den elektriske smogen skaper.<\/p>\n","protected":false},"excerpt":{"rendered":"<p>Ved \u00e5 bruke denne dobbelte hjerteformede Himalaya-krystallsaltlysestaken erstatter du de negativt ladede ionene i luften, noe som hjelper oss \u00e5 unng\u00e5 de p\u00e5st\u00e5tte fysiske og mentale skadene som den elektriske smogen skaper.<\/p>\n","protected":false},"featured_media":376487,"comment_status":"closed","ping_status":"open","template":"","meta":[],"product_brand":[],"product_cat":[9155,10480,9277,9270],"product_tag":[],"class_list":{"0":"post-208376","1":"product","2":"type-product","3":"status-publish","4":"has-post-thumbnail","6":"product_cat-esoteriske-gaver","7":"product_cat-himalaya-saltkrystall-lampe","8":"product_cat-lysestaker","9":"product_cat-lysestaker-og-stearinlys","10":"pa_collection-himalayan-salt-lamps-candle-holders-no","11":"pa_made-in-pakistan","13":"first","14":"instock","15":"purchasable","16":"product-type-simple"},"supplier_id":null,"supplier_sku":"QSalt-89N","barcode":null,"atum_controlled":true,"out_stock_date":null,"out_stock_threshold":null,"inheritable":false,"inbound_stock":null,"stock_on_hold":0,"sold_today":0,"sales_last_days":0,"reserved_stock":null,"customer_returns":null,"warehouse_damage":null,"lost_in_post":null,"other_logs":null,"out_stock_days":0,"lost_sales":0,"has_location":null,"update_date":"2026-02-09T22:31:10","atum_locations":[],"atum_stock_status":"instock","restock_status":false,"low_stock_amount":"","sales_update_date":"2026-01-30T01:24:44","calc_backorders":null,"_links":{"self":[{"href":"https:\/\/aromasentia.com\/no\/wp-json\/wp\/v2\/product\/208376","targetHints":{"allow":["GET"]}}],"collection":[{"href":"https:\/\/aromasentia.com\/no\/wp-json\/wp\/v2\/product"}],"about":[{"href":"https:\/\/aromasentia.com\/no\/wp-json\/wp\/v2\/types\/product"}],"replies":[{"embeddable":true,"href":"https:\/\/aromasentia.com\/no\/wp-json\/wp\/v2\/comments?post=208376"}],"version-history":[{"count":0,"href":"https:\/\/aromasentia.com\/no\/wp-json\/wp\/v2\/product\/208376\/revisions"}],"wp:featuredmedia":[{"embeddable":true,"href":"https:\/\/aromasentia.com\/no\/wp-json\/wp\/v2\/media\/376487"}],"wp:attachment":[{"href":"https:\/\/aromasentia.com\/no\/wp-json\/wp\/v2\/media?parent=208376"}],"wp:term":[{"taxonomy":"product_brand","embeddable":true,"href":"https:\/\/aromasentia.com\/no\/wp-json\/wp\/v2\/product_brand?post=208376"},{"taxonomy":"product_cat","embeddable":true,"href":"https:\/\/aromasentia.com\/no\/wp-json\/wp\/v2\/product_cat?post=208376"},{"taxonomy":"product_tag","embeddable":true,"href":"https:\/\/aromasentia.com\/no\/wp-json\/wp\/v2\/product_tag?post=208376"}],"curies":[{"name":"wp","href":"https:\/\/api.w.org\/{rel}","templated":true}]}}