{"id":208375,"date":"2025-03-22T16:05:57","date_gmt":"2025-03-22T16:05:57","guid":{"rendered":"https:\/\/aromasentia.com\/product\/grey-salt-candle-holder-600-800g\/"},"modified":"2025-05-31T04:57:41","modified_gmt":"2025-05-31T04:57:41","slug":"gra-saltkrystall-lysestake-600-800g","status":"publish","type":"product","link":"https:\/\/aromasentia.com\/no\/gra-saltkrystall-lysestake-600-800g\/","title":{"rendered":"Gr\u00e5 Saltkrystall Lysestake 600-800G"},"content":{"rendered":"<p><strong> Engros Himalaya saltlysestaker<\/strong>, med denne lysestaken kan du skape et varmt lys og forbedre atmosf\u00e6ren i hjemmet eller kontoret ditt, det vil absolutt v\u00e6re et fantastisk tillegg til ethvert rom, &nbsp;Dette er et naturlig produkt, de er laget av saltgrotter som finnes ved foten av Himalaya-fjellet. &nbsp;den st\u00f8rste fordelen med Himalaya saltlys er deres evne til \u00e5 ionisere luften. Disse steinene avgir negative ioner som gir balanse i milj\u00f8et ved \u00e5 holde seg til de positive ionene som sendes ut av elektroniske enheter, det vil si at de er i stand til \u00e5 absorbere overfl\u00f8dige elektromagnetiske b\u00f8lger.<\/p>\n<p>Bemerk: &nbsp;Hver holder er unik, naturlig saltlysestake st\u00f8rrelse og form kan variere.&nbsp;<\/p>\n<p> <strong>Hver saltlysestake veier ca. 600-800 g<\/strong><\/p>\n","protected":false},"excerpt":{"rendered":"<p>Engros Himalaya saltlysestaker, med denne lysestaken kan du skape et varmt lys og forbedre atmosf\u00e6ren i hjemmet eller kontoret ditt, det vil absolutt v\u00e6re et fantastisk tillegg til ethvert rom, &nbsp;Dette er et naturlig produkt, de er laget av saltgrotter som finnes ved foten av Himalaya-fjellet. &nbsp;den st\u00f8rste fordelen med Himalaya saltlys er deres evne [&hellip;]<\/p>\n","protected":false},"featured_media":376462,"comment_status":"closed","ping_status":"open","template":"","meta":[],"product_brand":[],"product_cat":[9155,10480,9277,9270],"product_tag":[],"class_list":{"0":"post-208375","1":"product","2":"type-product","3":"status-publish","4":"has-post-thumbnail","6":"product_cat-esoteriske-gaver","7":"product_cat-himalaya-saltkrystall-lampe","8":"product_cat-lysestaker","9":"product_cat-lysestaker-og-stearinlys","10":"pa_collection-himalayan-salt-lamps-candle-holders-no","11":"pa_made-in-pakistan","13":"first","14":"instock","15":"purchasable","16":"product-type-simple"},"supplier_id":null,"supplier_sku":"QSalt-08G","barcode":null,"atum_controlled":true,"out_stock_date":null,"out_stock_threshold":null,"inheritable":false,"inbound_stock":null,"stock_on_hold":0,"sold_today":0,"sales_last_days":0,"reserved_stock":null,"customer_returns":null,"warehouse_damage":null,"lost_in_post":null,"other_logs":null,"out_stock_days":0,"lost_sales":0,"has_location":null,"update_date":"2026-02-06T00:02:05","atum_locations":[],"atum_stock_status":"instock","restock_status":false,"low_stock_amount":"","sales_update_date":"2026-02-06T00:02:05","calc_backorders":null,"_links":{"self":[{"href":"https:\/\/aromasentia.com\/no\/wp-json\/wp\/v2\/product\/208375","targetHints":{"allow":["GET"]}}],"collection":[{"href":"https:\/\/aromasentia.com\/no\/wp-json\/wp\/v2\/product"}],"about":[{"href":"https:\/\/aromasentia.com\/no\/wp-json\/wp\/v2\/types\/product"}],"replies":[{"embeddable":true,"href":"https:\/\/aromasentia.com\/no\/wp-json\/wp\/v2\/comments?post=208375"}],"version-history":[{"count":0,"href":"https:\/\/aromasentia.com\/no\/wp-json\/wp\/v2\/product\/208375\/revisions"}],"wp:featuredmedia":[{"embeddable":true,"href":"https:\/\/aromasentia.com\/no\/wp-json\/wp\/v2\/media\/376462"}],"wp:attachment":[{"href":"https:\/\/aromasentia.com\/no\/wp-json\/wp\/v2\/media?parent=208375"}],"wp:term":[{"taxonomy":"product_brand","embeddable":true,"href":"https:\/\/aromasentia.com\/no\/wp-json\/wp\/v2\/product_brand?post=208375"},{"taxonomy":"product_cat","embeddable":true,"href":"https:\/\/aromasentia.com\/no\/wp-json\/wp\/v2\/product_cat?post=208375"},{"taxonomy":"product_tag","embeddable":true,"href":"https:\/\/aromasentia.com\/no\/wp-json\/wp\/v2\/product_tag?post=208375"}],"curies":[{"name":"wp","href":"https:\/\/api.w.org\/{rel}","templated":true}]}}