{"id":208372,"date":"2025-03-22T16:05:57","date_gmt":"2025-03-22T16:05:57","guid":{"rendered":"https:\/\/aromasentia.com\/product\/grey-himalayan-salt-lamp-2-3kg\/"},"modified":"2025-05-31T04:57:33","modified_gmt":"2025-05-31T04:57:33","slug":"gra-himalaya-saltlampe-saltkrystall-lampe-2-3-kg","status":"publish","type":"product","link":"https:\/\/aromasentia.com\/no\/gra-himalaya-saltlampe-saltkrystall-lampe-2-3-kg\/","title":{"rendered":"Gr\u00e5 Himalaya Saltlampe Saltkrystall Lampe &#8211; 2-3 Kg"},"content":{"rendered":"<p>H\u00f8yere innhold av jern, svovel og magnesium gir dem en m\u00f8rkere farge, og de har en mye mykere gl\u00f8d enn rosa eller hvite saltlamper. <strong>Aroma Sentia&#8217;s<\/strong><strong>Gr\u00e5 Himalaya-saltlampe &#8211; 2-3 kg<\/strong><\/p>\n<p>, ogs\u00e5 noen ganger kalt svarte saltlamper, er best for soverom der du ikke vil ha for mye lys.<\/p>\n<p>Hver saltlampe leveres komplett med lysarmatur, p\u00e6re og plugg.<\/p>\n<p>Himalaya-krystallsaltlampene antas \u00e5 skape negativt ladede ioner i luften. Dette er bra fordi moderne forurensning og elektrisk utstyr skaper positive ioner i luften som potensielt er skadelige for oss og for\u00e5rsaker at luftkvaliteten i ber\u00f8rte omr\u00e5der forringes.<\/p>\n<p>Ved \u00e5 bruke en Himalaya-krystallsaltlampe erstatter du de negativt ladede ionene i luften, noe som hjelper oss \u00e5 unng\u00e5 den p\u00e5st\u00e5tte fysiske og mentale skaden som den \u00abelektriske smogen\u00bb skaper.<\/p>\n","protected":false},"excerpt":{"rendered":"<p>H\u00f8yere innhold av jern, svovel og magnesium gir dem en m\u00f8rkere farge, og de har en mye mykere gl\u00f8d enn rosa eller hvite saltlamper. Aroma Sentia&#8217;sGr\u00e5 Himalaya-saltlampe &#8211; 2-3 kg , ogs\u00e5 noen ganger kalt svarte saltlamper, er best for soverom der du ikke vil ha for mye lys. Hver saltlampe leveres komplett med lysarmatur, [&hellip;]<\/p>\n","protected":false},"featured_media":376387,"comment_status":"closed","ping_status":"open","template":"","meta":[],"product_brand":[],"product_cat":[9155,10480,8394,10475],"product_tag":[],"class_list":{"0":"post-208372","1":"product","2":"type-product","3":"status-publish","4":"has-post-thumbnail","6":"product_cat-esoteriske-gaver","7":"product_cat-himalaya-saltkrystall-lampe","8":"product_cat-hjem-og-hage","9":"product_cat-lamper-og-lykter","10":"pa_collection-himalayan-salt-lamps-candle-holders-no","11":"pa_made-in-storbritannia","13":"first","14":"instock","15":"purchasable","16":"product-type-simple"},"supplier_id":null,"supplier_sku":"QSalt-12G","barcode":null,"atum_controlled":true,"out_stock_date":null,"out_stock_threshold":null,"inheritable":false,"inbound_stock":null,"stock_on_hold":0,"sold_today":0,"sales_last_days":0,"reserved_stock":null,"customer_returns":null,"warehouse_damage":null,"lost_in_post":null,"other_logs":null,"out_stock_days":0,"lost_sales":0,"has_location":null,"update_date":"2026-02-08T12:43:43","atum_locations":[],"atum_stock_status":"instock","restock_status":false,"low_stock_amount":"","sales_update_date":"2025-09-04T00:29:36","calc_backorders":null,"_links":{"self":[{"href":"https:\/\/aromasentia.com\/no\/wp-json\/wp\/v2\/product\/208372","targetHints":{"allow":["GET"]}}],"collection":[{"href":"https:\/\/aromasentia.com\/no\/wp-json\/wp\/v2\/product"}],"about":[{"href":"https:\/\/aromasentia.com\/no\/wp-json\/wp\/v2\/types\/product"}],"replies":[{"embeddable":true,"href":"https:\/\/aromasentia.com\/no\/wp-json\/wp\/v2\/comments?post=208372"}],"version-history":[{"count":0,"href":"https:\/\/aromasentia.com\/no\/wp-json\/wp\/v2\/product\/208372\/revisions"}],"wp:featuredmedia":[{"embeddable":true,"href":"https:\/\/aromasentia.com\/no\/wp-json\/wp\/v2\/media\/376387"}],"wp:attachment":[{"href":"https:\/\/aromasentia.com\/no\/wp-json\/wp\/v2\/media?parent=208372"}],"wp:term":[{"taxonomy":"product_brand","embeddable":true,"href":"https:\/\/aromasentia.com\/no\/wp-json\/wp\/v2\/product_brand?post=208372"},{"taxonomy":"product_cat","embeddable":true,"href":"https:\/\/aromasentia.com\/no\/wp-json\/wp\/v2\/product_cat?post=208372"},{"taxonomy":"product_tag","embeddable":true,"href":"https:\/\/aromasentia.com\/no\/wp-json\/wp\/v2\/product_tag?post=208372"}],"curies":[{"name":"wp","href":"https:\/\/api.w.org\/{rel}","templated":true}]}}