{"id":208371,"date":"2025-03-22T16:05:57","date_gmt":"2025-03-22T16:05:57","guid":{"rendered":"https:\/\/aromasentia.com\/product\/heart-shaped-himalayan-salt-lamp\/"},"modified":"2025-05-31T04:57:31","modified_gmt":"2025-05-31T04:57:31","slug":"hjerteformet-himalaya-saltlampe-saltkrystall-lampe","status":"publish","type":"product","link":"https:\/\/aromasentia.com\/no\/hjerteformet-himalaya-saltlampe-saltkrystall-lampe\/","title":{"rendered":"Hjerteformet Himalaya Saltlampe Saltkrystall Lampe"},"content":{"rendered":"<p>Ved \u00e5 bruke <strong>Aroma Sentias hjerteformede Himalaya-saltlampe<\/strong> erstatter du de negativt ladede ionene i luften, noe som hjelper oss \u00e5 unng\u00e5 den p\u00e5st\u00e5tte fysiske og mentale skaden som den \u00abelektriske smogen\u00bb for\u00e5rsaker.<\/p>\n<p>Hver <strong>hjerteformede Himalaya-saltlampe<\/strong> leveres komplett med lysarmatur, p\u00e6re og st\u00f8psel. I stedet for \u00e5 selge dem etter st\u00f8rrelse, selger vi dem etter omtrentlig vekt. Varene er merket med st\u00f8rrelser for \u00e5 gi en grov id\u00e9 om st\u00f8rrelsen, hver lampe er helt unik.<\/p>\n<p>Merk:<\/p>\n<p>P\u00e5 grunn av de hygroskopiske egenskapene til salt absorberer Himalaya-saltlamper og lysestaker fuktighet fra luften.<\/p>\n<p>Hvis lampen din \u00absvetter\u00bb eller lekker vann, skyldes dette vanligvis at den har v\u00e6rt sl\u00e5tt av i lengre perioder, spesielt i fuktige forhold. For \u00e5 utbedre dette, la den st\u00e5 i sterkt sollys i 4 til 5 timer og b\u00f8rst av eventuelle overfl\u00f8dige krystaller. Eller t\u00f8rk forsiktig med en t\u00f8rr klut.<\/p>\n<p>Hvis du ikke bruker Himalaya-saltlampen over lengre tid (f.eks. n\u00e5r du er p\u00e5 ferie), kobler du fra kabelen og fjerner den fra lampen.<\/p>\n<p>I fuktige forhold anbefaler vi at du plasserer lampen p\u00e5 et lite brett eller en tallerken i tilfelle det kan samle seg vann.<\/p>\n<p>Disse leveres i beskyttende pappesker som kan bli fuktige under transport p\u00e5 grunn av deres hygroskopiske egenskaper.<\/p>\n","protected":false},"excerpt":{"rendered":"<p>Ved \u00e5 bruke Aroma Sentias hjerteformede Himalaya-saltlampe erstatter du de negativt ladede ionene i luften, noe som hjelper oss \u00e5 unng\u00e5 den p\u00e5st\u00e5tte fysiske og mentale skaden som den \u00abelektriske smogen\u00bb for\u00e5rsaker. Hver hjerteformede Himalaya-saltlampe leveres komplett med lysarmatur, p\u00e6re og st\u00f8psel. I stedet for \u00e5 selge dem etter st\u00f8rrelse, selger vi dem etter omtrentlig [&hellip;]<\/p>\n","protected":false},"featured_media":376338,"comment_status":"closed","ping_status":"open","template":"","meta":{"_angie_page":false},"product_brand":[],"product_cat":[9155,10480,8394,10475],"product_tag":[],"class_list":{"0":"post-208371","1":"product","2":"type-product","3":"status-publish","4":"has-post-thumbnail","6":"product_cat-esoteriske-gaver","7":"product_cat-himalaya-saltkrystall-lampe","8":"product_cat-hjem-og-hage","9":"product_cat-lamper-og-lykter","10":"pa_collection-himalayan-salt-lamps-candle-holders-no","11":"pa_made-in-storbritannia","13":"first","14":"instock","15":"purchasable","16":"product-type-simple"},"supplier_id":null,"supplier_sku":"QSalt-63N","barcode":null,"atum_controlled":true,"out_stock_date":null,"out_stock_threshold":null,"inheritable":false,"inbound_stock":null,"stock_on_hold":0,"sold_today":0,"sales_last_days":0,"reserved_stock":null,"customer_returns":null,"warehouse_damage":null,"lost_in_post":null,"other_logs":null,"out_stock_days":0,"lost_sales":0,"has_location":null,"update_date":"2026-04-27T07:18:58","atum_locations":[],"atum_stock_status":"instock","restock_status":false,"low_stock_amount":"","sales_update_date":"2025-09-04T00:29:36","calc_backorders":null,"_links":{"self":[{"href":"https:\/\/aromasentia.com\/no\/wp-json\/wp\/v2\/product\/208371","targetHints":{"allow":["GET"]}}],"collection":[{"href":"https:\/\/aromasentia.com\/no\/wp-json\/wp\/v2\/product"}],"about":[{"href":"https:\/\/aromasentia.com\/no\/wp-json\/wp\/v2\/types\/product"}],"replies":[{"embeddable":true,"href":"https:\/\/aromasentia.com\/no\/wp-json\/wp\/v2\/comments?post=208371"}],"version-history":[{"count":0,"href":"https:\/\/aromasentia.com\/no\/wp-json\/wp\/v2\/product\/208371\/revisions"}],"wp:featuredmedia":[{"embeddable":true,"href":"https:\/\/aromasentia.com\/no\/wp-json\/wp\/v2\/media\/376338"}],"wp:attachment":[{"href":"https:\/\/aromasentia.com\/no\/wp-json\/wp\/v2\/media?parent=208371"}],"wp:term":[{"taxonomy":"product_brand","embeddable":true,"href":"https:\/\/aromasentia.com\/no\/wp-json\/wp\/v2\/product_brand?post=208371"},{"taxonomy":"product_cat","embeddable":true,"href":"https:\/\/aromasentia.com\/no\/wp-json\/wp\/v2\/product_cat?post=208371"},{"taxonomy":"product_tag","embeddable":true,"href":"https:\/\/aromasentia.com\/no\/wp-json\/wp\/v2\/product_tag?post=208371"}],"curies":[{"name":"wp","href":"https:\/\/api.w.org\/{rel}","templated":true}]}}