{"id":208370,"date":"2025-03-22T16:05:57","date_gmt":"2025-03-22T16:05:57","guid":{"rendered":"https:\/\/aromasentia.com\/product\/salt-fire-bowl-and-chunks-15cm-x-9cm\/"},"modified":"2025-05-31T04:57:28","modified_gmt":"2025-05-31T04:57:28","slug":"saltbalskal-og-biter-15-cm-x-9-cm","status":"publish","type":"product","link":"https:\/\/aromasentia.com\/no\/saltbalskal-og-biter-15-cm-x-9-cm\/","title":{"rendered":"Saltb\u00e5lsk\u00e5l Og Biter &#8211; 15 cm x 9 cm"},"content":{"rendered":"<p><strong>Aroma Sentias saltb\u00e5lsk\u00e5l og biter<\/strong><strong>&#8211; 15 cm x 9 cm<\/strong> &#8211; ved \u00e5 bruke en Himalaya-krystallsaltlampe erstatter du de negativt ladede ionene i luften, noe som hjelper oss \u00e5 unng\u00e5 den p\u00e5st\u00e5tte fysiske og mentale skaden som den \u00abelektriske smogen\u00bb for\u00e5rsaker.<\/p>\n<p>Hver saltlampe leveres komplett med lysarmatur, p\u00e6re og st\u00f8psel. I stedet for \u00e5 selge dem etter st\u00f8rrelse, selger vi dem etter omtrentlig vekt. Varene er merket med st\u00f8rrelser kun for \u00e5 gi en grov id\u00e9 om st\u00f8rrelsen, hver lampe er helt unik.<\/p>\n<p>Merk:<\/p>\n<p>P\u00e5 grunn av de hygroskopiske egenskapene til salt absorberer Himalaya-saltlamper og lysestaker fuktighet fra luften.<\/p>\n<p>Hvis lampen din \u00absvetter\u00bb eller lekker vann, skyldes dette vanligvis at den har v\u00e6rt sl\u00e5tt av i lengre perioder, spesielt i fuktige forhold. For \u00e5 utbedre dette, la den st\u00e5 i sterkt sollys i 4 til 5 timer og b\u00f8rst av eventuelle overfl\u00f8dige krystaller. Eller t\u00f8rk forsiktig med en t\u00f8rr klut.<\/p>\n<p>Hvis du ikke bruker en Himalaya-saltlampe over lengre tid (f.eks. p\u00e5 ferie), kobler du fra kabelen og fjerner den fra lampen.<\/p>\n<p>I fuktige forhold anbefaler vi \u00e5 plassere lampen p\u00e5 et lite brett eller en tallerken i tilfelle det kan samle seg vann.<\/p>\n<p>Saltlampen leveres i en beskyttende pappeske som kan bli fuktig under transport p\u00e5 grunn av lampens hygroskopiske egenskaper.<\/p>\n<p>Saltb\u00e5lsk\u00e5len og bitene veier mellom 2 og 3 kg.<\/p>\n","protected":false},"excerpt":{"rendered":"<p>Aroma Sentias saltb\u00e5lsk\u00e5l og biter&#8211; 15 cm x 9 cm &#8211; ved \u00e5 bruke en Himalaya-krystallsaltlampe erstatter du de negativt ladede ionene i luften, noe som hjelper oss \u00e5 unng\u00e5 den p\u00e5st\u00e5tte fysiske og mentale skaden som den \u00abelektriske smogen\u00bb for\u00e5rsaker. Hver saltlampe leveres komplett med lysarmatur, p\u00e6re og st\u00f8psel. I stedet for \u00e5 selge [&hellip;]<\/p>\n","protected":false},"featured_media":376289,"comment_status":"closed","ping_status":"open","template":"","meta":{"_angie_page":false},"product_brand":[],"product_cat":[9155,10480,8394,10475],"product_tag":[],"class_list":{"0":"post-208370","1":"product","2":"type-product","3":"status-publish","4":"has-post-thumbnail","6":"product_cat-esoteriske-gaver","7":"product_cat-himalaya-saltkrystall-lampe","8":"product_cat-hjem-og-hage","9":"product_cat-lamper-og-lykter","10":"pa_collection-himalayan-salt-lamps-candle-holders-no","11":"pa_made-in-pakistan","13":"first","14":"instock","15":"purchasable","16":"product-type-simple"},"supplier_id":null,"supplier_sku":"Qsalt-62","barcode":null,"atum_controlled":true,"out_stock_date":null,"out_stock_threshold":null,"inheritable":false,"inbound_stock":null,"stock_on_hold":0,"sold_today":0,"sales_last_days":0,"reserved_stock":null,"customer_returns":null,"warehouse_damage":null,"lost_in_post":null,"other_logs":null,"out_stock_days":0,"lost_sales":0,"has_location":null,"update_date":"2026-04-27T07:18:58","atum_locations":[],"atum_stock_status":"instock","restock_status":false,"low_stock_amount":"","sales_update_date":"2026-02-06T00:01:45","calc_backorders":null,"_links":{"self":[{"href":"https:\/\/aromasentia.com\/no\/wp-json\/wp\/v2\/product\/208370","targetHints":{"allow":["GET"]}}],"collection":[{"href":"https:\/\/aromasentia.com\/no\/wp-json\/wp\/v2\/product"}],"about":[{"href":"https:\/\/aromasentia.com\/no\/wp-json\/wp\/v2\/types\/product"}],"replies":[{"embeddable":true,"href":"https:\/\/aromasentia.com\/no\/wp-json\/wp\/v2\/comments?post=208370"}],"version-history":[{"count":0,"href":"https:\/\/aromasentia.com\/no\/wp-json\/wp\/v2\/product\/208370\/revisions"}],"wp:featuredmedia":[{"embeddable":true,"href":"https:\/\/aromasentia.com\/no\/wp-json\/wp\/v2\/media\/376289"}],"wp:attachment":[{"href":"https:\/\/aromasentia.com\/no\/wp-json\/wp\/v2\/media?parent=208370"}],"wp:term":[{"taxonomy":"product_brand","embeddable":true,"href":"https:\/\/aromasentia.com\/no\/wp-json\/wp\/v2\/product_brand?post=208370"},{"taxonomy":"product_cat","embeddable":true,"href":"https:\/\/aromasentia.com\/no\/wp-json\/wp\/v2\/product_cat?post=208370"},{"taxonomy":"product_tag","embeddable":true,"href":"https:\/\/aromasentia.com\/no\/wp-json\/wp\/v2\/product_tag?post=208370"}],"curies":[{"name":"wp","href":"https:\/\/api.w.org\/{rel}","templated":true}]}}