{"id":208369,"date":"2025-03-22T16:05:57","date_gmt":"2025-03-22T16:05:57","guid":{"rendered":"https:\/\/aromasentia.com\/product\/natural-salt-candle-holder-2-holes\/"},"modified":"2025-05-31T04:57:25","modified_gmt":"2025-05-31T04:57:25","slug":"naturlig-saltkrystall-lysestake-2-hull","status":"publish","type":"product","link":"https:\/\/aromasentia.com\/no\/naturlig-saltkrystall-lysestake-2-hull\/","title":{"rendered":"Naturlig Saltkrystall Lysestake &#8211; 2 Hull"},"content":{"rendered":"<p>Disse<strong>&nbsp; Aroma Sentias Himalayan-saltlysestaker<\/strong><strong>&#8211; 2 hull<\/strong> antas \u00e5 skape negativt ladede ioner i luften. Dette er bra fordi moderne forurensning og elektrisk utstyr skaper positive ioner i luften som potensielt er skadelige for oss og for\u00e5rsaker at luftkvaliteten i ber\u00f8rte omr\u00e5der forringes. Ved \u00e5 bruke en Himalayan-krystallsaltlampe erstatter du de negativt ladede ionene i luften, noe som hjelper oss \u00e5 unng\u00e5 den p\u00e5st\u00e5tte fysiske og mentale skaden som den \u00abelektriske smogen\u00bb for\u00e5rsaker.<\/p>\n<p>Hver engros saltlysestake er unik. I stedet for \u00e5 selge dem etter st\u00f8rrelse, selger vi dem etter omtrentlig vekt. Varene er merket med st\u00f8rrelser for \u00e5 gi en grov id\u00e9 om st\u00f8rrelsen.<\/p>\n","protected":false},"excerpt":{"rendered":"<p>Disse&nbsp; Aroma Sentias Himalayan-saltlysestaker&#8211; 2 hull antas \u00e5 skape negativt ladede ioner i luften. Dette er bra fordi moderne forurensning og elektrisk utstyr skaper positive ioner i luften som potensielt er skadelige for oss og for\u00e5rsaker at luftkvaliteten i ber\u00f8rte omr\u00e5der forringes. Ved \u00e5 bruke en Himalayan-krystallsaltlampe erstatter du de negativt ladede ionene i luften, [&hellip;]<\/p>\n","protected":false},"featured_media":376264,"comment_status":"closed","ping_status":"open","template":"","meta":[],"product_brand":[],"product_cat":[9155,10480,9277,9270],"product_tag":[],"class_list":{"0":"post-208369","1":"product","2":"type-product","3":"status-publish","4":"has-post-thumbnail","6":"product_cat-esoteriske-gaver","7":"product_cat-himalaya-saltkrystall-lampe","8":"product_cat-lysestaker","9":"product_cat-lysestaker-og-stearinlys","10":"pa_collection-himalayan-salt-lamps-candle-holders-no","11":"pa_made-in-pakistan","13":"first","14":"instock","15":"purchasable","16":"product-type-simple"},"supplier_id":null,"supplier_sku":"QSalt-44","barcode":null,"atum_controlled":true,"out_stock_date":null,"out_stock_threshold":null,"inheritable":false,"inbound_stock":null,"stock_on_hold":0,"sold_today":0,"sales_last_days":0,"reserved_stock":null,"customer_returns":null,"warehouse_damage":null,"lost_in_post":null,"other_logs":null,"out_stock_days":0,"lost_sales":0,"has_location":null,"update_date":"2026-01-27T12:53:57","atum_locations":[],"atum_stock_status":"instock","restock_status":false,"low_stock_amount":"","sales_update_date":"2025-09-04T00:29:35","calc_backorders":null,"_links":{"self":[{"href":"https:\/\/aromasentia.com\/no\/wp-json\/wp\/v2\/product\/208369","targetHints":{"allow":["GET"]}}],"collection":[{"href":"https:\/\/aromasentia.com\/no\/wp-json\/wp\/v2\/product"}],"about":[{"href":"https:\/\/aromasentia.com\/no\/wp-json\/wp\/v2\/types\/product"}],"replies":[{"embeddable":true,"href":"https:\/\/aromasentia.com\/no\/wp-json\/wp\/v2\/comments?post=208369"}],"version-history":[{"count":0,"href":"https:\/\/aromasentia.com\/no\/wp-json\/wp\/v2\/product\/208369\/revisions"}],"wp:featuredmedia":[{"embeddable":true,"href":"https:\/\/aromasentia.com\/no\/wp-json\/wp\/v2\/media\/376264"}],"wp:attachment":[{"href":"https:\/\/aromasentia.com\/no\/wp-json\/wp\/v2\/media?parent=208369"}],"wp:term":[{"taxonomy":"product_brand","embeddable":true,"href":"https:\/\/aromasentia.com\/no\/wp-json\/wp\/v2\/product_brand?post=208369"},{"taxonomy":"product_cat","embeddable":true,"href":"https:\/\/aromasentia.com\/no\/wp-json\/wp\/v2\/product_cat?post=208369"},{"taxonomy":"product_tag","embeddable":true,"href":"https:\/\/aromasentia.com\/no\/wp-json\/wp\/v2\/product_tag?post=208369"}],"curies":[{"name":"wp","href":"https:\/\/api.w.org\/{rel}","templated":true}]}}