{"id":208360,"date":"2025-03-22T16:05:57","date_gmt":"2025-03-22T16:05:57","guid":{"rendered":"https:\/\/aromasentia.com\/product\/quality-usb-pyramid-white-salt-lamp-9-cm-multi\/"},"modified":"2025-05-31T04:56:51","modified_gmt":"2025-05-31T04:56:51","slug":"kvalitets-usb-pyramide-white-saltlampe-saltkrystall-lampe-9-cm-multi","status":"publish","type":"product","link":"https:\/\/aromasentia.com\/no\/kvalitets-usb-pyramide-white-saltlampe-saltkrystall-lampe-9-cm-multi\/","title":{"rendered":"Kvalitets USB-Pyramide White Saltlampe Saltkrystall Lampe &#8211; 9 cm (Multi)"},"content":{"rendered":"<p><strong>Aroma Sentias kvalitets USB-pyramideformede HVITE saltlampe &#8211; 9 cm<\/strong> <strong>&nbsp;<\/strong>&#8211; ved \u00e5 bruke en Himalaya-saltlampe erstatter du de negativt ladede ionene i luften, noe som hjelper oss \u00e5 unng\u00e5 den p\u00e5st\u00e5tte fysiske og mentale skaden som den \u00abelektriske smogen\u00bb for\u00e5rsaker.<\/p>\n<p>Hver engros-saltlampe leveres komplett med lysarmatur, p\u00e6re og st\u00f8psel. I stedet for \u00e5 selge dem etter st\u00f8rrelse, selger vi dem etter omtrentlig vekt. Varene er merket med st\u00f8rrelser for \u00e5 gi en grov id\u00e9 om st\u00f8rrelsen, hver lampe er helt unik.<\/p>\n<p>Merk:<\/p>\n<p>P\u00e5 grunn av de hygroskopiske egenskapene til salt absorberer Himalaya-saltlamper og lysestaker fuktighet fra luften.<\/p>\n<p>Hvis lampen din \u00absvetter\u00bb eller lekker vann, skyldes dette vanligvis at den har v\u00e6rt sl\u00e5tt av i lengre perioder, spesielt i fuktige forhold. For \u00e5 b\u00f8te p\u00e5 dette, la den st\u00e5 i sterkt sollys i 4 til 5 timer og b\u00f8rst av eventuelle overfl\u00f8dige krystaller. Eller t\u00f8rk forsiktig med en t\u00f8rr klut. Hvis du ikke bruker Himalaya-saltlampen over lengre tid (f.eks. n\u00e5r du er p\u00e5 ferie), kobler du fra kabelen og fjerner den fra lampen.<\/p>\n<p>I fuktige forhold anbefaler vi at du plasserer lampen p\u00e5 et lite brett eller en tallerken i tilfelle det kan samle seg vann.<\/p>\n<p>Produktet selges i vanlig emballasje.<\/p>\n","protected":false},"excerpt":{"rendered":"<p>Aroma Sentias kvalitets USB-pyramideformede HVITE saltlampe &#8211; 9 cm &nbsp;&#8211; ved \u00e5 bruke en Himalaya-saltlampe erstatter du de negativt ladede ionene i luften, noe som hjelper oss \u00e5 unng\u00e5 den p\u00e5st\u00e5tte fysiske og mentale skaden som den \u00abelektriske smogen\u00bb for\u00e5rsaker. Hver engros-saltlampe leveres komplett med lysarmatur, p\u00e6re og st\u00f8psel. I stedet for \u00e5 selge dem [&hellip;]<\/p>\n","protected":false},"featured_media":375927,"comment_status":"closed","ping_status":"open","template":"","meta":[],"product_brand":[],"product_cat":[9155,10480,8394,10475],"product_tag":[],"class_list":{"0":"post-208360","1":"product","2":"type-product","3":"status-publish","4":"has-post-thumbnail","6":"product_cat-esoteriske-gaver","7":"product_cat-himalaya-saltkrystall-lampe","8":"product_cat-hjem-og-hage","9":"product_cat-lamper-og-lykter","10":"pa_collection-himalayan-salt-lamps-candle-holders-no","11":"pa_made-in-pakistan","13":"first","14":"instock","15":"purchasable","16":"product-type-simple"},"supplier_id":null,"supplier_sku":"Qsalt-65N","barcode":null,"atum_controlled":true,"out_stock_date":null,"out_stock_threshold":null,"inheritable":false,"inbound_stock":null,"stock_on_hold":0,"sold_today":0,"sales_last_days":0,"reserved_stock":null,"customer_returns":null,"warehouse_damage":null,"lost_in_post":null,"other_logs":null,"out_stock_days":0,"lost_sales":0,"has_location":null,"update_date":"2026-02-06T00:00:46","atum_locations":[],"atum_stock_status":"instock","restock_status":false,"low_stock_amount":"","sales_update_date":"2026-02-06T00:00:46","calc_backorders":null,"_links":{"self":[{"href":"https:\/\/aromasentia.com\/no\/wp-json\/wp\/v2\/product\/208360","targetHints":{"allow":["GET"]}}],"collection":[{"href":"https:\/\/aromasentia.com\/no\/wp-json\/wp\/v2\/product"}],"about":[{"href":"https:\/\/aromasentia.com\/no\/wp-json\/wp\/v2\/types\/product"}],"replies":[{"embeddable":true,"href":"https:\/\/aromasentia.com\/no\/wp-json\/wp\/v2\/comments?post=208360"}],"version-history":[{"count":0,"href":"https:\/\/aromasentia.com\/no\/wp-json\/wp\/v2\/product\/208360\/revisions"}],"wp:featuredmedia":[{"embeddable":true,"href":"https:\/\/aromasentia.com\/no\/wp-json\/wp\/v2\/media\/375927"}],"wp:attachment":[{"href":"https:\/\/aromasentia.com\/no\/wp-json\/wp\/v2\/media?parent=208360"}],"wp:term":[{"taxonomy":"product_brand","embeddable":true,"href":"https:\/\/aromasentia.com\/no\/wp-json\/wp\/v2\/product_brand?post=208360"},{"taxonomy":"product_cat","embeddable":true,"href":"https:\/\/aromasentia.com\/no\/wp-json\/wp\/v2\/product_cat?post=208360"},{"taxonomy":"product_tag","embeddable":true,"href":"https:\/\/aromasentia.com\/no\/wp-json\/wp\/v2\/product_tag?post=208360"}],"curies":[{"name":"wp","href":"https:\/\/api.w.org\/{rel}","templated":true}]}}