{"id":208357,"date":"2025-03-22T16:05:57","date_gmt":"2025-03-22T16:05:57","guid":{"rendered":"https:\/\/aromasentia.com\/product\/salt-candle-holder-med-heart\/"},"modified":"2025-05-31T04:56:41","modified_gmt":"2025-05-31T04:56:41","slug":"saltkrystall-lysestake-med-hjerte","status":"publish","type":"product","link":"https:\/\/aromasentia.com\/no\/saltkrystall-lysestake-med-hjerte\/","title":{"rendered":"Saltkrystall Lysestake &#8211; med Hjerte"},"content":{"rendered":"<p>Disse <strong>Aroma Sentia&#8217;s<\/strong> <strong>Hjerte Himalayasaltlysestakene<\/strong><\/p>\n<p><strong>&#8211; Med Heart<\/strong> antas \u00e5 skape negativt ladede ioner i luften. Dette er bra fordi moderne forurensning og elektrisk utstyr skaper positive ioner i luften som potensielt er skadelige for oss og for\u00e5rsaker at luftkvaliteten i ber\u00f8rte omr\u00e5der forringes. Ved \u00e5 bruke en Himalayasaltkrystalllampe erstatter du de negativt ladede ionene i luften, noe som hjelper oss \u00e5 unng\u00e5 den p\u00e5st\u00e5tte fysiske og mentale skaden som den \u00abelektriske smogen\u00bb for\u00e5rsaker.<\/p>\n<p>Hver engros saltlysestake er unik. I stedet for \u00e5 selge dem etter st\u00f8rrelse, selger vi dem etter omtrentlig vekt. Varene er merket med st\u00f8rrelser kun for \u00e5 gi en grov id\u00e9 om st\u00f8rrelsen.<\/p>\n","protected":false},"excerpt":{"rendered":"<p>Disse Aroma Sentia&#8217;s Hjerte Himalayasaltlysestakene &#8211; Med Heart antas \u00e5 skape negativt ladede ioner i luften. Dette er bra fordi moderne forurensning og elektrisk utstyr skaper positive ioner i luften som potensielt er skadelige for oss og for\u00e5rsaker at luftkvaliteten i ber\u00f8rte omr\u00e5der forringes. Ved \u00e5 bruke en Himalayasaltkrystalllampe erstatter du de negativt ladede ionene [&hellip;]<\/p>\n","protected":false},"featured_media":375852,"comment_status":"closed","ping_status":"open","template":"","meta":{"_angie_page":false},"product_brand":[],"product_cat":[9155,10480,9277,9270],"product_tag":[],"class_list":{"0":"post-208357","1":"product","2":"type-product","3":"status-publish","4":"has-post-thumbnail","6":"product_cat-esoteriske-gaver","7":"product_cat-himalaya-saltkrystall-lampe","8":"product_cat-lysestaker","9":"product_cat-lysestaker-og-stearinlys","10":"pa_collection-himalayan-salt-lamps-candle-holders-no","11":"pa_made-in-pakistan","13":"first","14":"instock","15":"purchasable","16":"product-type-simple"},"supplier_id":null,"supplier_sku":"QSalt-31","barcode":null,"atum_controlled":true,"out_stock_date":null,"out_stock_threshold":null,"inheritable":false,"inbound_stock":null,"stock_on_hold":0,"sold_today":0,"sales_last_days":0,"reserved_stock":null,"customer_returns":null,"warehouse_damage":null,"lost_in_post":null,"other_logs":null,"out_stock_days":0,"lost_sales":0,"has_location":null,"update_date":"2026-05-08T05:17:58","atum_locations":[],"atum_stock_status":"instock","restock_status":false,"low_stock_amount":"","sales_update_date":"2026-01-30T01:24:25","calc_backorders":null,"_links":{"self":[{"href":"https:\/\/aromasentia.com\/no\/wp-json\/wp\/v2\/product\/208357","targetHints":{"allow":["GET"]}}],"collection":[{"href":"https:\/\/aromasentia.com\/no\/wp-json\/wp\/v2\/product"}],"about":[{"href":"https:\/\/aromasentia.com\/no\/wp-json\/wp\/v2\/types\/product"}],"replies":[{"embeddable":true,"href":"https:\/\/aromasentia.com\/no\/wp-json\/wp\/v2\/comments?post=208357"}],"version-history":[{"count":0,"href":"https:\/\/aromasentia.com\/no\/wp-json\/wp\/v2\/product\/208357\/revisions"}],"wp:featuredmedia":[{"embeddable":true,"href":"https:\/\/aromasentia.com\/no\/wp-json\/wp\/v2\/media\/375852"}],"wp:attachment":[{"href":"https:\/\/aromasentia.com\/no\/wp-json\/wp\/v2\/media?parent=208357"}],"wp:term":[{"taxonomy":"product_brand","embeddable":true,"href":"https:\/\/aromasentia.com\/no\/wp-json\/wp\/v2\/product_brand?post=208357"},{"taxonomy":"product_cat","embeddable":true,"href":"https:\/\/aromasentia.com\/no\/wp-json\/wp\/v2\/product_cat?post=208357"},{"taxonomy":"product_tag","embeddable":true,"href":"https:\/\/aromasentia.com\/no\/wp-json\/wp\/v2\/product_tag?post=208357"}],"curies":[{"name":"wp","href":"https:\/\/api.w.org\/{rel}","templated":true}]}}