{"id":208352,"date":"2025-03-22T16:05:57","date_gmt":"2025-03-22T16:05:57","guid":{"rendered":"https:\/\/aromasentia.com\/product\/quality-natural-salt-candle-holder\/"},"modified":"2025-05-31T04:56:25","modified_gmt":"2025-05-31T04:56:25","slug":"naturlig-saltkrystall-lysestake-av-hoy-kvalitet","status":"publish","type":"product","link":"https:\/\/aromasentia.com\/no\/naturlig-saltkrystall-lysestake-av-hoy-kvalitet\/","title":{"rendered":"Naturlig Saltkrystall Lysestake Av H\u00f8y Kvalitet"},"content":{"rendered":"<p><strong>Aroma Sentias Himalaya-saltlysestaker er laget av naturlig Himalaya-krystallsaltstein. De er en naturlig ionisator og luftrenser.<\/p>\n<p>Ved \u00e5 bruke en Himalaya-saltlysestake erstatter du de negativt ladede ionene i luften, noe som hjelper oss \u00e5 unng\u00e5 den p\u00e5st\u00e5tte fysiske og mentale skaden som den \u00abelektriske smogen\u00bb for\u00e5rsaker. Negative ioner renser luften ved \u00e5 fjerne st\u00f8v, pollen og bakterier.<\/p>\n<p>Himalaya-saltlysestaker inneholder naturlig sprekker og \u00e5rer som gj\u00f8r hver enkelt unik. Fargene varierer fra lys rosa til en dyp m\u00f8rk rosa.<\/p>\n<p>V\u00e5re saltlysestaker skaper en avslappende, varm atmosf\u00e6re i ethvert rom. De vil gi en romantisk f\u00f8lelse til spisestuen, soverommene eller andre steder (ikke fuktige omr\u00e5der) du foretrekker. Sikkerhetsregel: Det er alltid viktig \u00e5 ha et brennende stearinlys i synsvidde og oppbevare det utilgjengelig for barn og kj\u00e6ledyr.<\/p>\n<p>Merk: St\u00f8rrelse og form p\u00e5 naturlige saltlysestaker kan variere.<\/p>\n","protected":false},"excerpt":{"rendered":"<p>Aroma Sentias Himalaya-saltlysestaker er laget av naturlig Himalaya-krystallsaltstein. De er en naturlig ionisator og luftrenser. Ved \u00e5 bruke en Himalaya-saltlysestake erstatter du de negativt ladede ionene i luften, noe som hjelper oss \u00e5 unng\u00e5 den p\u00e5st\u00e5tte fysiske og mentale skaden som den \u00abelektriske smogen\u00bb for\u00e5rsaker. Negative ioner renser luften ved \u00e5 fjerne st\u00f8v, pollen og [&hellip;]<\/p>\n","protected":false},"featured_media":375735,"comment_status":"closed","ping_status":"open","template":"","meta":{"_angie_page":false},"product_brand":[],"product_cat":[9155,10480,9277,9270],"product_tag":[],"class_list":{"0":"post-208352","1":"product","2":"type-product","3":"status-publish","4":"has-post-thumbnail","6":"product_cat-esoteriske-gaver","7":"product_cat-himalaya-saltkrystall-lampe","8":"product_cat-lysestaker","9":"product_cat-lysestaker-og-stearinlys","10":"pa_collection-himalayan-salt-lamps-candle-holders-no","11":"pa_made-in-pakistan","13":"first","14":"instock","15":"purchasable","16":"product-type-simple"},"supplier_id":null,"supplier_sku":"QSalt-08","barcode":null,"atum_controlled":true,"out_stock_date":null,"out_stock_threshold":null,"inheritable":false,"inbound_stock":null,"stock_on_hold":0,"sold_today":0,"sales_last_days":0,"reserved_stock":null,"customer_returns":null,"warehouse_damage":null,"lost_in_post":null,"other_logs":null,"out_stock_days":0,"lost_sales":0,"has_location":null,"update_date":"2026-05-08T05:17:58","atum_locations":[],"atum_stock_status":"instock","restock_status":false,"low_stock_amount":"","sales_update_date":"2025-09-04T00:29:29","calc_backorders":null,"_links":{"self":[{"href":"https:\/\/aromasentia.com\/no\/wp-json\/wp\/v2\/product\/208352","targetHints":{"allow":["GET"]}}],"collection":[{"href":"https:\/\/aromasentia.com\/no\/wp-json\/wp\/v2\/product"}],"about":[{"href":"https:\/\/aromasentia.com\/no\/wp-json\/wp\/v2\/types\/product"}],"replies":[{"embeddable":true,"href":"https:\/\/aromasentia.com\/no\/wp-json\/wp\/v2\/comments?post=208352"}],"version-history":[{"count":0,"href":"https:\/\/aromasentia.com\/no\/wp-json\/wp\/v2\/product\/208352\/revisions"}],"wp:featuredmedia":[{"embeddable":true,"href":"https:\/\/aromasentia.com\/no\/wp-json\/wp\/v2\/media\/375735"}],"wp:attachment":[{"href":"https:\/\/aromasentia.com\/no\/wp-json\/wp\/v2\/media?parent=208352"}],"wp:term":[{"taxonomy":"product_brand","embeddable":true,"href":"https:\/\/aromasentia.com\/no\/wp-json\/wp\/v2\/product_brand?post=208352"},{"taxonomy":"product_cat","embeddable":true,"href":"https:\/\/aromasentia.com\/no\/wp-json\/wp\/v2\/product_cat?post=208352"},{"taxonomy":"product_tag","embeddable":true,"href":"https:\/\/aromasentia.com\/no\/wp-json\/wp\/v2\/product_tag?post=208352"}],"curies":[{"name":"wp","href":"https:\/\/api.w.org\/{rel}","templated":true}]}}