{"id":208349,"date":"2025-03-22T16:05:57","date_gmt":"2025-03-22T16:05:57","guid":{"rendered":"https:\/\/aromasentia.com\/product\/set-of-3-gamell-wood-plant-stands-greenwash\/"},"modified":"2025-05-31T04:56:15","modified_gmt":"2025-05-31T04:56:15","slug":"sett-med-3-gamell-wood-plant-stands-greenwash","status":"publish","type":"product","link":"https:\/\/aromasentia.com\/no\/sett-med-3-gamell-wood-plant-stands-greenwash\/","title":{"rendered":"Sett med 3 Gamell Wood Plant Stands &#8211; Greenwash"},"content":{"rendered":"<p>Blomsterstativer i tre<\/p>\n<p><strong>Blomsterstativer i tre<\/strong> st\u00e5r p\u00e5 h\u00e5rn\u00e5lsben med en heltreplate p\u00e5 toppen. Disse stativene ser flotte ut alene eller i grupper, og er ogs\u00e5 veldig nyttige som sidebord eller ekstrabord. H\u00e5rn\u00e5len er polert med svart jernpasta for \u00e5 gi en glatt finish, noe som gj\u00f8r dem solide og lette.<\/p>\n<p>Blomsterstativer i tre kommer i <strong>hvitkalket<\/strong>, gr\u00f8nn<\/strong> og <strong>naturlige<\/strong> farger. Disse vakre fargene med en slitt finish vil gi kundene dine st\u00f8rre valgmuligheter. Flatpakket sparer plass n\u00e5r de oppbevares eller ikke er i bruk.<\/p>\n<p>MERK: Disse stativene skal ikke brukes som krakker.<\/p>\n<p><span style=\"color: rgb(141, 186, 216);\"><strong>La kundene dine lage et lite indonesisk plantehj\u00f8rne, bestill i dag!<\/strong><\/span><\/p>\n","protected":false},"excerpt":{"rendered":"<p>Blomsterstativer i tre Blomsterstativer i tre st\u00e5r p\u00e5 h\u00e5rn\u00e5lsben med en heltreplate p\u00e5 toppen. Disse stativene ser flotte ut alene eller i grupper, og er ogs\u00e5 veldig nyttige som sidebord eller ekstrabord. H\u00e5rn\u00e5len er polert med svart jernpasta for \u00e5 gi en glatt finish, noe som gj\u00f8r dem solide og lette. Blomsterstativer i tre kommer [&hellip;]<\/p>\n","protected":false},"featured_media":375564,"comment_status":"closed","ping_status":"open","template":"","meta":[],"product_brand":[],"product_cat":[8394],"product_tag":[],"class_list":{"0":"post-208349","1":"product","2":"type-product","3":"status-publish","4":"has-post-thumbnail","6":"product_cat-hjem-og-hage","7":"pa_collection-wooden-plant-stands-no","8":"pa_made-in-indonesia","10":"first","11":"instock","12":"purchasable","13":"product-type-simple"},"supplier_id":null,"supplier_sku":"PSS-02","barcode":null,"atum_controlled":true,"out_stock_date":null,"out_stock_threshold":null,"inheritable":false,"inbound_stock":null,"stock_on_hold":0,"sold_today":0,"sales_last_days":0,"reserved_stock":null,"customer_returns":null,"warehouse_damage":null,"lost_in_post":null,"other_logs":null,"out_stock_days":0,"lost_sales":0,"has_location":null,"update_date":"2026-01-30T01:25:54","atum_locations":[],"atum_stock_status":"instock","restock_status":false,"low_stock_amount":"","sales_update_date":"2026-01-30T01:25:54","calc_backorders":null,"_links":{"self":[{"href":"https:\/\/aromasentia.com\/no\/wp-json\/wp\/v2\/product\/208349","targetHints":{"allow":["GET"]}}],"collection":[{"href":"https:\/\/aromasentia.com\/no\/wp-json\/wp\/v2\/product"}],"about":[{"href":"https:\/\/aromasentia.com\/no\/wp-json\/wp\/v2\/types\/product"}],"replies":[{"embeddable":true,"href":"https:\/\/aromasentia.com\/no\/wp-json\/wp\/v2\/comments?post=208349"}],"version-history":[{"count":0,"href":"https:\/\/aromasentia.com\/no\/wp-json\/wp\/v2\/product\/208349\/revisions"}],"wp:featuredmedia":[{"embeddable":true,"href":"https:\/\/aromasentia.com\/no\/wp-json\/wp\/v2\/media\/375564"}],"wp:attachment":[{"href":"https:\/\/aromasentia.com\/no\/wp-json\/wp\/v2\/media?parent=208349"}],"wp:term":[{"taxonomy":"product_brand","embeddable":true,"href":"https:\/\/aromasentia.com\/no\/wp-json\/wp\/v2\/product_brand?post=208349"},{"taxonomy":"product_cat","embeddable":true,"href":"https:\/\/aromasentia.com\/no\/wp-json\/wp\/v2\/product_cat?post=208349"},{"taxonomy":"product_tag","embeddable":true,"href":"https:\/\/aromasentia.com\/no\/wp-json\/wp\/v2\/product_tag?post=208349"}],"curies":[{"name":"wp","href":"https:\/\/api.w.org\/{rel}","templated":true}]}}