{"id":208333,"date":"2025-03-22T16:05:57","date_gmt":"2025-03-22T16:05:57","guid":{"rendered":"https:\/\/aromasentia.com\/product\/banana-leaf-set-2-vase-2-bins\/"},"modified":"2025-05-31T04:55:01","modified_gmt":"2025-05-31T04:55:01","slug":"bananblad-sett-2-vaser-og-2-kasser","status":"publish","type":"product","link":"https:\/\/aromasentia.com\/no\/bananblad-sett-2-vaser-og-2-kasser\/","title":{"rendered":"Bananblad-Sett &#8211; 2 Vaser Og 2 Kasser"},"content":{"rendered":"<p><strong>H\u00e5ndvevd og farget i Java,&nbsp;<\/strong> disse<strong>&nbsp;<\/strong>Banana Leaf Set &#8211; 2 Vase &amp; 2 Bins er perfekte for hvert hj\u00f8rne, ideelle for organisering rundt huset, innredning, plantepottedeksel, spiskammeroppbevaring, leket\u00f8ysoppbevaring og gir naturlig tekstur og farge til kundens rom. Som du vet er alt som er relatert til potteplanter og naturlig en stor trend, og dette vakre og naturlige produktet er midt i blinken. Du vil kanskje ogs\u00e5 like <a href=\"https:\/\/aromasentia.com\/mhs\"><strong>Macrame hengende hyller<\/strong><\/a><strong>.<\/strong><\/p>\n<p>Kj\u00f8p av en av disse kurvene st\u00f8tter produsentene og bidrar til \u00e5 bevare en gammel h\u00e5ndverkstradisjon p\u00e5 Java.<\/p>\n<p><strong>&#8211; Etisk &#8211; Selges i sett med fire &#8211; H\u00e5ndlaget p\u00e5 Java &#8211; Milj\u00f8vennlig<\/strong><\/p>\n<p>St\u00f8rrelser: X2 sm\u00e5 bokser: 24,5x 20 cm&nbsp;<\/p>\n<p>St\u00f8rre vase: 50x 18 cm&nbsp;<\/p>\n<p>Mindre vase: 44x 16 cm<\/p>\n<p><strong>Gj\u00f8r en fin og naturlig utstilling. Bestill i dag.<\/strong><\/p>\n","protected":false},"excerpt":{"rendered":"<p>H\u00e5ndvevd og farget i Java,&nbsp; disse&nbsp;Banana Leaf Set &#8211; 2 Vase &amp; 2 Bins er perfekte for hvert hj\u00f8rne, ideelle for organisering rundt huset, innredning, plantepottedeksel, spiskammeroppbevaring, leket\u00f8ysoppbevaring og gir naturlig tekstur og farge til kundens rom. Som du vet er alt som er relatert til potteplanter og naturlig en stor trend, og dette vakre [&hellip;]<\/p>\n","protected":false},"featured_media":375348,"comment_status":"closed","ping_status":"open","template":"","meta":{"_angie_page":false},"product_brand":[],"product_cat":[10400,8394,10504],"product_tag":[],"class_list":{"0":"post-208333","1":"product","2":"type-product","3":"status-publish","4":"has-post-thumbnail","6":"product_cat-dekorasjon","7":"product_cat-hjem-og-hage","8":"product_cat-vaser","9":"pa_collection-seagrass-vase-bins-set-no","10":"pa_made-in-indonesia","12":"first","13":"instock","14":"purchasable","15":"product-type-simple"},"supplier_id":null,"supplier_sku":"NVA-02","barcode":null,"atum_controlled":true,"out_stock_date":null,"out_stock_threshold":null,"inheritable":false,"inbound_stock":null,"stock_on_hold":0,"sold_today":0,"sales_last_days":0,"reserved_stock":null,"customer_returns":null,"warehouse_damage":null,"lost_in_post":null,"other_logs":null,"out_stock_days":0,"lost_sales":0,"has_location":null,"update_date":"2026-04-27T07:15:56","atum_locations":[],"atum_stock_status":"instock","restock_status":false,"low_stock_amount":"","sales_update_date":"2026-01-30T01:24:47","calc_backorders":null,"_links":{"self":[{"href":"https:\/\/aromasentia.com\/no\/wp-json\/wp\/v2\/product\/208333","targetHints":{"allow":["GET"]}}],"collection":[{"href":"https:\/\/aromasentia.com\/no\/wp-json\/wp\/v2\/product"}],"about":[{"href":"https:\/\/aromasentia.com\/no\/wp-json\/wp\/v2\/types\/product"}],"replies":[{"embeddable":true,"href":"https:\/\/aromasentia.com\/no\/wp-json\/wp\/v2\/comments?post=208333"}],"version-history":[{"count":0,"href":"https:\/\/aromasentia.com\/no\/wp-json\/wp\/v2\/product\/208333\/revisions"}],"wp:featuredmedia":[{"embeddable":true,"href":"https:\/\/aromasentia.com\/no\/wp-json\/wp\/v2\/media\/375348"}],"wp:attachment":[{"href":"https:\/\/aromasentia.com\/no\/wp-json\/wp\/v2\/media?parent=208333"}],"wp:term":[{"taxonomy":"product_brand","embeddable":true,"href":"https:\/\/aromasentia.com\/no\/wp-json\/wp\/v2\/product_brand?post=208333"},{"taxonomy":"product_cat","embeddable":true,"href":"https:\/\/aromasentia.com\/no\/wp-json\/wp\/v2\/product_cat?post=208333"},{"taxonomy":"product_tag","embeddable":true,"href":"https:\/\/aromasentia.com\/no\/wp-json\/wp\/v2\/product_tag?post=208333"}],"curies":[{"name":"wp","href":"https:\/\/api.w.org\/{rel}","templated":true}]}}