{"id":208330,"date":"2025-03-22T16:05:57","date_gmt":"2025-03-22T16:05:57","guid":{"rendered":"https:\/\/aromasentia.com\/product\/natural-coaster-jute-cotton-10cm-set-of-4-natural-boarder\/"},"modified":"2025-05-31T04:54:51","modified_gmt":"2025-05-31T04:54:51","slug":"underkop-jute-og-bomull-10-cm-4stk-natural-boarder","status":"publish","type":"product","link":"https:\/\/aromasentia.com\/no\/underkop-jute-og-bomull-10-cm-4stk-natural-boarder\/","title":{"rendered":"Underkop &#8211; Jute Og Bomull 10 cm 4Stk &#8211; Natural Boarder"},"content":{"rendered":"<p><span style=\"color: rgb(75, 80, 88);\">Vi presenterer v\u00e5r fantastiske kolleksjon av <strong>naturlige bordbrikker<\/strong>, et must for forhandlere som \u00f8nsker \u00e5 tilf\u00f8re et snev av boho chic til varelageret sitt. Laget av en blanding av jute og bomull, er de ogs\u00e5 ideelle for delikate overflater, som glass eller tre.<\/span><\/p>\n<p><span style=\"color: rgb(75, 80, 88);\">Koordiner dem med <strong>Naturlig bordmatte &#8211; Jute og bomull 30 cm &#8211; Naturlig kant<\/strong> for et helhetlig utseende. De passer til enhver innredningsstil og preferanser.<\/span><\/p>\n<p><span style=\"color: rgb(75, 80, 88);\">Lett \u00e5 vedlikeholde, sv\u00e6rt absorberende, egnet for bruk med fine m\u00f8bler.<\/span><\/p>\n","protected":false},"excerpt":{"rendered":"<p>Vi presenterer v\u00e5r fantastiske kolleksjon av naturlige bordbrikker, et must for forhandlere som \u00f8nsker \u00e5 tilf\u00f8re et snev av boho chic til varelageret sitt. Laget av en blanding av jute og bomull, er de ogs\u00e5 ideelle for delikate overflater, som glass eller tre. Koordiner dem med Naturlig bordmatte &#8211; Jute og bomull 30 cm &#8211; [&hellip;]<\/p>\n","protected":false},"featured_media":375297,"comment_status":"closed","ping_status":"open","template":"","meta":[],"product_brand":[],"product_cat":[8394],"product_tag":[],"class_list":{"0":"post-208330","1":"product","2":"type-product","3":"status-publish","4":"has-post-thumbnail","6":"product_cat-hjem-og-hage","7":"pa_collection-natural-place-mats-no","8":"pa_made-in-india","10":"first","11":"instock","12":"purchasable","13":"product-type-simple"},"supplier_id":null,"supplier_sku":"NPMAT-16","barcode":null,"atum_controlled":true,"out_stock_date":null,"out_stock_threshold":null,"inheritable":false,"inbound_stock":null,"stock_on_hold":0,"sold_today":0,"sales_last_days":0,"reserved_stock":null,"customer_returns":null,"warehouse_damage":null,"lost_in_post":null,"other_logs":null,"out_stock_days":0,"lost_sales":0,"has_location":null,"update_date":"2026-01-31T23:41:29","atum_locations":[],"atum_stock_status":"instock","restock_status":false,"low_stock_amount":"","sales_update_date":"2026-01-30T01:24:36","calc_backorders":null,"_links":{"self":[{"href":"https:\/\/aromasentia.com\/no\/wp-json\/wp\/v2\/product\/208330","targetHints":{"allow":["GET"]}}],"collection":[{"href":"https:\/\/aromasentia.com\/no\/wp-json\/wp\/v2\/product"}],"about":[{"href":"https:\/\/aromasentia.com\/no\/wp-json\/wp\/v2\/types\/product"}],"replies":[{"embeddable":true,"href":"https:\/\/aromasentia.com\/no\/wp-json\/wp\/v2\/comments?post=208330"}],"version-history":[{"count":0,"href":"https:\/\/aromasentia.com\/no\/wp-json\/wp\/v2\/product\/208330\/revisions"}],"wp:featuredmedia":[{"embeddable":true,"href":"https:\/\/aromasentia.com\/no\/wp-json\/wp\/v2\/media\/375297"}],"wp:attachment":[{"href":"https:\/\/aromasentia.com\/no\/wp-json\/wp\/v2\/media?parent=208330"}],"wp:term":[{"taxonomy":"product_brand","embeddable":true,"href":"https:\/\/aromasentia.com\/no\/wp-json\/wp\/v2\/product_brand?post=208330"},{"taxonomy":"product_cat","embeddable":true,"href":"https:\/\/aromasentia.com\/no\/wp-json\/wp\/v2\/product_cat?post=208330"},{"taxonomy":"product_tag","embeddable":true,"href":"https:\/\/aromasentia.com\/no\/wp-json\/wp\/v2\/product_tag?post=208330"}],"curies":[{"name":"wp","href":"https:\/\/api.w.org\/{rel}","templated":true}]}}