{"id":208325,"date":"2025-03-22T16:05:57","date_gmt":"2025-03-22T16:05:57","guid":{"rendered":"https:\/\/aromasentia.com\/product\/natural-coaster-jute-cotton-10cm-set-of-4-ivory-boarder\/"},"modified":"2025-05-31T04:54:26","modified_gmt":"2025-05-31T04:54:26","slug":"underkop-jute-og-bomull-10-cm-4stk-elfenbensfarget-bordskaner","status":"publish","type":"product","link":"https:\/\/aromasentia.com\/no\/underkop-jute-og-bomull-10-cm-4stk-elfenbensfarget-bordskaner\/","title":{"rendered":"Underkop &#8211; Jute Og Bomull 10 cm 4Stk &#8211; Elfenbensfarget Bordsk\u00e5ner"},"content":{"rendered":"<p><span style=\"color: rgb(75, 80, 88);\">Vi presenterer v\u00e5r fantastiske kolleksjon av <strong>Naturlige bordleggere &#8211; Jute og bomull 10 cm (sett med 4) &#8211; Elfenbensfarget kant<\/strong>, et must for forhandlere som \u00f8nsker \u00e5 tilf\u00f8re et snev av bohemsk chic til varelageret sitt. Laget av en blanding av jute og bomull, vil de utfylle enhver borddekking.<\/span><\/p>\n<p><span style=\"color: rgb(75, 80, 88);\">Ideell for b\u00e5de uformelle og formelle anledninger.<\/span><\/p>\n<p><span style=\"color: rgb(75, 80, 88);\">Match dem med<\/span><a href=\"https:\/\/aromasentia.com\/natural-place-mat-jute-&#038;-cotton-30cm-ivory-boarder\"><span style=\"color: rgb(149, 122, 101);\"><strong>Naturlig bordmatte &#8211; Jute og bomull 30 cm &#8211; Elfenbensfarget kant.<\/strong><\/span><\/a><\/p>\n","protected":false},"excerpt":{"rendered":"<p>Vi presenterer v\u00e5r fantastiske kolleksjon av Naturlige bordleggere &#8211; Jute og bomull 10 cm (sett med 4) &#8211; Elfenbensfarget kant, et must for forhandlere som \u00f8nsker \u00e5 tilf\u00f8re et snev av bohemsk chic til varelageret sitt. Laget av en blanding av jute og bomull, vil de utfylle enhver borddekking. Ideell for b\u00e5de uformelle og formelle [&hellip;]<\/p>\n","protected":false},"featured_media":375172,"comment_status":"closed","ping_status":"open","template":"","meta":[],"product_brand":[],"product_cat":[8394],"product_tag":[],"class_list":{"0":"post-208325","1":"product","2":"type-product","3":"status-publish","4":"has-post-thumbnail","6":"product_cat-hjem-og-hage","7":"pa_collection-natural-place-mats-no","8":"pa_made-in-india","10":"first","11":"instock","12":"purchasable","13":"product-type-simple"},"supplier_id":null,"supplier_sku":"NPMAT-11","barcode":null,"atum_controlled":true,"out_stock_date":null,"out_stock_threshold":null,"inheritable":false,"inbound_stock":null,"stock_on_hold":0,"sold_today":0,"sales_last_days":0,"reserved_stock":null,"customer_returns":null,"warehouse_damage":null,"lost_in_post":null,"other_logs":null,"out_stock_days":0,"lost_sales":0,"has_location":null,"update_date":"2026-02-02T14:20:05","atum_locations":[],"atum_stock_status":"instock","restock_status":false,"low_stock_amount":"","sales_update_date":"2026-01-20T05:14:23","calc_backorders":null,"_links":{"self":[{"href":"https:\/\/aromasentia.com\/no\/wp-json\/wp\/v2\/product\/208325","targetHints":{"allow":["GET"]}}],"collection":[{"href":"https:\/\/aromasentia.com\/no\/wp-json\/wp\/v2\/product"}],"about":[{"href":"https:\/\/aromasentia.com\/no\/wp-json\/wp\/v2\/types\/product"}],"replies":[{"embeddable":true,"href":"https:\/\/aromasentia.com\/no\/wp-json\/wp\/v2\/comments?post=208325"}],"version-history":[{"count":0,"href":"https:\/\/aromasentia.com\/no\/wp-json\/wp\/v2\/product\/208325\/revisions"}],"wp:featuredmedia":[{"embeddable":true,"href":"https:\/\/aromasentia.com\/no\/wp-json\/wp\/v2\/media\/375172"}],"wp:attachment":[{"href":"https:\/\/aromasentia.com\/no\/wp-json\/wp\/v2\/media?parent=208325"}],"wp:term":[{"taxonomy":"product_brand","embeddable":true,"href":"https:\/\/aromasentia.com\/no\/wp-json\/wp\/v2\/product_brand?post=208325"},{"taxonomy":"product_cat","embeddable":true,"href":"https:\/\/aromasentia.com\/no\/wp-json\/wp\/v2\/product_cat?post=208325"},{"taxonomy":"product_tag","embeddable":true,"href":"https:\/\/aromasentia.com\/no\/wp-json\/wp\/v2\/product_tag?post=208325"}],"curies":[{"name":"wp","href":"https:\/\/api.w.org\/{rel}","templated":true}]}}