{"id":208307,"date":"2025-03-22T16:06:08","date_gmt":"2025-03-22T16:06:08","guid":{"rendered":"https:\/\/aromasentia.com\/product\/rustic-bark-letter-c-7cm\/"},"modified":"2025-05-31T04:53:25","modified_gmt":"2025-05-31T04:53:25","slug":"rustikk-bokstav-i-bark-c-7-cm","status":"publish","type":"product","link":"https:\/\/aromasentia.com\/no\/rustikk-bokstav-i-bark-c-7-cm\/","title":{"rendered":"Rustikk Bokstav i Bark &#8211; &laquo;C&raquo; &#8211; 7 cm"},"content":{"rendered":"<p><strong>Trendy Rustic Bark Letter C<\/strong> selges separat i sett med 12 bokstaver.<\/p>\n<p>Hver bokstav er h\u00e5ndlaget p\u00e5 Bali av Albasia-tre og har en trendy rustikk og r\u00f8ff finish.<\/p>\n<p>Treet er verdsatt for sin rike \u00e5re, men det er ogs\u00e5 rasktvoksende og b\u00e6rekraftig \u00e5 h\u00f8ste.<\/p>\n<p>St\u00f8rrelsen er ca. 7 cm, noe som gj\u00f8r dem ypperlige til \u00e5 stave hele navn eller lengre ord.<\/p>\n<p>Perfekt til \u00e5 dekorere ethvert rom i huset. Flott som d\u00e5ps- eller bryllupsgave.<\/p>\n<p>\n","protected":false},"excerpt":{"rendered":"<p>Trendy Rustic Bark Letter C selges separat i sett med 12 bokstaver. Hver bokstav er h\u00e5ndlaget p\u00e5 Bali av Albasia-tre og har en trendy rustikk og r\u00f8ff finish. Treet er verdsatt for sin rike \u00e5re, men det er ogs\u00e5 rasktvoksende og b\u00e6rekraftig \u00e5 h\u00f8ste. St\u00f8rrelsen er ca. 7 cm, noe som gj\u00f8r dem ypperlige til [&hellip;]<\/p>\n","protected":false},"featured_media":377747,"comment_status":"closed","ping_status":"open","template":"","meta":{"_angie_page":false},"product_brand":[],"product_cat":[8394,10412],"product_tag":[],"class_list":{"0":"post-208307","1":"product","2":"type-product","3":"status-publish","4":"has-post-thumbnail","6":"product_cat-hjem-og-hage","7":"product_cat-tredekorasjoner","8":"pa_collection-rustic-bark-letters-and-numbers-display-no","9":"pa_made-in-indonesia","11":"first","12":"instock","13":"purchasable","14":"product-type-simple"},"supplier_id":null,"supplier_sku":"SRBL-05","barcode":null,"atum_controlled":true,"out_stock_date":null,"out_stock_threshold":null,"inheritable":false,"inbound_stock":null,"stock_on_hold":0,"sold_today":0,"sales_last_days":0,"reserved_stock":null,"customer_returns":null,"warehouse_damage":null,"lost_in_post":null,"other_logs":null,"out_stock_days":0,"lost_sales":0,"has_location":null,"update_date":"2026-04-27T07:22:53","atum_locations":[],"atum_stock_status":"instock","restock_status":false,"low_stock_amount":"","sales_update_date":"2026-01-30T01:25:35","calc_backorders":null,"_links":{"self":[{"href":"https:\/\/aromasentia.com\/no\/wp-json\/wp\/v2\/product\/208307","targetHints":{"allow":["GET"]}}],"collection":[{"href":"https:\/\/aromasentia.com\/no\/wp-json\/wp\/v2\/product"}],"about":[{"href":"https:\/\/aromasentia.com\/no\/wp-json\/wp\/v2\/types\/product"}],"replies":[{"embeddable":true,"href":"https:\/\/aromasentia.com\/no\/wp-json\/wp\/v2\/comments?post=208307"}],"version-history":[{"count":0,"href":"https:\/\/aromasentia.com\/no\/wp-json\/wp\/v2\/product\/208307\/revisions"}],"wp:featuredmedia":[{"embeddable":true,"href":"https:\/\/aromasentia.com\/no\/wp-json\/wp\/v2\/media\/377747"}],"wp:attachment":[{"href":"https:\/\/aromasentia.com\/no\/wp-json\/wp\/v2\/media?parent=208307"}],"wp:term":[{"taxonomy":"product_brand","embeddable":true,"href":"https:\/\/aromasentia.com\/no\/wp-json\/wp\/v2\/product_brand?post=208307"},{"taxonomy":"product_cat","embeddable":true,"href":"https:\/\/aromasentia.com\/no\/wp-json\/wp\/v2\/product_cat?post=208307"},{"taxonomy":"product_tag","embeddable":true,"href":"https:\/\/aromasentia.com\/no\/wp-json\/wp\/v2\/product_tag?post=208307"}],"curies":[{"name":"wp","href":"https:\/\/api.w.org\/{rel}","templated":true}]}}