{"id":208303,"date":"2025-03-22T16:06:08","date_gmt":"2025-03-22T16:06:08","guid":{"rendered":"https:\/\/aromasentia.com\/product\/oval-seagrass-black-white-tan-classic-60x120cm\/"},"modified":"2025-05-31T04:52:55","modified_gmt":"2025-05-31T04:52:55","slug":"oval-seagrass-black-white-tan-classic-60x120cm","status":"publish","type":"product","link":"https:\/\/aromasentia.com\/no\/oval-seagrass-black-white-tan-classic-60x120cm\/","title":{"rendered":"Oval Seagrass Black, White &#038; Tan &#8211; Classic &#8211; 60x120Cm"},"content":{"rendered":"<p><span style=\"color: rgb(75, 80, 88);\">Sj\u00f8gress vever lys inn i hverdagen, vakkert og naturlig; disse &nbsp;<\/span><span style=\"color: rgb(141, 186, 216);\"><strong>Oval sj\u00f8gress svart, hvit og brun &#8211; klassisk &#8211; 60x120cm&nbsp;<\/strong><\/span><span style=\"color: rgb(75, 80, 88);\">&nbsp;er h\u00e5ndvevd av sm\u00e5 familiebedrifter p\u00e5 Bali. Hvert teppe tar opptil to dager \u00e5 bli ferdig, og v\u00e5re h\u00e5ndverkere tar seg tid til detaljene. Utseendet til sj\u00f8gress- og andre naturlige fibertepper er veldig trendy og stilig for \u00f8yeblikket.<\/span><\/p>\n<p><span style=\"color: rgb(75, 80, 88);\">Ancient Wisdom Wholesale Seagrass Rugs er tilgjengelige i to st\u00f8rrelser.<\/span><\/p>\n<p><span style=\"color: rgb(75, 80, 88);\">Sj\u00f8gresstepper vil gi kundenes hjem en umiddelbar komfort og rustikk atmosf\u00e6re. De n\u00f8ytrale fargene passer til enhver stil. Du liker kanskje ogs\u00e5 Seagrass Basket Set.<\/span><\/p>\n<p><span style=\"color: rgb(75, 80, 88);\">Milj\u00f8vennlige materialer er virkelig trendy. Sj\u00f8gresstepper er popul\u00e6re for sin fine, rike tekstur og langvarige holdbarhet. De krever samme vedlikehold som de fleste tepper. De har en tendens til \u00e5 v\u00e6re mer motstandsdyktige mot flekker og s\u00f8l.<\/span><\/p>\n<p><span style=\"color: rgb(141, 186, 216);\"><strong>Sett den siste finishen i kundenes hjem. Bestill n\u00e5.<\/strong><\/span><\/p>\n","protected":false},"excerpt":{"rendered":"<p>Sj\u00f8gress vever lys inn i hverdagen, vakkert og naturlig; disse &nbsp;Oval sj\u00f8gress svart, hvit og brun &#8211; klassisk &#8211; 60x120cm&nbsp;&nbsp;er h\u00e5ndvevd av sm\u00e5 familiebedrifter p\u00e5 Bali. Hvert teppe tar opptil to dager \u00e5 bli ferdig, og v\u00e5re h\u00e5ndverkere tar seg tid til detaljene. Utseendet til sj\u00f8gress- og andre naturlige fibertepper er veldig trendy og stilig [&hellip;]<\/p>\n","protected":false},"featured_media":377711,"comment_status":"closed","ping_status":"open","template":"","meta":{"_angie_page":false},"product_brand":[],"product_cat":[8394,10395,10394],"product_tag":[],"class_list":{"0":"post-208303","1":"product","2":"type-product","3":"status-publish","4":"has-post-thumbnail","6":"product_cat-hjem-og-hage","7":"product_cat-tekstiler","8":"product_cat-tepper","9":"pa_collection-round-seagrass-rug-no","10":"pa_made-in-indonesia","12":"first","13":"instock","14":"purchasable","15":"product-type-simple"},"supplier_id":null,"supplier_sku":"SGR-06","barcode":null,"atum_controlled":true,"out_stock_date":null,"out_stock_threshold":null,"inheritable":false,"inbound_stock":null,"stock_on_hold":0,"sold_today":0,"sales_last_days":0,"reserved_stock":null,"customer_returns":null,"warehouse_damage":null,"lost_in_post":null,"other_logs":null,"out_stock_days":0,"lost_sales":0,"has_location":null,"update_date":"2026-04-27T07:21:33","atum_locations":[],"atum_stock_status":"instock","restock_status":false,"low_stock_amount":"","sales_update_date":"2025-09-04T00:29:54","calc_backorders":null,"_links":{"self":[{"href":"https:\/\/aromasentia.com\/no\/wp-json\/wp\/v2\/product\/208303","targetHints":{"allow":["GET"]}}],"collection":[{"href":"https:\/\/aromasentia.com\/no\/wp-json\/wp\/v2\/product"}],"about":[{"href":"https:\/\/aromasentia.com\/no\/wp-json\/wp\/v2\/types\/product"}],"replies":[{"embeddable":true,"href":"https:\/\/aromasentia.com\/no\/wp-json\/wp\/v2\/comments?post=208303"}],"version-history":[{"count":0,"href":"https:\/\/aromasentia.com\/no\/wp-json\/wp\/v2\/product\/208303\/revisions"}],"wp:featuredmedia":[{"embeddable":true,"href":"https:\/\/aromasentia.com\/no\/wp-json\/wp\/v2\/media\/377711"}],"wp:attachment":[{"href":"https:\/\/aromasentia.com\/no\/wp-json\/wp\/v2\/media?parent=208303"}],"wp:term":[{"taxonomy":"product_brand","embeddable":true,"href":"https:\/\/aromasentia.com\/no\/wp-json\/wp\/v2\/product_brand?post=208303"},{"taxonomy":"product_cat","embeddable":true,"href":"https:\/\/aromasentia.com\/no\/wp-json\/wp\/v2\/product_cat?post=208303"},{"taxonomy":"product_tag","embeddable":true,"href":"https:\/\/aromasentia.com\/no\/wp-json\/wp\/v2\/product_tag?post=208303"}],"curies":[{"name":"wp","href":"https:\/\/api.w.org\/{rel}","templated":true}]}}