{"id":208299,"date":"2025-03-22T16:06:08","date_gmt":"2025-03-22T16:06:08","guid":{"rendered":"https:\/\/aromasentia.com\/product\/round-seagrass-black-tan-circles-1m\/"},"modified":"2025-05-31T04:52:36","modified_gmt":"2025-05-31T04:52:36","slug":"rundt-sjogress-black-tan-sirkler-1m","status":"publish","type":"product","link":"https:\/\/aromasentia.com\/no\/rundt-sjogress-black-tan-sirkler-1m\/","title":{"rendered":"Rundt Sj\u00f8gress Black &#038; Tan &#8211; Sirkler &#8211; 1M"},"content":{"rendered":"<p>H\u00e5ndvevd og importert direkte fra Indonesia, dette <strong>Aroma Sentia<\/strong><span style=\"color: rgb(141, 186, 216);\"><strong>Rundt sj\u00f8gressteppe &#8211; svart og brun &#8211; sirkler &#8211; 1m<\/strong><\/span> er rett og slett fantastisk.<\/p>\n<p>Det vil pynte opp ethvert oppholdsrom p\u00e5 en stilig m\u00e5te. Legg til litt eksotisk og naturlig preg p\u00e5 salongbordet eller plantestativet ditt.<\/p>\n<p>Dette teppet vil gi kundenes hjem en umiddelbar komfort og rustikk atmosf\u00e6re. De n\u00f8ytrale fargene passer til enhver stil.<\/p>\n<p><strong>Milj\u00f8vennlige materialer er veldig trendy, spesielt produkter laget av sj\u00f8gress er moteriktige og lett \u00e5 selge. Sj\u00f8gresstepper er popul\u00e6re for sin fine, rike tekstur og langvarige holdbarhet.<\/p>\n<p>Det krever samme vedlikehold som de fleste tepper. Den har en tendens til \u00e5 v\u00e6re <strong>mer motstandsdyktig mot flekker og s\u00f8l \u2013 en ideell egenskap for dyreelskere.<\/strong>&nbsp;<\/p>\n<p><span style=\"color: rgb(141, 186, 216);\"><strong>Bestill n\u00e5 for \u00e5 gi butikken din et unikt, naturlig utseende.<\/strong><\/span><\/p>\n","protected":false},"excerpt":{"rendered":"<p>H\u00e5ndvevd og importert direkte fra Indonesia, dette Aroma SentiaRundt sj\u00f8gressteppe &#8211; svart og brun &#8211; sirkler &#8211; 1m er rett og slett fantastisk. Det vil pynte opp ethvert oppholdsrom p\u00e5 en stilig m\u00e5te. Legg til litt eksotisk og naturlig preg p\u00e5 salongbordet eller plantestativet ditt. Dette teppet vil gi kundenes hjem en umiddelbar komfort og [&hellip;]<\/p>\n","protected":false},"featured_media":643547,"comment_status":"closed","ping_status":"open","template":"","meta":{"_angie_page":false},"product_brand":[],"product_cat":[8394,10395,10394],"product_tag":[],"class_list":{"0":"post-208299","1":"product","2":"type-product","3":"status-publish","4":"has-post-thumbnail","6":"product_cat-hjem-og-hage","7":"product_cat-tekstiler","8":"product_cat-tepper","9":"pa_collection-round-seagrass-rug-no","10":"pa_made-in-indonesia","12":"first","13":"instock","14":"purchasable","15":"product-type-simple"},"supplier_id":null,"supplier_sku":"SGR-03","barcode":null,"atum_controlled":true,"out_stock_date":null,"out_stock_threshold":null,"inheritable":false,"inbound_stock":null,"stock_on_hold":0,"sold_today":0,"sales_last_days":0,"reserved_stock":null,"customer_returns":null,"warehouse_damage":null,"lost_in_post":null,"other_logs":null,"out_stock_days":0,"lost_sales":0,"has_location":null,"update_date":"2026-04-27T07:21:26","atum_locations":[],"atum_stock_status":"instock","restock_status":false,"low_stock_amount":"","sales_update_date":"2026-01-30T01:25:33","calc_backorders":null,"_links":{"self":[{"href":"https:\/\/aromasentia.com\/no\/wp-json\/wp\/v2\/product\/208299","targetHints":{"allow":["GET"]}}],"collection":[{"href":"https:\/\/aromasentia.com\/no\/wp-json\/wp\/v2\/product"}],"about":[{"href":"https:\/\/aromasentia.com\/no\/wp-json\/wp\/v2\/types\/product"}],"replies":[{"embeddable":true,"href":"https:\/\/aromasentia.com\/no\/wp-json\/wp\/v2\/comments?post=208299"}],"version-history":[{"count":0,"href":"https:\/\/aromasentia.com\/no\/wp-json\/wp\/v2\/product\/208299\/revisions"}],"wp:featuredmedia":[{"embeddable":true,"href":"https:\/\/aromasentia.com\/no\/wp-json\/wp\/v2\/media\/643547"}],"wp:attachment":[{"href":"https:\/\/aromasentia.com\/no\/wp-json\/wp\/v2\/media?parent=208299"}],"wp:term":[{"taxonomy":"product_brand","embeddable":true,"href":"https:\/\/aromasentia.com\/no\/wp-json\/wp\/v2\/product_brand?post=208299"},{"taxonomy":"product_cat","embeddable":true,"href":"https:\/\/aromasentia.com\/no\/wp-json\/wp\/v2\/product_cat?post=208299"},{"taxonomy":"product_tag","embeddable":true,"href":"https:\/\/aromasentia.com\/no\/wp-json\/wp\/v2\/product_tag?post=208299"}],"curies":[{"name":"wp","href":"https:\/\/api.w.org\/{rel}","templated":true}]}}