{"id":208295,"date":"2025-03-22T16:06:08","date_gmt":"2025-03-22T16:06:08","guid":{"rendered":"https:\/\/aromasentia.com\/product\/seagrass-basket-set-grey-natural-white\/"},"modified":"2025-05-31T04:52:22","modified_gmt":"2025-05-31T04:52:22","slug":"kurvsett-i-sjogress-gra-naturlig-hvit","status":"publish","type":"product","link":"https:\/\/aromasentia.com\/no\/kurvsett-i-sjogress-gra-naturlig-hvit\/","title":{"rendered":"Kurvsett I Sj\u00f8gress &#8211; Gr\u00e5 \/ Naturlig \/ Hvit"},"content":{"rendered":"<p><strong>Aroma Sentia<\/strong> Sj\u00f8gresskurvsett &#8211; Gr\u00e5 \/ Naturlig \/ Hvit er perfekt for \u00e5 vise frem produktene dine. Multifunksjonelle kurver er h\u00e5ndvevd og gir et ekte jordn\u00e6rt preg til ethvert rom.<\/p>\n<p>Selges i sett med 3, hver kurv er h\u00e5ndlaget av milj\u00f8vennlig sj\u00f8gress. Denne enkle oppbevaringstrioen er ideell for gavekurver, den kan til og med brukes som en elegant blomsterpotte. Den st\u00f8rste har et \u00f8vre h\u00e5ndtak.<\/p>\n<p>Naturmaterialer er virkelig trendy, spesielt produkter laget av pent sj\u00f8gress er moteriktige og lette \u00e5 selge.<\/p>\n<p>De fargerike kurvene kan brukes som b\u00e6revesker, mini-skittent\u00f8yskurver eller til \u00e5 vise frem godsaker du \u00f8nsker \u00e5 ha godt organisert eller enkelt og raskt \u00e5 ta tak i.<\/p>\n<p>M\u00e5l p\u00e5 stor kurv: H: 17 cm (28 cm med h\u00e5ndtak), D: 20 cm<\/p>\n<p>M\u00e5l p\u00e5 midterste kurv: H: 16 cm, D: 17 cm<\/p>\n<p>M\u00e5l p\u00e5 liten kurv: H: 14 cm, D: 14 x m<\/p>\n<p><span style=\"color: rgb(141, 186, 216);\"><strong>Imponer kundene dine med det rustikke sj\u00f8gresssortimentet. Bestill n\u00e5.<\/strong><\/span><\/p>\n","protected":false},"excerpt":{"rendered":"<p>Aroma Sentia Sj\u00f8gresskurvsett &#8211; Gr\u00e5 \/ Naturlig \/ Hvit er perfekt for \u00e5 vise frem produktene dine. Multifunksjonelle kurver er h\u00e5ndvevd og gir et ekte jordn\u00e6rt preg til ethvert rom. Selges i sett med 3, hver kurv er h\u00e5ndlaget av milj\u00f8vennlig sj\u00f8gress. Denne enkle oppbevaringstrioen er ideell for gavekurver, den kan til og med brukes [&hellip;]<\/p>\n","protected":false},"featured_media":377575,"comment_status":"closed","ping_status":"open","template":"","meta":{"_angie_page":false},"product_brand":[],"product_cat":[8394,10490],"product_tag":[],"class_list":{"0":"post-208295","1":"product","2":"type-product","3":"status-publish","4":"has-post-thumbnail","6":"product_cat-hjem-og-hage","7":"product_cat-kurver","8":"pa_collection-seagrass-basket-set-no","9":"pa_made-in-indonesia","11":"first","12":"instock","13":"purchasable","14":"product-type-simple"},"supplier_id":null,"supplier_sku":"SBS-03","barcode":null,"atum_controlled":true,"out_stock_date":null,"out_stock_threshold":null,"inheritable":false,"inbound_stock":null,"stock_on_hold":0,"sold_today":0,"sales_last_days":0,"reserved_stock":null,"customer_returns":null,"warehouse_damage":null,"lost_in_post":null,"other_logs":null,"out_stock_days":0,"lost_sales":0,"has_location":null,"update_date":"2026-04-27T07:20:29","atum_locations":[],"atum_stock_status":"instock","restock_status":false,"low_stock_amount":"","sales_update_date":"2026-01-30T01:26:05","calc_backorders":null,"_links":{"self":[{"href":"https:\/\/aromasentia.com\/no\/wp-json\/wp\/v2\/product\/208295","targetHints":{"allow":["GET"]}}],"collection":[{"href":"https:\/\/aromasentia.com\/no\/wp-json\/wp\/v2\/product"}],"about":[{"href":"https:\/\/aromasentia.com\/no\/wp-json\/wp\/v2\/types\/product"}],"replies":[{"embeddable":true,"href":"https:\/\/aromasentia.com\/no\/wp-json\/wp\/v2\/comments?post=208295"}],"version-history":[{"count":0,"href":"https:\/\/aromasentia.com\/no\/wp-json\/wp\/v2\/product\/208295\/revisions"}],"wp:featuredmedia":[{"embeddable":true,"href":"https:\/\/aromasentia.com\/no\/wp-json\/wp\/v2\/media\/377575"}],"wp:attachment":[{"href":"https:\/\/aromasentia.com\/no\/wp-json\/wp\/v2\/media?parent=208295"}],"wp:term":[{"taxonomy":"product_brand","embeddable":true,"href":"https:\/\/aromasentia.com\/no\/wp-json\/wp\/v2\/product_brand?post=208295"},{"taxonomy":"product_cat","embeddable":true,"href":"https:\/\/aromasentia.com\/no\/wp-json\/wp\/v2\/product_cat?post=208295"},{"taxonomy":"product_tag","embeddable":true,"href":"https:\/\/aromasentia.com\/no\/wp-json\/wp\/v2\/product_tag?post=208295"}],"curies":[{"name":"wp","href":"https:\/\/api.w.org\/{rel}","templated":true}]}}