{"id":208283,"date":"2025-03-22T16:06:08","date_gmt":"2025-03-22T16:06:08","guid":{"rendered":"https:\/\/aromasentia.com\/product\/tamarind-and-resin-coffee-table-sky-blue\/"},"modified":"2025-05-31T04:51:42","modified_gmt":"2025-05-31T04:51:42","slug":"sofabord-i-tamarind-og-harpiks-himmelbla","status":"publish","type":"product","link":"https:\/\/aromasentia.com\/no\/sofabord-i-tamarind-og-harpiks-himmelbla\/","title":{"rendered":"Sofabord I Tamarind Og Harpiks &#8211; Himmelbl\u00e5"},"content":{"rendered":"<p>Ekstraordin\u00e6re salongbord som kombinerer treets naturlige utseende med moderne dekorative elementer. De er laget av tamarind &#8211; et tre fra S\u00f8r\u00f8st-Asia som er verdsatt for sin styrke og holdbarhet. Tamarindtre brukes ofte til produksjon av m\u00f8bler, fordi fargene og m\u00f8nstrene er unike og tilf\u00f8rer ekstraordin\u00e6r sjarm til ethvert interi\u00f8r.<\/p>\n<p>Hullene i treverket ble fylt med  Harpiks i himmelbl\u00e5 farge, noe som gir hvert bord en unik karakter. Bordet er moderne og elegant p\u00e5 samme tid, og vil passe til mange forskjellige interi\u00f8rer og tilf\u00f8re litt energi. Hele strukturen er basert p\u00e5 holdbare og stabile metallben.<\/p>\n<p>Bordst\u00f8rrelse: h\u00f8yde: 46 cm &#8211; diameter p\u00e5 treplaten: 77 cm &#8211; tretykkelse 10 cm<\/p>\n<p><strong>Vennligst merk: Frakt er gratis kun for bestillinger fra fastlandet i Storbritannia. Bordet leveres p\u00e5 pall med en standard leveringstid p\u00e5 2 virkedager (UK Mainland).&nbsp;<\/strong><\/p>\n<p><em><strong>V\u00e6r oppmerksom p\u00e5: Hvert bord er unikt &ndash; m\u00f8nstre og st\u00f8rrelser kan variere.<\/strong><\/em><\/p>\n","protected":false},"excerpt":{"rendered":"<p>Ekstraordin\u00e6re salongbord som kombinerer treets naturlige utseende med moderne dekorative elementer. De er laget av tamarind &#8211; et tre fra S\u00f8r\u00f8st-Asia som er verdsatt for sin styrke og holdbarhet. Tamarindtre brukes ofte til produksjon av m\u00f8bler, fordi fargene og m\u00f8nstrene er unike og tilf\u00f8rer ekstraordin\u00e6r sjarm til ethvert interi\u00f8r. Hullene i treverket ble fylt med [&hellip;]<\/p>\n","protected":false},"featured_media":377219,"comment_status":"closed","ping_status":"open","template":"","meta":{"_angie_page":false},"product_brand":[],"product_cat":[8394,10397],"product_tag":[],"class_list":{"0":"post-208283","1":"product","2":"type-product","3":"status-publish","4":"has-post-thumbnail","6":"product_cat-hjem-og-hage","7":"product_cat-mobler","8":"pa_collection-tamarind-and-resin-coffee-table-no","9":"pa_made-in-indonesia","11":"first","12":"outofstock","13":"purchasable","14":"product-type-simple"},"supplier_id":null,"supplier_sku":"RWA-02","barcode":null,"atum_controlled":true,"out_stock_date":"2025-09-05 14:08:44","out_stock_threshold":null,"inheritable":false,"inbound_stock":null,"stock_on_hold":0,"sold_today":0,"sales_last_days":0,"reserved_stock":null,"customer_returns":null,"warehouse_damage":null,"lost_in_post":null,"other_logs":null,"out_stock_days":0,"lost_sales":0,"has_location":null,"update_date":"2026-04-27T07:20:12","atum_locations":[],"atum_stock_status":"outofstock","restock_status":false,"low_stock_amount":"","sales_update_date":"2025-09-04T00:29:47","calc_backorders":null,"_links":{"self":[{"href":"https:\/\/aromasentia.com\/no\/wp-json\/wp\/v2\/product\/208283","targetHints":{"allow":["GET"]}}],"collection":[{"href":"https:\/\/aromasentia.com\/no\/wp-json\/wp\/v2\/product"}],"about":[{"href":"https:\/\/aromasentia.com\/no\/wp-json\/wp\/v2\/types\/product"}],"replies":[{"embeddable":true,"href":"https:\/\/aromasentia.com\/no\/wp-json\/wp\/v2\/comments?post=208283"}],"version-history":[{"count":0,"href":"https:\/\/aromasentia.com\/no\/wp-json\/wp\/v2\/product\/208283\/revisions"}],"wp:featuredmedia":[{"embeddable":true,"href":"https:\/\/aromasentia.com\/no\/wp-json\/wp\/v2\/media\/377219"}],"wp:attachment":[{"href":"https:\/\/aromasentia.com\/no\/wp-json\/wp\/v2\/media?parent=208283"}],"wp:term":[{"taxonomy":"product_brand","embeddable":true,"href":"https:\/\/aromasentia.com\/no\/wp-json\/wp\/v2\/product_brand?post=208283"},{"taxonomy":"product_cat","embeddable":true,"href":"https:\/\/aromasentia.com\/no\/wp-json\/wp\/v2\/product_cat?post=208283"},{"taxonomy":"product_tag","embeddable":true,"href":"https:\/\/aromasentia.com\/no\/wp-json\/wp\/v2\/product_tag?post=208283"}],"curies":[{"name":"wp","href":"https:\/\/api.w.org\/{rel}","templated":true}]}}