{"id":208259,"date":"2025-03-22T16:06:08","date_gmt":"2025-03-22T16:06:08","guid":{"rendered":"https:\/\/aromasentia.com\/product\/natural-teak-4-shelf-display-75cm-high\/"},"modified":"2025-05-31T04:50:11","modified_gmt":"2025-05-31T04:50:11","slug":"natural-teak-4-shelf-display-75cm-high","status":"publish","type":"product","link":"https:\/\/aromasentia.com\/no\/natural-teak-4-shelf-display-75cm-high\/","title":{"rendered":"Natural Teak 4 Shelf Display 75cm high"},"content":{"rendered":"<p><strong>Vi introduserer Natural Teak 4 Shelf Display<\/strong>, et fantastisk m\u00f8bel som kombinerer funksjonalitet med skj\u00f8nnhet. Displayet har en h\u00f8yde p\u00e5 75 cm, noe som gj\u00f8r det til et perfekt tillegg til ethvert rom i hjemmet, p\u00e5 kontoret eller i butikken. Displayet har fire romslige hyller laget av teak av h\u00f8y kvalitet, kjent for sin holdbarhet og naturlige skj\u00f8nnhet.<\/p>\n<p>Den naturlige teakfinishen gir dette displayet et tidl\u00f8st og rustikt utseende som vil utfylle enhver innredningsstil. Treets unike \u00e5rem\u00f8nster og varme toner gir varme og karakter til ethvert rom. Perfekt til \u00e5 vise frem ulike gjenstander, fra b\u00f8ker og planter til dekorative gjenstander eller til og med kosmetikk.<\/p>\n<p>Med sin naturlige teakkonstruksjon og enkle, men elegante design, er Natural Teak 4 Shelf Display et allsidig og stilig tillegg til ethvert hjem. Den vil fremheve skj\u00f8nnheten i rommet ditt samtidig som den er en funksjonell utstillingsl\u00f8sning. Invester i dette uts\u00f8kte m\u00f8belet og l\u00f8ft estetikken i butikken, kontoret eller hjemmet ditt med sin naturlige sjarm og funksjonalitet.<\/p>\n<p>St\u00f8rrelse: &nbsp;H: 75cm D: 50cm L: 25cm&nbsp;<\/p>\n<p>M\u00e5l mellom hyllene: fra nederste hylle 26cm, fra andre hylle 23cm, fra tredje hylle 17 cm, hylle 20cm<\/p>\n<p>M\u00e5l mellom hyllene: fra nederste hylle 26cm, fra andre hylle 23cm, fra tredje hylle 17 cm, hylle 20cm<\/p \n\n","protected":false},"excerpt":{"rendered":"<p>Vi introduserer Natural Teak 4 Shelf Display, et fantastisk m\u00f8bel som kombinerer funksjonalitet med skj\u00f8nnhet. Displayet har en h\u00f8yde p\u00e5 75 cm, noe som gj\u00f8r det til et perfekt tillegg til ethvert rom i hjemmet, p\u00e5 kontoret eller i butikken. Displayet har fire romslige hyller laget av teak av h\u00f8y kvalitet, kjent for sin holdbarhet [&hellip;]<\/p>\n","protected":false},"featured_media":378215,"comment_status":"closed","ping_status":"open","template":"","meta":{"_angie_page":false},"product_brand":[],"product_cat":[8394,10412],"product_tag":[],"class_list":{"0":"post-208259","1":"product","2":"type-product","3":"status-publish","4":"has-post-thumbnail","6":"product_cat-hjem-og-hage","7":"product_cat-tredekorasjoner","8":"pa_collection-natural-teak-display-no","9":"pa_made-in-indonesia","11":"first","12":"outofstock","13":"purchasable","14":"product-type-simple"},"supplier_id":null,"supplier_sku":"TDS-02","barcode":null,"atum_controlled":true,"out_stock_date":"2025-09-05 16:27:52","out_stock_threshold":null,"inheritable":false,"inbound_stock":null,"stock_on_hold":0,"sold_today":0,"sales_last_days":0,"reserved_stock":null,"customer_returns":null,"warehouse_damage":null,"lost_in_post":null,"other_logs":null,"out_stock_days":0,"lost_sales":0,"has_location":null,"update_date":"2026-04-27T07:24:12","atum_locations":[],"atum_stock_status":"outofstock","restock_status":false,"low_stock_amount":"","sales_update_date":"2025-09-04T00:30:14","calc_backorders":null,"_links":{"self":[{"href":"https:\/\/aromasentia.com\/no\/wp-json\/wp\/v2\/product\/208259","targetHints":{"allow":["GET"]}}],"collection":[{"href":"https:\/\/aromasentia.com\/no\/wp-json\/wp\/v2\/product"}],"about":[{"href":"https:\/\/aromasentia.com\/no\/wp-json\/wp\/v2\/types\/product"}],"replies":[{"embeddable":true,"href":"https:\/\/aromasentia.com\/no\/wp-json\/wp\/v2\/comments?post=208259"}],"version-history":[{"count":0,"href":"https:\/\/aromasentia.com\/no\/wp-json\/wp\/v2\/product\/208259\/revisions"}],"wp:featuredmedia":[{"embeddable":true,"href":"https:\/\/aromasentia.com\/no\/wp-json\/wp\/v2\/media\/378215"}],"wp:attachment":[{"href":"https:\/\/aromasentia.com\/no\/wp-json\/wp\/v2\/media?parent=208259"}],"wp:term":[{"taxonomy":"product_brand","embeddable":true,"href":"https:\/\/aromasentia.com\/no\/wp-json\/wp\/v2\/product_brand?post=208259"},{"taxonomy":"product_cat","embeddable":true,"href":"https:\/\/aromasentia.com\/no\/wp-json\/wp\/v2\/product_cat?post=208259"},{"taxonomy":"product_tag","embeddable":true,"href":"https:\/\/aromasentia.com\/no\/wp-json\/wp\/v2\/product_tag?post=208259"}],"curies":[{"name":"wp","href":"https:\/\/api.w.org\/{rel}","templated":true}]}}