{"id":208201,"date":"2025-03-22T16:06:20","date_gmt":"2025-03-22T16:06:20","guid":{"rendered":"https:\/\/aromasentia.com\/product\/small-velvet-rug-50x90cm\/"},"modified":"2025-05-31T04:46:52","modified_gmt":"2025-05-31T04:46:52","slug":"lite-velvet-toyteppe-50x90cm","status":"publish","type":"product","link":"https:\/\/aromasentia.com\/no\/lite-velvet-toyteppe-50x90cm\/","title":{"rendered":"Lite Velvet T\u00f8yteppe &#8211; 50x90Cm"},"content":{"rendered":"<p>Disse vakre <strong> Indiske tepper i engroshandel<\/strong> er ogs\u00e5 tilgjengelige i st\u00f8rrelsene Large, Medium og Small, og med sine livlige farger vil de garantert v\u00e6re samtalepunktet i ethvert rom.<\/p>\n<p> Disse teppene vil gi komfort og stil til kundenes hjem \/ kontor p\u00e5 grunn av fl\u00f8yel- og bomullsmaterialet som brukes, noe som gir den robuste finishen til teppet med en mykhetsf\u00f8lelse.<\/p>\n<p> V\u00e5rt utvalg av fl\u00f8yelstepper vil invitere kundene dine til avslapning, en trang til \u00e5 g\u00e5 barbeint. For ikke \u00e5 nevne prisen, noe som gir deg en tilfredsstillende fortjeneste. &nbsp;Bare vis disse fargerike teppene i butikken \/ nettstedet ditt for \u00e5 fange kundens \u00f8ye.&nbsp;<\/p>\n<p><strong>Vennligst merk: Fargene kan variere p\u00e5 grunn av produktets art.<\/strong><\/p>\n","protected":false},"excerpt":{"rendered":"<p>Disse vakre Indiske tepper i engroshandel er ogs\u00e5 tilgjengelige i st\u00f8rrelsene Large, Medium og Small, og med sine livlige farger vil de garantert v\u00e6re samtalepunktet i ethvert rom. Disse teppene vil gi komfort og stil til kundenes hjem \/ kontor p\u00e5 grunn av fl\u00f8yel- og bomullsmaterialet som brukes, noe som gir den robuste finishen til [&hellip;]<\/p>\n","protected":false},"featured_media":381981,"comment_status":"closed","ping_status":"open","template":"","meta":{"_angie_page":false},"product_brand":[],"product_cat":[8394,10395,10394],"product_tag":[],"class_list":{"0":"post-208201","1":"product","2":"type-product","3":"status-publish","4":"has-post-thumbnail","6":"product_cat-hjem-og-hage","7":"product_cat-tekstiler","8":"product_cat-tepper","9":"pa_collection-indian-rag-rugs-no","10":"pa_made-in-india","12":"first","13":"instock","14":"purchasable","15":"product-type-simple"},"supplier_id":null,"supplier_sku":"Vrug-03","barcode":null,"atum_controlled":true,"out_stock_date":null,"out_stock_threshold":null,"inheritable":false,"inbound_stock":null,"stock_on_hold":0,"sold_today":0,"sales_last_days":0,"reserved_stock":null,"customer_returns":null,"warehouse_damage":null,"lost_in_post":null,"other_logs":null,"out_stock_days":0,"lost_sales":0,"has_location":null,"update_date":"2026-04-27T07:26:32","atum_locations":[],"atum_stock_status":"instock","restock_status":false,"low_stock_amount":"","sales_update_date":"2026-01-30T01:26:10","calc_backorders":null,"_links":{"self":[{"href":"https:\/\/aromasentia.com\/no\/wp-json\/wp\/v2\/product\/208201","targetHints":{"allow":["GET"]}}],"collection":[{"href":"https:\/\/aromasentia.com\/no\/wp-json\/wp\/v2\/product"}],"about":[{"href":"https:\/\/aromasentia.com\/no\/wp-json\/wp\/v2\/types\/product"}],"replies":[{"embeddable":true,"href":"https:\/\/aromasentia.com\/no\/wp-json\/wp\/v2\/comments?post=208201"}],"version-history":[{"count":0,"href":"https:\/\/aromasentia.com\/no\/wp-json\/wp\/v2\/product\/208201\/revisions"}],"wp:featuredmedia":[{"embeddable":true,"href":"https:\/\/aromasentia.com\/no\/wp-json\/wp\/v2\/media\/381981"}],"wp:attachment":[{"href":"https:\/\/aromasentia.com\/no\/wp-json\/wp\/v2\/media?parent=208201"}],"wp:term":[{"taxonomy":"product_brand","embeddable":true,"href":"https:\/\/aromasentia.com\/no\/wp-json\/wp\/v2\/product_brand?post=208201"},{"taxonomy":"product_cat","embeddable":true,"href":"https:\/\/aromasentia.com\/no\/wp-json\/wp\/v2\/product_cat?post=208201"},{"taxonomy":"product_tag","embeddable":true,"href":"https:\/\/aromasentia.com\/no\/wp-json\/wp\/v2\/product_tag?post=208201"}],"curies":[{"name":"wp","href":"https:\/\/api.w.org\/{rel}","templated":true}]}}