{"id":208200,"date":"2025-03-22T16:06:20","date_gmt":"2025-03-22T16:06:20","guid":{"rendered":"https:\/\/aromasentia.com\/product\/medium-velvet-rug-128x75cm\/"},"modified":"2025-05-31T04:46:49","modified_gmt":"2025-05-31T04:46:49","slug":"velvet-toyteppe-128x75-cm-medium","status":"publish","type":"product","link":"https:\/\/aromasentia.com\/no\/velvet-toyteppe-128x75-cm-medium\/","title":{"rendered":"Velvet T\u00f8yteppe &#8211; 128&#215;75 cm Medium"},"content":{"rendered":"<p>Medium Velvet Rug, Hvert teppe er h\u00e5ndvevd i India. Disse vakre <strong> engros indiske teppene <\/strong> er ogs\u00e5 tilgjengelige i st\u00f8rrelsene Large og Small, og med sine livlige farger vil de helt sikkert v\u00e6re samtalepunktet i ethvert rom.<\/p>\n<p> Teppene vil gi komfort og stil til kundenes hjem \/ kontor p\u00e5 grunn av fl\u00f8yel- og bomullsmaterialet som brukes.<\/p>\n<p> V\u00e5rt utvalg av fl\u00f8yelstepper vil invitere kundene dine til avslapning, en trang til \u00e5 g\u00e5 barbeint. Til en pris som gir deg en tilfredsstillende fortjeneste. &nbsp;Bare vis disse fargerike teppene i butikken \/ nettstedet ditt for \u00e5 fange kundens blikk.&nbsp;<\/p>\n<p> <strong>Vennligst merk: Fargene kan variere p\u00e5 grunn av produktets art.<\/strong> <\/strong><\/p>\n","protected":false},"excerpt":{"rendered":"<p>Medium Velvet Rug, Hvert teppe er h\u00e5ndvevd i India. Disse vakre engros indiske teppene er ogs\u00e5 tilgjengelige i st\u00f8rrelsene Large og Small, og med sine livlige farger vil de helt sikkert v\u00e6re samtalepunktet i ethvert rom. Teppene vil gi komfort og stil til kundenes hjem \/ kontor p\u00e5 grunn av fl\u00f8yel- og bomullsmaterialet som brukes. [&hellip;]<\/p>\n","protected":false},"featured_media":381892,"comment_status":"closed","ping_status":"open","template":"","meta":{"_angie_page":false},"product_brand":[],"product_cat":[8394,10395,10394],"product_tag":[],"class_list":{"0":"post-208200","1":"product","2":"type-product","3":"status-publish","4":"has-post-thumbnail","6":"product_cat-hjem-og-hage","7":"product_cat-tekstiler","8":"product_cat-tepper","9":"pa_collection-indian-rag-rugs-no","10":"pa_made-in-india","12":"first","13":"instock","14":"purchasable","15":"product-type-simple"},"supplier_id":null,"supplier_sku":"Vrug-02","barcode":null,"atum_controlled":true,"out_stock_date":null,"out_stock_threshold":null,"inheritable":false,"inbound_stock":null,"stock_on_hold":0,"sold_today":0,"sales_last_days":0,"reserved_stock":null,"customer_returns":null,"warehouse_damage":null,"lost_in_post":null,"other_logs":null,"out_stock_days":0,"lost_sales":0,"has_location":null,"update_date":"2026-04-27T07:26:32","atum_locations":[],"atum_stock_status":"instock","restock_status":false,"low_stock_amount":"","sales_update_date":"2026-01-30T01:25:02","calc_backorders":null,"_links":{"self":[{"href":"https:\/\/aromasentia.com\/no\/wp-json\/wp\/v2\/product\/208200","targetHints":{"allow":["GET"]}}],"collection":[{"href":"https:\/\/aromasentia.com\/no\/wp-json\/wp\/v2\/product"}],"about":[{"href":"https:\/\/aromasentia.com\/no\/wp-json\/wp\/v2\/types\/product"}],"replies":[{"embeddable":true,"href":"https:\/\/aromasentia.com\/no\/wp-json\/wp\/v2\/comments?post=208200"}],"version-history":[{"count":0,"href":"https:\/\/aromasentia.com\/no\/wp-json\/wp\/v2\/product\/208200\/revisions"}],"wp:featuredmedia":[{"embeddable":true,"href":"https:\/\/aromasentia.com\/no\/wp-json\/wp\/v2\/media\/381892"}],"wp:attachment":[{"href":"https:\/\/aromasentia.com\/no\/wp-json\/wp\/v2\/media?parent=208200"}],"wp:term":[{"taxonomy":"product_brand","embeddable":true,"href":"https:\/\/aromasentia.com\/no\/wp-json\/wp\/v2\/product_brand?post=208200"},{"taxonomy":"product_cat","embeddable":true,"href":"https:\/\/aromasentia.com\/no\/wp-json\/wp\/v2\/product_cat?post=208200"},{"taxonomy":"product_tag","embeddable":true,"href":"https:\/\/aromasentia.com\/no\/wp-json\/wp\/v2\/product_tag?post=208200"}],"curies":[{"name":"wp","href":"https:\/\/api.w.org\/{rel}","templated":true}]}}