{"id":208199,"date":"2025-03-22T16:06:20","date_gmt":"2025-03-22T16:06:20","guid":{"rendered":"https:\/\/aromasentia.com\/product\/large-velvet-rug-105x185cm\/"},"modified":"2025-05-31T04:46:46","modified_gmt":"2025-05-31T04:46:46","slug":"stort-toyteppe-i-floyel-105x185-cm","status":"publish","type":"product","link":"https:\/\/aromasentia.com\/no\/stort-toyteppe-i-floyel-105x185-cm\/","title":{"rendered":"Stort T\u00f8yteppe I Fl\u00f8yel &#8211; 105&#215;185 cm"},"content":{"rendered":"<p>Ta en titt p\u00e5 v\u00e5rt store fl\u00f8yelsteppe. Hvert teppe er h\u00e5ndvevd i India. V\u00e5re vakre grossisttepper er ogs\u00e5 tilgjengelige i st\u00f8rrelsene Medium og Small, og med sine livlige farger vil de helt sikkert v\u00e6re samtalepunktet i ethvert rom.<\/p>\n<p> Disse teppene vil gi komfort og stil til kundenes hjem \/ kontor, p\u00e5 grunn av fl\u00f8yel- og bomullsmaterialet som brukes, noe som gir den robuste finishen til teppet med en mykhetsf\u00f8lelse.<\/p>\n<p> V\u00e5rt utvalg av fl\u00f8yeltepper vil invitere kundene dine til avslapning, en trang til \u00e5 g\u00e5 barbeint. For ikke \u00e5 nevne prisen, noe som gir deg en tilfredsstillende fortjeneste. Bare vis disse fargerike teppene i butikken \/ nettstedet ditt for \u00e5 fange kundens \u00f8ye.<\/p>\n<p> <strong>Vennligst merk: Fargene kan variere p\u00e5 grunn av produktets art.<\/strong> <\/strong>\/p><\/p>\n","protected":false},"excerpt":{"rendered":"<p>Ta en titt p\u00e5 v\u00e5rt store fl\u00f8yelsteppe. Hvert teppe er h\u00e5ndvevd i India. V\u00e5re vakre grossisttepper er ogs\u00e5 tilgjengelige i st\u00f8rrelsene Medium og Small, og med sine livlige farger vil de helt sikkert v\u00e6re samtalepunktet i ethvert rom. Disse teppene vil gi komfort og stil til kundenes hjem \/ kontor, p\u00e5 grunn av fl\u00f8yel- og [&hellip;]<\/p>\n","protected":false},"featured_media":381795,"comment_status":"closed","ping_status":"open","template":"","meta":{"_angie_page":false},"product_brand":[],"product_cat":[8394,10395,10394],"product_tag":[],"class_list":{"0":"post-208199","1":"product","2":"type-product","3":"status-publish","4":"has-post-thumbnail","6":"product_cat-hjem-og-hage","7":"product_cat-tekstiler","8":"product_cat-tepper","9":"pa_collection-indian-rag-rugs-no","10":"pa_made-in-india","12":"first","13":"instock","14":"purchasable","15":"product-type-simple"},"supplier_id":null,"supplier_sku":"Vrug-01","barcode":null,"atum_controlled":true,"out_stock_date":null,"out_stock_threshold":null,"inheritable":false,"inbound_stock":null,"stock_on_hold":0,"sold_today":0,"sales_last_days":0,"reserved_stock":null,"customer_returns":null,"warehouse_damage":null,"lost_in_post":null,"other_logs":null,"out_stock_days":0,"lost_sales":0,"has_location":null,"update_date":"2026-04-27T07:26:32","atum_locations":[],"atum_stock_status":"instock","restock_status":false,"low_stock_amount":"","sales_update_date":"2026-01-20T05:13:29","calc_backorders":null,"_links":{"self":[{"href":"https:\/\/aromasentia.com\/no\/wp-json\/wp\/v2\/product\/208199","targetHints":{"allow":["GET"]}}],"collection":[{"href":"https:\/\/aromasentia.com\/no\/wp-json\/wp\/v2\/product"}],"about":[{"href":"https:\/\/aromasentia.com\/no\/wp-json\/wp\/v2\/types\/product"}],"replies":[{"embeddable":true,"href":"https:\/\/aromasentia.com\/no\/wp-json\/wp\/v2\/comments?post=208199"}],"version-history":[{"count":0,"href":"https:\/\/aromasentia.com\/no\/wp-json\/wp\/v2\/product\/208199\/revisions"}],"wp:featuredmedia":[{"embeddable":true,"href":"https:\/\/aromasentia.com\/no\/wp-json\/wp\/v2\/media\/381795"}],"wp:attachment":[{"href":"https:\/\/aromasentia.com\/no\/wp-json\/wp\/v2\/media?parent=208199"}],"wp:term":[{"taxonomy":"product_brand","embeddable":true,"href":"https:\/\/aromasentia.com\/no\/wp-json\/wp\/v2\/product_brand?post=208199"},{"taxonomy":"product_cat","embeddable":true,"href":"https:\/\/aromasentia.com\/no\/wp-json\/wp\/v2\/product_cat?post=208199"},{"taxonomy":"product_tag","embeddable":true,"href":"https:\/\/aromasentia.com\/no\/wp-json\/wp\/v2\/product_tag?post=208199"}],"curies":[{"name":"wp","href":"https:\/\/api.w.org\/{rel}","templated":true}]}}