{"id":208192,"date":"2025-03-22T16:06:20","date_gmt":"2025-03-22T16:06:20","guid":{"rendered":"https:\/\/aromasentia.com\/product\/150-x-90cm-luxury-rag-rug-red\/"},"modified":"2025-05-31T04:46:28","modified_gmt":"2025-05-31T04:46:28","slug":"150-x-90-cm-luksuriost-toyteppe-rod","status":"publish","type":"product","link":"https:\/\/aromasentia.com\/no\/150-x-90-cm-luksuriost-toyteppe-rod\/","title":{"rendered":"150 x 90 cm Luksuri\u00f8st T\u00f8yteppe &#8211; R\u00f8d"},"content":{"rendered":"<p><span style=\"color: rgb(75, 80, 88);\"><strong>Resirkulert 150 x 90 cm luksuri\u00f8st filleteppe &#8211; R\u00f8d indisk filleteppe<\/strong> vil gi et fargeklatt til ethvert rom. Disse indiske teppene er kj\u00e6rlig h\u00e5ndlaget av bomull og resirkulerte materialer fra den indiske tekstilindustrien, s\u00e5 de er sv\u00e6rt milj\u00f8vennlige &#8230; og til en god pris.<\/span> <\/p>\n","protected":false},"excerpt":{"rendered":"<p>Resirkulert 150 x 90 cm luksuri\u00f8st filleteppe &#8211; R\u00f8d indisk filleteppe vil gi et fargeklatt til ethvert rom. Disse indiske teppene er kj\u00e6rlig h\u00e5ndlaget av bomull og resirkulerte materialer fra den indiske tekstilindustrien, s\u00e5 de er sv\u00e6rt milj\u00f8vennlige &#8230; og til en god pris.<\/p>\n","protected":false},"featured_media":381468,"comment_status":"closed","ping_status":"open","template":"","meta":{"_angie_page":false},"product_brand":[],"product_cat":[8394,10395,10394],"product_tag":[],"class_list":{"0":"post-208192","1":"product","2":"type-product","3":"status-publish","4":"has-post-thumbnail","6":"product_cat-hjem-og-hage","7":"product_cat-tekstiler","8":"product_cat-tepper","9":"pa_collection-indian-rag-rugs-no","10":"pa_made-in-india","12":"first","13":"outofstock","14":"purchasable","15":"product-type-simple"},"supplier_id":null,"supplier_sku":"Vrug-04","barcode":null,"atum_controlled":true,"out_stock_date":"2025-09-05 16:56:48","out_stock_threshold":null,"inheritable":false,"inbound_stock":null,"stock_on_hold":0,"sold_today":0,"sales_last_days":0,"reserved_stock":null,"customer_returns":null,"warehouse_damage":null,"lost_in_post":null,"other_logs":null,"out_stock_days":0,"lost_sales":0,"has_location":null,"update_date":"2026-04-27T07:26:32","atum_locations":[],"atum_stock_status":"outofstock","restock_status":false,"low_stock_amount":"","sales_update_date":"2025-09-04T00:30:48","calc_backorders":null,"_links":{"self":[{"href":"https:\/\/aromasentia.com\/no\/wp-json\/wp\/v2\/product\/208192","targetHints":{"allow":["GET"]}}],"collection":[{"href":"https:\/\/aromasentia.com\/no\/wp-json\/wp\/v2\/product"}],"about":[{"href":"https:\/\/aromasentia.com\/no\/wp-json\/wp\/v2\/types\/product"}],"replies":[{"embeddable":true,"href":"https:\/\/aromasentia.com\/no\/wp-json\/wp\/v2\/comments?post=208192"}],"version-history":[{"count":0,"href":"https:\/\/aromasentia.com\/no\/wp-json\/wp\/v2\/product\/208192\/revisions"}],"wp:featuredmedia":[{"embeddable":true,"href":"https:\/\/aromasentia.com\/no\/wp-json\/wp\/v2\/media\/381468"}],"wp:attachment":[{"href":"https:\/\/aromasentia.com\/no\/wp-json\/wp\/v2\/media?parent=208192"}],"wp:term":[{"taxonomy":"product_brand","embeddable":true,"href":"https:\/\/aromasentia.com\/no\/wp-json\/wp\/v2\/product_brand?post=208192"},{"taxonomy":"product_cat","embeddable":true,"href":"https:\/\/aromasentia.com\/no\/wp-json\/wp\/v2\/product_cat?post=208192"},{"taxonomy":"product_tag","embeddable":true,"href":"https:\/\/aromasentia.com\/no\/wp-json\/wp\/v2\/product_tag?post=208192"}],"curies":[{"name":"wp","href":"https:\/\/api.w.org\/{rel}","templated":true}]}}