{"id":208182,"date":"2025-03-22T16:06:20","date_gmt":"2025-03-22T16:06:20","guid":{"rendered":"https:\/\/aromasentia.com\/product\/large-elephant-head-gold-whitewash\/"},"modified":"2025-05-31T04:45:44","modified_gmt":"2025-05-31T04:45:44","slug":"stort-elefanthode-gull-og-hvitkalking","status":"publish","type":"product","link":"https:\/\/aromasentia.com\/no\/stort-elefanthode-gull-og-hvitkalking\/","title":{"rendered":"Stort Elefanthode &#8211; Gull Og Hvitkalking"},"content":{"rendered":"<p><strong>Elefanthode i gull og hvitvasking&nbsp;<\/strong>er<strong>&nbsp;<\/strong>et majestetisk symbol p\u00e5 visdom, mot, vekst og styrke. Disse engroselefantene er utsmykket med en delikat hvit farge, forsterket av et fengslende innslag av gyldent glitter.<\/p>\n<p>H\u00e5ndsk\u00e5ret med presisjon i Indonesia, er disse uts\u00f8kte elefantene laget av Albesia-tre, et raskt voksende, b\u00e6rekraftig tre som finnes i overflod i S\u00f8r\u00f8st-Asia, og som n\u00e5r ruvende h\u00f8yder p\u00e5 70 meter i l\u00f8pet av bare noen f\u00e5 \u00e5r.<\/p>\n<p>V\u00e5re prydelefanter bringer lykke og er <strong>den<\/strong> <strong>perfekte gaven til elefantentusiaster og kjennere av godt h\u00e5ndverk<\/strong>. Hver elefant er et bevis p\u00e5 h\u00e5ndverkerens dyktighet, med <strong>h\u00e5ndlagde variasjoner i farge, design og dimensjoner som sikrer at hver elefant er et unikt samleobjekt. Oppdag sjarmen til <strong>Balis gamle verden gjennom disse vakre h\u00e5ndsk\u00e5rne elefanthodene.<\/strong>&nbsp;<\/p>\n","protected":false},"excerpt":{"rendered":"<p>Elefanthode i gull og hvitvasking&nbsp;er&nbsp;et majestetisk symbol p\u00e5 visdom, mot, vekst og styrke. Disse engroselefantene er utsmykket med en delikat hvit farge, forsterket av et fengslende innslag av gyldent glitter. H\u00e5ndsk\u00e5ret med presisjon i Indonesia, er disse uts\u00f8kte elefantene laget av Albesia-tre, et raskt voksende, b\u00e6rekraftig tre som finnes i overflod i S\u00f8r\u00f8st-Asia, og som [&hellip;]<\/p>\n","protected":false},"featured_media":381100,"comment_status":"closed","ping_status":"open","template":"","meta":{"_angie_page":false},"product_brand":[],"product_cat":[8394,10412],"product_tag":[],"class_list":{"0":"post-208182","1":"product","2":"type-product","3":"status-publish","4":"has-post-thumbnail","6":"product_cat-hjem-og-hage","7":"product_cat-tredekorasjoner","8":"pa_collection-wooden-carved-decorative-figures-no","9":"pa_made-in-indonesia","11":"first","12":"instock","13":"purchasable","14":"product-type-simple"},"supplier_id":null,"supplier_sku":"VINTEP-03","barcode":null,"atum_controlled":true,"out_stock_date":null,"out_stock_threshold":null,"inheritable":false,"inbound_stock":null,"stock_on_hold":0,"sold_today":0,"sales_last_days":0,"reserved_stock":null,"customer_returns":null,"warehouse_damage":null,"lost_in_post":null,"other_logs":null,"out_stock_days":0,"lost_sales":0,"has_location":null,"update_date":"2026-04-27T19:09:48","atum_locations":[],"atum_stock_status":"instock","restock_status":false,"low_stock_amount":"","sales_update_date":"2026-01-30T01:24:31","calc_backorders":null,"_links":{"self":[{"href":"https:\/\/aromasentia.com\/no\/wp-json\/wp\/v2\/product\/208182","targetHints":{"allow":["GET"]}}],"collection":[{"href":"https:\/\/aromasentia.com\/no\/wp-json\/wp\/v2\/product"}],"about":[{"href":"https:\/\/aromasentia.com\/no\/wp-json\/wp\/v2\/types\/product"}],"replies":[{"embeddable":true,"href":"https:\/\/aromasentia.com\/no\/wp-json\/wp\/v2\/comments?post=208182"}],"version-history":[{"count":0,"href":"https:\/\/aromasentia.com\/no\/wp-json\/wp\/v2\/product\/208182\/revisions"}],"wp:featuredmedia":[{"embeddable":true,"href":"https:\/\/aromasentia.com\/no\/wp-json\/wp\/v2\/media\/381100"}],"wp:attachment":[{"href":"https:\/\/aromasentia.com\/no\/wp-json\/wp\/v2\/media?parent=208182"}],"wp:term":[{"taxonomy":"product_brand","embeddable":true,"href":"https:\/\/aromasentia.com\/no\/wp-json\/wp\/v2\/product_brand?post=208182"},{"taxonomy":"product_cat","embeddable":true,"href":"https:\/\/aromasentia.com\/no\/wp-json\/wp\/v2\/product_cat?post=208182"},{"taxonomy":"product_tag","embeddable":true,"href":"https:\/\/aromasentia.com\/no\/wp-json\/wp\/v2\/product_tag?post=208182"}],"curies":[{"name":"wp","href":"https:\/\/api.w.org\/{rel}","templated":true}]}}