{"id":208181,"date":"2025-03-22T16:06:20","date_gmt":"2025-03-22T16:06:20","guid":{"rendered":"https:\/\/aromasentia.com\/product\/wood-carved-elephant-white-gold\/"},"modified":"2025-05-31T04:45:42","modified_gmt":"2025-05-31T04:45:42","slug":"utskaret-elefant-i-tre-hvitt-gull","status":"publish","type":"product","link":"https:\/\/aromasentia.com\/no\/utskaret-elefant-i-tre-hvitt-gull\/","title":{"rendered":"Utsk\u00e5ret Elefant I Tre &#8211; Hvitt Gull"},"content":{"rendered":"<p>Elefanter symboliserer edle ting som visdom, mot, vekst og styrke.<\/p>\n<p>Disse elefantene er lett malt i hvite og turkise farger og har f\u00e5tt et gyllent glitter.<\/p>\n<p>Disse vakre h\u00e5ndsk\u00e5rne elefantene vil bringe en gammeldags f\u00f8lelse av Bali inn i ethvert rom. H\u00e5ndsk\u00e5ret i Indonesia fra Albesia-tre, et raskt voksende b\u00e6rekraftig tre som kan vokse til 21 meter p\u00e5 bare noen f\u00e5 \u00e5r og finnes over hele S\u00f8r\u00f8st-Asia.<\/p>\n<p>Dekorative elefanter skal v\u00e6re lykkebringende, og disse er en perfekt gave til en elefantelsker eller alle som setter pris p\u00e5 ferdighetene som kreves for \u00e5 lage et s\u00e5 fint stykke.<\/p>\n<p>Siden hver elefant er h\u00e5ndlaget, kan farge, design og dimensjoner variere noe, noe som gj\u00f8r hver enkelt til et unikt samleobjekt.<\/p>\n","protected":false},"excerpt":{"rendered":"<p>Elefanter symboliserer edle ting som visdom, mot, vekst og styrke. Disse elefantene er lett malt i hvite og turkise farger og har f\u00e5tt et gyllent glitter. Disse vakre h\u00e5ndsk\u00e5rne elefantene vil bringe en gammeldags f\u00f8lelse av Bali inn i ethvert rom. H\u00e5ndsk\u00e5ret i Indonesia fra Albesia-tre, et raskt voksende b\u00e6rekraftig tre som kan vokse til [&hellip;]<\/p>\n","protected":false},"featured_media":381076,"comment_status":"closed","ping_status":"open","template":"","meta":{"_angie_page":false},"product_brand":[],"product_cat":[8394,10412],"product_tag":[],"class_list":{"0":"post-208181","1":"product","2":"type-product","3":"status-publish","4":"has-post-thumbnail","6":"product_cat-hjem-og-hage","7":"product_cat-tredekorasjoner","8":"pa_collection-wooden-carved-decorative-figures-no","9":"pa_made-in-indonesia","11":"first","12":"instock","13":"purchasable","14":"product-type-simple"},"supplier_id":null,"supplier_sku":"VINTEP-01","barcode":null,"atum_controlled":true,"out_stock_date":null,"out_stock_threshold":null,"inheritable":false,"inbound_stock":null,"stock_on_hold":0,"sold_today":0,"sales_last_days":0,"reserved_stock":null,"customer_returns":null,"warehouse_damage":null,"lost_in_post":null,"other_logs":null,"out_stock_days":57,"lost_sales":0,"has_location":null,"update_date":"2026-04-27T07:26:20","atum_locations":[],"atum_stock_status":"instock","restock_status":false,"low_stock_amount":"","sales_update_date":"2026-02-06T00:00:53","calc_backorders":null,"_links":{"self":[{"href":"https:\/\/aromasentia.com\/no\/wp-json\/wp\/v2\/product\/208181","targetHints":{"allow":["GET"]}}],"collection":[{"href":"https:\/\/aromasentia.com\/no\/wp-json\/wp\/v2\/product"}],"about":[{"href":"https:\/\/aromasentia.com\/no\/wp-json\/wp\/v2\/types\/product"}],"replies":[{"embeddable":true,"href":"https:\/\/aromasentia.com\/no\/wp-json\/wp\/v2\/comments?post=208181"}],"version-history":[{"count":0,"href":"https:\/\/aromasentia.com\/no\/wp-json\/wp\/v2\/product\/208181\/revisions"}],"wp:featuredmedia":[{"embeddable":true,"href":"https:\/\/aromasentia.com\/no\/wp-json\/wp\/v2\/media\/381076"}],"wp:attachment":[{"href":"https:\/\/aromasentia.com\/no\/wp-json\/wp\/v2\/media?parent=208181"}],"wp:term":[{"taxonomy":"product_brand","embeddable":true,"href":"https:\/\/aromasentia.com\/no\/wp-json\/wp\/v2\/product_brand?post=208181"},{"taxonomy":"product_cat","embeddable":true,"href":"https:\/\/aromasentia.com\/no\/wp-json\/wp\/v2\/product_cat?post=208181"},{"taxonomy":"product_tag","embeddable":true,"href":"https:\/\/aromasentia.com\/no\/wp-json\/wp\/v2\/product_tag?post=208181"}],"curies":[{"name":"wp","href":"https:\/\/api.w.org\/{rel}","templated":true}]}}