{"id":208179,"date":"2025-03-22T16:06:20","date_gmt":"2025-03-22T16:06:20","guid":{"rendered":"https:\/\/aromasentia.com\/product\/dream-chacher-large-brown-elemental-spirits\/"},"modified":"2025-05-31T04:45:36","modified_gmt":"2025-05-31T04:45:36","slug":"drommefanger-store-brune-elementalander","status":"publish","type":"product","link":"https:\/\/aromasentia.com\/no\/drommefanger-store-brune-elementalander\/","title":{"rendered":"Dr\u00f8mmefanger &#8211; Store Brune Elemental\u00e5nder"},"content":{"rendered":"<p style=\"text-align: left;\"><strong>Dr\u00f8mmefanger p\u00e5 engrossalg &#8211; Store brune element\u00e6r\u00e5nder<\/strong>, h\u00e5ndlaget med omsorg og kj\u00e6rlighet i landsbyer p\u00e5 Bali. Hvert stykke er et symbol p\u00e5 kunstnerskap og \u00e5ndelighet, designet for \u00e5 bringe skj\u00f8nnhet og positiv energi til ethvert rom.<\/p>\n<p style=\"text-align: left;\">De naturlige brune tonene fremkaller en f\u00f8lelse av varme og jordn\u00e6rhet, noe som skaper en harmonisk blanding med enhver innredning.<\/p>\n<p style=\"text-align: left;\">Nattens \u00e5nder kan gi gode og vonde dr\u00f8mmer.<br style=\"box-sizing: inherit; color: rgb(29, 28, 29); font-family: Slack-Lato, appleLogo, sans-serif; font-size: 15px; font-style: normal; font-variant-ligatures: common-ligatures; font-variant-caps: normal; font-weight: 400; letter-spacing: normal; orphans: 2; text-align: left; text-indent: 0px; text-transform: none; white-space: normal; widows: 2; word-spacing: 0px; -webkit-text-stroke-width: 0px; background-color: rgb(255, 255, 255); text-decoration-style: initial; text-decoration-color: initial;\">Denne <strong> helt naturlige (ingen fj\u00e6r), veganvennlige&nbsp;<\/strong> dr\u00f8mmefangeren er h\u00e5ndlaget p\u00e5 den \u00e5ndelig velsignede \u00f8ya Bali.<\/p>\n<p style=\"text-align: left;\">De gode dr\u00f8mmene passerer gjennom dr\u00f8mmefangeren, og de d\u00e5rlige, som ikke kjenner veien, vikler seg inn i nettet og g\u00e5r til grunne i morgengryets f\u00f8rste lys. P\u00e5 Bali har lokalbefolkningen god kontakt med \u00e5ndeverdenen og har tatt dr\u00f8mmefangeren til seg og fornyet dens kraft.<\/p>\n<p style=\"text-align: left;\">Ved \u00e5 tilby disse dr\u00f8mmefangerne til kundene dine, gir du dem et unikt og meningsfylt stykke balinesisk kultur og kunsth\u00e5ndverk.<\/p>\n<p style=\"text-align: left;\"><strong>Laget med kj\u00e6rlighet av rotting, bomull og treperler med ekstra velsignelser.<\/strong><\/p>\n<p style=\"text-align: left;\">S\u00f8te dr\u00f8mmer.<\/p>\n<\/p>\n<p style=\"text-align: left;\">S\u00f8te dr\u00f8mmer.<\/p>\n","protected":false},"excerpt":{"rendered":"<p>Dr\u00f8mmefanger p\u00e5 engrossalg &#8211; Store brune element\u00e6r\u00e5nder, h\u00e5ndlaget med omsorg og kj\u00e6rlighet i landsbyer p\u00e5 Bali. Hvert stykke er et symbol p\u00e5 kunstnerskap og \u00e5ndelighet, designet for \u00e5 bringe skj\u00f8nnhet og positiv energi til ethvert rom. De naturlige brune tonene fremkaller en f\u00f8lelse av varme og jordn\u00e6rhet, noe som skaper en harmonisk blanding med enhver [&hellip;]<\/p>\n","protected":false},"featured_media":380911,"comment_status":"closed","ping_status":"open","template":"","meta":[],"product_brand":[],"product_cat":[8394,8395],"product_tag":[],"class_list":{"0":"post-208179","1":"product","2":"type-product","3":"status-publish","4":"has-post-thumbnail","6":"product_cat-hjem-og-hage","7":"product_cat-makrameer-og-drommefangere","8":"pa_collection-bali-natural-dream-catchers-vegan-friendly-no","9":"pa_made-in-indonesia","11":"first","12":"instock","13":"purchasable","14":"product-type-simple"},"supplier_id":null,"supplier_sku":"VDC-09","barcode":null,"atum_controlled":true,"out_stock_date":null,"out_stock_threshold":null,"inheritable":false,"inbound_stock":null,"stock_on_hold":0,"sold_today":0,"sales_last_days":0,"reserved_stock":null,"customer_returns":null,"warehouse_damage":null,"lost_in_post":null,"other_logs":null,"out_stock_days":0,"lost_sales":0,"has_location":null,"update_date":"2026-01-30T01:26:35","atum_locations":[],"atum_stock_status":"instock","restock_status":false,"low_stock_amount":"","sales_update_date":"2026-01-30T01:26:35","calc_backorders":null,"_links":{"self":[{"href":"https:\/\/aromasentia.com\/no\/wp-json\/wp\/v2\/product\/208179","targetHints":{"allow":["GET"]}}],"collection":[{"href":"https:\/\/aromasentia.com\/no\/wp-json\/wp\/v2\/product"}],"about":[{"href":"https:\/\/aromasentia.com\/no\/wp-json\/wp\/v2\/types\/product"}],"replies":[{"embeddable":true,"href":"https:\/\/aromasentia.com\/no\/wp-json\/wp\/v2\/comments?post=208179"}],"version-history":[{"count":0,"href":"https:\/\/aromasentia.com\/no\/wp-json\/wp\/v2\/product\/208179\/revisions"}],"wp:featuredmedia":[{"embeddable":true,"href":"https:\/\/aromasentia.com\/no\/wp-json\/wp\/v2\/media\/380911"}],"wp:attachment":[{"href":"https:\/\/aromasentia.com\/no\/wp-json\/wp\/v2\/media?parent=208179"}],"wp:term":[{"taxonomy":"product_brand","embeddable":true,"href":"https:\/\/aromasentia.com\/no\/wp-json\/wp\/v2\/product_brand?post=208179"},{"taxonomy":"product_cat","embeddable":true,"href":"https:\/\/aromasentia.com\/no\/wp-json\/wp\/v2\/product_cat?post=208179"},{"taxonomy":"product_tag","embeddable":true,"href":"https:\/\/aromasentia.com\/no\/wp-json\/wp\/v2\/product_tag?post=208179"}],"curies":[{"name":"wp","href":"https:\/\/api.w.org\/{rel}","templated":true}]}}