{"id":208161,"date":"2025-03-22T16:06:20","date_gmt":"2025-03-22T16:06:20","guid":{"rendered":"https:\/\/aromasentia.com\/product\/ergo-teak-pestal-morter-med\/"},"modified":"2025-05-31T04:44:35","modified_gmt":"2025-05-31T04:44:35","slug":"ergo-teaktre-pestal-morter-med","status":"publish","type":"product","link":"https:\/\/aromasentia.com\/no\/ergo-teaktre-pestal-morter-med\/","title":{"rendered":"Ergo Teaktre Pestal &#038; Morter Med"},"content":{"rendered":"<p> Engros Natural Teak Pestle &#038;; Mortar er ideell for daglig bruk.<\/p>\n<p>Lagret med kj\u00e6rlighet av teakved i hjertet av Bali-landsbyene fra n\u00f8ye forvaltede teakreserver. Teak eller Tectona grandis er hjemmeh\u00f8rende i hovedsakelig Indonesia, India, Malaysia, Thailand og Burma. Teak inneholder en olje som gj\u00f8r treet vannavst\u00f8tende, og den samme oljen beskytter teaken mot forr\u00e5tnelse, insekter og bakterier. Behandlet med bare litt omtanke kan den vare livet ut.<\/p>\n<p>Den vil v\u00e6re et flott tilskudd til dine kunders hjem.<\/p>\n<p>St\u00f8rrelse: 11 x 11,5 cm<\/p>\n<p>Stylte: 15 cm<\/p>\n<p><strong>Bestill n\u00e5 og gi kundene dine en unik teakst\u00f8t og morter.<\/strong><\/p>\n","protected":false},"excerpt":{"rendered":"<p>Engros Natural Teak Pestle &#038;; Mortar er ideell for daglig bruk. Lagret med kj\u00e6rlighet av teakved i hjertet av Bali-landsbyene fra n\u00f8ye forvaltede teakreserver. Teak eller Tectona grandis er hjemmeh\u00f8rende i hovedsakelig Indonesia, India, Malaysia, Thailand og Burma. Teak inneholder en olje som gj\u00f8r treet vannavst\u00f8tende, og den samme oljen beskytter teaken mot forr\u00e5tnelse, insekter [&hellip;]<\/p>\n","protected":false},"featured_media":380189,"comment_status":"closed","ping_status":"open","template":"","meta":{"_angie_page":false},"product_brand":[],"product_cat":[8394,10420],"product_tag":[],"class_list":{"0":"post-208161","1":"product","2":"type-product","3":"status-publish","4":"has-post-thumbnail","6":"product_cat-hjem-og-hage","7":"product_cat-kjokken-og-tilbehor","8":"pa_collection-ergo-teak-pestal-morter-no","9":"pa_made-in-indonesia","11":"first","12":"instock","13":"purchasable","14":"product-type-simple"},"supplier_id":null,"supplier_sku":"TPM-02","barcode":null,"atum_controlled":true,"out_stock_date":null,"out_stock_threshold":null,"inheritable":false,"inbound_stock":null,"stock_on_hold":0,"sold_today":0,"sales_last_days":0,"reserved_stock":null,"customer_returns":null,"warehouse_damage":null,"lost_in_post":null,"other_logs":null,"out_stock_days":0,"lost_sales":0,"has_location":null,"update_date":"2026-05-08T05:21:25","atum_locations":[],"atum_stock_status":"instock","restock_status":false,"low_stock_amount":"","sales_update_date":"2025-09-04T00:30:36","calc_backorders":null,"_links":{"self":[{"href":"https:\/\/aromasentia.com\/no\/wp-json\/wp\/v2\/product\/208161","targetHints":{"allow":["GET"]}}],"collection":[{"href":"https:\/\/aromasentia.com\/no\/wp-json\/wp\/v2\/product"}],"about":[{"href":"https:\/\/aromasentia.com\/no\/wp-json\/wp\/v2\/types\/product"}],"replies":[{"embeddable":true,"href":"https:\/\/aromasentia.com\/no\/wp-json\/wp\/v2\/comments?post=208161"}],"version-history":[{"count":0,"href":"https:\/\/aromasentia.com\/no\/wp-json\/wp\/v2\/product\/208161\/revisions"}],"wp:featuredmedia":[{"embeddable":true,"href":"https:\/\/aromasentia.com\/no\/wp-json\/wp\/v2\/media\/380189"}],"wp:attachment":[{"href":"https:\/\/aromasentia.com\/no\/wp-json\/wp\/v2\/media?parent=208161"}],"wp:term":[{"taxonomy":"product_brand","embeddable":true,"href":"https:\/\/aromasentia.com\/no\/wp-json\/wp\/v2\/product_brand?post=208161"},{"taxonomy":"product_cat","embeddable":true,"href":"https:\/\/aromasentia.com\/no\/wp-json\/wp\/v2\/product_cat?post=208161"},{"taxonomy":"product_tag","embeddable":true,"href":"https:\/\/aromasentia.com\/no\/wp-json\/wp\/v2\/product_tag?post=208161"}],"curies":[{"name":"wp","href":"https:\/\/api.w.org\/{rel}","templated":true}]}}