{"id":208159,"date":"2025-03-22T16:06:20","date_gmt":"2025-03-22T16:06:20","guid":{"rendered":"https:\/\/aromasentia.com\/product\/ergo-teak-pestal-morter-lrg\/"},"modified":"2025-05-31T04:44:30","modified_gmt":"2025-05-31T04:44:30","slug":"ergo-teaktre-pestal-morter-lrg","status":"publish","type":"product","link":"https:\/\/aromasentia.com\/no\/ergo-teaktre-pestal-morter-lrg\/","title":{"rendered":"Ergo Teaktre Pestal &#038; Morter Lrg"},"content":{"rendered":"<p> Engros Natural Teak Pestle &#038;; Mortar er ideell for daglig bruk.<\/p>\n<p>Lagret med kj\u00e6rlighet av teakved i hjertet av Bali-landsbyene fra n\u00f8ye forvaltede teakreserver. Teak eller Tectona grandis er hjemmeh\u00f8rende i hovedsakelig Indonesia, India, Malaysia, Thailand og Burma. Teak inneholder en olje som gj\u00f8r treet vannavst\u00f8tende, og det samme oljeinnholdet beskytter teaken mot forr\u00e5tnelse, insekter og bakterier. Behandlet med bare litt forsiktighet kan den vare livet ut.<\/p>\n<p>Den vil v\u00e6re et flott tillegg til dine kunders hjem.<\/p>\n<p>Mortarst\u00f8rrelse: 10.5 x 12 cm<\/p>\n<p>St\u00f8ttest\u00f8rrelse: 15 cm<\/p>\n<p><strong>Bestill n\u00e5 og gi kundene dine en unik teakst\u00f8t og morter.<\/strong><\/p>\n","protected":false},"excerpt":{"rendered":"<p>Engros Natural Teak Pestle &#038;; Mortar er ideell for daglig bruk. Lagret med kj\u00e6rlighet av teakved i hjertet av Bali-landsbyene fra n\u00f8ye forvaltede teakreserver. Teak eller Tectona grandis er hjemmeh\u00f8rende i hovedsakelig Indonesia, India, Malaysia, Thailand og Burma. Teak inneholder en olje som gj\u00f8r treet vannavst\u00f8tende, og det samme oljeinnholdet beskytter teaken mot forr\u00e5tnelse, insekter [&hellip;]<\/p>\n","protected":false},"featured_media":380123,"comment_status":"closed","ping_status":"open","template":"","meta":{"_angie_page":false},"product_brand":[],"product_cat":[8394,10420],"product_tag":[],"class_list":{"0":"post-208159","1":"product","2":"type-product","3":"status-publish","4":"has-post-thumbnail","6":"product_cat-hjem-og-hage","7":"product_cat-kjokken-og-tilbehor","8":"pa_collection-ergo-teak-pestal-morter-no","9":"pa_made-in-indonesia","11":"first","12":"instock","13":"purchasable","14":"product-type-simple"},"supplier_id":null,"supplier_sku":"TPM-01","barcode":null,"atum_controlled":true,"out_stock_date":null,"out_stock_threshold":null,"inheritable":false,"inbound_stock":null,"stock_on_hold":0,"sold_today":0,"sales_last_days":0,"reserved_stock":null,"customer_returns":null,"warehouse_damage":null,"lost_in_post":null,"other_logs":null,"out_stock_days":0,"lost_sales":0,"has_location":null,"update_date":"2026-05-08T05:21:25","atum_locations":[],"atum_stock_status":"instock","restock_status":false,"low_stock_amount":"","sales_update_date":"2025-09-04T00:30:36","calc_backorders":null,"_links":{"self":[{"href":"https:\/\/aromasentia.com\/no\/wp-json\/wp\/v2\/product\/208159","targetHints":{"allow":["GET"]}}],"collection":[{"href":"https:\/\/aromasentia.com\/no\/wp-json\/wp\/v2\/product"}],"about":[{"href":"https:\/\/aromasentia.com\/no\/wp-json\/wp\/v2\/types\/product"}],"replies":[{"embeddable":true,"href":"https:\/\/aromasentia.com\/no\/wp-json\/wp\/v2\/comments?post=208159"}],"version-history":[{"count":0,"href":"https:\/\/aromasentia.com\/no\/wp-json\/wp\/v2\/product\/208159\/revisions"}],"wp:featuredmedia":[{"embeddable":true,"href":"https:\/\/aromasentia.com\/no\/wp-json\/wp\/v2\/media\/380123"}],"wp:attachment":[{"href":"https:\/\/aromasentia.com\/no\/wp-json\/wp\/v2\/media?parent=208159"}],"wp:term":[{"taxonomy":"product_brand","embeddable":true,"href":"https:\/\/aromasentia.com\/no\/wp-json\/wp\/v2\/product_brand?post=208159"},{"taxonomy":"product_cat","embeddable":true,"href":"https:\/\/aromasentia.com\/no\/wp-json\/wp\/v2\/product_cat?post=208159"},{"taxonomy":"product_tag","embeddable":true,"href":"https:\/\/aromasentia.com\/no\/wp-json\/wp\/v2\/product_tag?post=208159"}],"curies":[{"name":"wp","href":"https:\/\/api.w.org\/{rel}","templated":true}]}}