{"id":208153,"date":"2025-03-22T16:06:20","date_gmt":"2025-03-22T16:06:20","guid":{"rendered":"https:\/\/aromasentia.com\/product\/money-cat-teapot-set-two-cups-travel-pack-red\/"},"modified":"2025-05-31T04:44:16","modified_gmt":"2025-05-31T04:44:16","slug":"money-cat-tekanne-sett-to-kopper-reisepakke-rod","status":"publish","type":"product","link":"https:\/\/aromasentia.com\/no\/money-cat-tekanne-sett-to-kopper-reisepakke-rod\/","title":{"rendered":"Money Cat Tekanne Sett &#8211; To Kopper &#8211; Reisepakke &#8211; R\u00f8d"},"content":{"rendered":"<p><span style=\"color: rgb(75, 80, 88);\">Fang oppmerksomheten og fortryll te-entusiaster med v\u00e5rt herlige Money Cat-tekannesett. Denne sjarmerende kolleksjonen har en s\u00e6regent designet tekanne og to matchende kopper, alt vakkert presentert i et stilig reiseetui.<\/span><\/p>\n<p><span style=\"color: rgb(75, 80, 88);\">Tekannen har en livlig r\u00f8d farge med et elegant gyllent pengem\u00f8nster, som representerer rikdom og positiv formue. Med sin ergonomiske tut og lokk garanterer den en feilfri helleopplevelse. Hver kopp er utsmykket med et sjarmerende katteansikt, og n\u00e5r de stables opp\u00e5 tekannen, skaper de det finurlige utseendet til en pengekatt, noe som gir settet en morsom og leken stemning.<\/span><\/p>\n<p><span style=\"color: rgb(75, 80, 88);\">Settet inneholder:<\/span><\/p>\n<ul>\n<li><span style=\"color: rgb(75, 80, 88);\">1x Tekanne<\/span><\/li>\n<li><span style=\"color: rgb(75, 80, 88);\">2x Tekopper<\/span><\/li>\n<li><span style=\"color: rgb(75, 80, 88);\">1x Reiseetui<\/span><\/li>\n<\/ul>\n<p><span style=\"color: rgb(75, 80, 88);\">Produktspesifikasjoner:<\/span><\/p>\n<ul>\n<li><span style=\"color: rgb(75, 80, 88);\">Materiale: Keramikk (h\u00e5ndvaskes anbefalt)<\/span><\/li>\n<li><span style=\"color: rgb(75, 80, 88);\">Tekannekapasitet: Ca. 200 ml (6,8 fluid ounces)<\/span><\/li>\n<li><span style=\"color: rgb(75, 80, 88);\">Liten koppkapasitet: Ca. 80 ml (2,7 fluid ounces)<\/span><\/li>\n<li><span style=\"color: rgb(75, 80, 88);\">Stor koppkapasitet: Ca. 120 ml (4,0 fluid ounces)<\/span><\/li>\n<li><span style=\"color: rgb(75, 80, 88);\">T\u00e5ler oppvaskmaskin: Anbefales ikke<\/span><\/li>\n<li><span style=\"color: rgb(75, 80, 88);\">Mikrob\u00f8lgeovnssikker: Anbefales ikke<\/span><\/li>\n<\/ul>\n<p><span style=\"color: rgb(75, 80, 88);\">Fyll opp lageret n\u00e5 for \u00e5 tilby kundene dine en sjarmerende teopplevelse de vil sette pris p\u00e5!<\/span><\/p>\n","protected":false},"excerpt":{"rendered":"<p>Fang oppmerksomheten og fortryll te-entusiaster med v\u00e5rt herlige Money Cat-tekannesett. Denne sjarmerende kolleksjonen har en s\u00e6regent designet tekanne og to matchende kopper, alt vakkert presentert i et stilig reiseetui. Tekannen har en livlig r\u00f8d farge med et elegant gyllent pengem\u00f8nster, som representerer rikdom og positiv formue. Med sin ergonomiske tut og lokk garanterer den en [&hellip;]<\/p>\n","protected":false},"featured_media":379885,"comment_status":"closed","ping_status":"open","template":"","meta":{"_angie_page":false},"product_brand":[],"product_cat":[8394,10420,8541,26716],"product_tag":[],"class_list":{"0":"post-208153","1":"product","2":"type-product","3":"status-publish","4":"has-post-thumbnail","6":"product_cat-hjem-og-hage","7":"product_cat-kjokken-og-tilbehor","8":"product_cat-te-og-teutstyr","9":"product_cat-tekanner-og-tekopper","10":"pa_collection-herbal-teapot-sets-no","11":"pa_made-in-kina","13":"first","14":"instock","15":"purchasable","16":"product-type-simple"},"supplier_id":null,"supplier_sku":"TeaP-29","barcode":null,"atum_controlled":true,"out_stock_date":null,"out_stock_threshold":null,"inheritable":false,"inbound_stock":null,"stock_on_hold":0,"sold_today":0,"sales_last_days":0,"reserved_stock":null,"customer_returns":null,"warehouse_damage":null,"lost_in_post":null,"other_logs":null,"out_stock_days":0,"lost_sales":0,"has_location":null,"update_date":"2026-04-27T07:24:30","atum_locations":[],"atum_stock_status":"instock","restock_status":false,"low_stock_amount":"","sales_update_date":"2026-02-06T00:01:56","calc_backorders":null,"_links":{"self":[{"href":"https:\/\/aromasentia.com\/no\/wp-json\/wp\/v2\/product\/208153","targetHints":{"allow":["GET"]}}],"collection":[{"href":"https:\/\/aromasentia.com\/no\/wp-json\/wp\/v2\/product"}],"about":[{"href":"https:\/\/aromasentia.com\/no\/wp-json\/wp\/v2\/types\/product"}],"replies":[{"embeddable":true,"href":"https:\/\/aromasentia.com\/no\/wp-json\/wp\/v2\/comments?post=208153"}],"version-history":[{"count":0,"href":"https:\/\/aromasentia.com\/no\/wp-json\/wp\/v2\/product\/208153\/revisions"}],"wp:featuredmedia":[{"embeddable":true,"href":"https:\/\/aromasentia.com\/no\/wp-json\/wp\/v2\/media\/379885"}],"wp:attachment":[{"href":"https:\/\/aromasentia.com\/no\/wp-json\/wp\/v2\/media?parent=208153"}],"wp:term":[{"taxonomy":"product_brand","embeddable":true,"href":"https:\/\/aromasentia.com\/no\/wp-json\/wp\/v2\/product_brand?post=208153"},{"taxonomy":"product_cat","embeddable":true,"href":"https:\/\/aromasentia.com\/no\/wp-json\/wp\/v2\/product_cat?post=208153"},{"taxonomy":"product_tag","embeddable":true,"href":"https:\/\/aromasentia.com\/no\/wp-json\/wp\/v2\/product_tag?post=208153"}],"curies":[{"name":"wp","href":"https:\/\/api.w.org\/{rel}","templated":true}]}}