{"id":208152,"date":"2025-03-22T16:06:20","date_gmt":"2025-03-22T16:06:20","guid":{"rendered":"https:\/\/aromasentia.com\/product\/travel-ceramic-teapot-set-three-friends-travel-pack\/"},"modified":"2025-05-31T04:44:12","modified_gmt":"2025-05-31T04:44:12","slug":"reisekanne-i-keramikk-tre-venner-reisepakke","status":"publish","type":"product","link":"https:\/\/aromasentia.com\/no\/reisekanne-i-keramikk-tre-venner-reisepakke\/","title":{"rendered":"Reisekanne I Keramikk &#8211; Tre Venner &#8211; Reisepakke"},"content":{"rendered":"<p><span style=\"color: rgb(75, 80, 88);\">Opplev den perfekte kombinasjonen av eleganse og b\u00e6rbarhet med v\u00e5rt reisetekannesett i keramisk stil \u2013 Three Friends \u2013 reisepakke. Dette sofistikerte settet er ideelt for teelskere som elsker \u00e5 nyte favorittblandingene sine uansett hvor de er.<\/span><\/p>\n<p><span style=\"color: rgb(75, 80, 88);\">Tekannen har et moderne design med en elegant hvit-til-svart gradientfinish, komplementert av et treb\u00e5nd som gir b\u00e5de stil og et komfortabelt grep. Den ergonomiske tuten er laget for en jevn og enkel helling. Med en avtakbar teinfuser er det enkelt \u00e5 brygge l\u00f8se teblader, og rengj\u00f8ringen er en lek. Settet inneholder tre minimalistiske kopper med matchende svart-hvitt gradert utside, noe som skaper et helhetlig utseende med tekannen.<\/span><\/p>\n<p><span style=\"color: rgb(75, 80, 88);\">Settet inneholder:<\/span><\/p>\n<ul>\n<li><span style=\"color: rgb(75, 80, 88);\">1x Tekanne med teinfuser<\/span><\/li>\n<li><span style=\"color: rgb(75, 80, 88);\">3x Tekopper<\/span><\/li>\n<li><span style=\"color: rgb(75, 80, 88);\">1x Reiseetui<\/span><\/li>\n<\/ul>\n<p><span style=\"color: rgb(75, 80, 88);\">Produktspesifikasjoner:<\/span><\/p>\n<ul>\n<li><span style=\"color: rgb(75, 80, 88);\">Materiale: Keramikk (h\u00e5ndvask anbefales)<\/span><\/li>\n<li><span style=\"color: rgb(75, 80, 88);\">Tekannekapasitet: 350 ml (11,8 fluid ounces)<\/span><\/li>\n<li><span style=\"color: rgb(75, 80, 88);\">Koppkapasitet: 50 ml (1,7 fluid ounces)<\/span><\/li>\n<li><span style=\"color: rgb(75, 80, 88);\">T\u00e5ler oppvaskmaskin: Anbefales ikke<\/span><\/li>\n<li><span style=\"color: rgb(75, 80, 88);\">Mikrob\u00f8lgeovnsikker: Anbefales ikke<\/span><\/li>\n<\/ul>\n<p><span style=\"color: rgb(75, 80, 88);\">Fyll opp lageret i dag for \u00e5 tilby kundene dine en herlig teopplevelse de kan nyte p\u00e5 farten!<\/span><\/p>\n","protected":false},"excerpt":{"rendered":"<p>Opplev den perfekte kombinasjonen av eleganse og b\u00e6rbarhet med v\u00e5rt reisetekannesett i keramisk stil \u2013 Three Friends \u2013 reisepakke. Dette sofistikerte settet er ideelt for teelskere som elsker \u00e5 nyte favorittblandingene sine uansett hvor de er. Tekannen har et moderne design med en elegant hvit-til-svart gradientfinish, komplementert av et treb\u00e5nd som gir b\u00e5de stil og [&hellip;]<\/p>\n","protected":false},"featured_media":379844,"comment_status":"closed","ping_status":"open","template":"","meta":{"_angie_page":false},"product_brand":[],"product_cat":[8394,10420,8541,26716],"product_tag":[],"class_list":{"0":"post-208152","1":"product","2":"type-product","3":"status-publish","4":"has-post-thumbnail","6":"product_cat-hjem-og-hage","7":"product_cat-kjokken-og-tilbehor","8":"product_cat-te-og-teutstyr","9":"product_cat-tekanner-og-tekopper","10":"pa_collection-herbal-teapot-sets-no","11":"pa_made-in-kina","13":"first","14":"instock","15":"purchasable","16":"product-type-simple"},"supplier_id":null,"supplier_sku":"TeaP-28","barcode":null,"atum_controlled":true,"out_stock_date":null,"out_stock_threshold":null,"inheritable":false,"inbound_stock":null,"stock_on_hold":0,"sold_today":0,"sales_last_days":0,"reserved_stock":null,"customer_returns":null,"warehouse_damage":null,"lost_in_post":null,"other_logs":null,"out_stock_days":0,"lost_sales":0,"has_location":null,"update_date":"2026-04-27T07:24:30","atum_locations":[],"atum_stock_status":"instock","restock_status":false,"low_stock_amount":"","sales_update_date":"2026-01-30T01:24:46","calc_backorders":null,"_links":{"self":[{"href":"https:\/\/aromasentia.com\/no\/wp-json\/wp\/v2\/product\/208152","targetHints":{"allow":["GET"]}}],"collection":[{"href":"https:\/\/aromasentia.com\/no\/wp-json\/wp\/v2\/product"}],"about":[{"href":"https:\/\/aromasentia.com\/no\/wp-json\/wp\/v2\/types\/product"}],"replies":[{"embeddable":true,"href":"https:\/\/aromasentia.com\/no\/wp-json\/wp\/v2\/comments?post=208152"}],"version-history":[{"count":0,"href":"https:\/\/aromasentia.com\/no\/wp-json\/wp\/v2\/product\/208152\/revisions"}],"wp:featuredmedia":[{"embeddable":true,"href":"https:\/\/aromasentia.com\/no\/wp-json\/wp\/v2\/media\/379844"}],"wp:attachment":[{"href":"https:\/\/aromasentia.com\/no\/wp-json\/wp\/v2\/media?parent=208152"}],"wp:term":[{"taxonomy":"product_brand","embeddable":true,"href":"https:\/\/aromasentia.com\/no\/wp-json\/wp\/v2\/product_brand?post=208152"},{"taxonomy":"product_cat","embeddable":true,"href":"https:\/\/aromasentia.com\/no\/wp-json\/wp\/v2\/product_cat?post=208152"},{"taxonomy":"product_tag","embeddable":true,"href":"https:\/\/aromasentia.com\/no\/wp-json\/wp\/v2\/product_tag?post=208152"}],"curies":[{"name":"wp","href":"https:\/\/api.w.org\/{rel}","templated":true}]}}